{"id":8009,"date":"2026-01-23T17:53:39","date_gmt":"2026-01-23T14:53:39","guid":{"rendered":"https:\/\/www.polymex.com.tr\/?post_type=product&#038;p=8009"},"modified":"2026-01-23T18:14:56","modified_gmt":"2026-01-23T15:14:56","slug":"polymex-p-3031-epoksi-elektrik-yalitim-dokum-recinesi","status":"publish","type":"product","link":"https:\/\/www.polymex.com.tr\/en\/product-2\/polymex-p-3031-epoksi-elektrik-yalitim-dokum-recinesi\/","title":{"rendered":"Polymex P-3031 Epoksi Elektrik Yal\u0131t\u0131m D\u00f6k\u00fcm Re\u00e7inesi"},"content":{"rendered":"\u0130yi elektriksel ve mekanik \u00f6zellikler, d\u00fc\u015f\u00fck b\u00fcz\u00fclme ve d\u00fc\u015f\u00fck eksotermik pik g\u00f6sterir.\u00a0Sistem Rohs ve REACH uyumludur ve halojenler ve \u00e7\u00f6z\u00fcc\u00fcler i\u00e7ermez.","protected":false},"excerpt":{"rendered":"<p>Polymex-A-3031-B-3031- inorganik dolgu maddeleri, epoksi sistemi ile doldurulmu\u015f iki bile\u015fenli modifiye kendinden k\u00fcrlenen s\u0131v\u0131d\u0131r.<\/p>","protected":false},"featured_media":7477,"comment_status":"open","ping_status":"closed","template":"","meta":{"_acf_changed":false},"product_brand":[],"product_cat":[57,518],"product_tag":[520,519],"class_list":{"0":"post-8009","1":"product","2":"type-product","3":"status-publish","4":"has-post-thumbnail","6":"product_cat-elektrik-izolasyon-ve-dokum-recineleri","7":"product_cat-epoksi-poliuretan-dokum-recineleri","8":"product_tag-epoksi-elektrik-yalitim-dokum-recinesi","9":"product_tag-p-3031","11":"first","12":"instock","13":"taxable","14":"shipping-taxable","15":"product-type-simple"},"acf":[],"_links":{"self":[{"href":"https:\/\/www.polymex.com.tr\/en\/wp-json\/wp\/v2\/product\/8009","targetHints":{"allow":["GET"]}}],"collection":[{"href":"https:\/\/www.polymex.com.tr\/en\/wp-json\/wp\/v2\/product"}],"about":[{"href":"https:\/\/www.polymex.com.tr\/en\/wp-json\/wp\/v2\/types\/product"}],"replies":[{"embeddable":true,"href":"https:\/\/www.polymex.com.tr\/en\/wp-json\/wp\/v2\/comments?post=8009"}],"version-history":[{"count":1,"href":"https:\/\/www.polymex.com.tr\/en\/wp-json\/wp\/v2\/product\/8009\/revisions"}],"predecessor-version":[{"id":8010,"href":"https:\/\/www.polymex.com.tr\/en\/wp-json\/wp\/v2\/product\/8009\/revisions\/8010"}],"wp:featuredmedia":[{"embeddable":true,"href":"https:\/\/www.polymex.com.tr\/en\/wp-json\/wp\/v2\/media\/7477"}],"wp:attachment":[{"href":"https:\/\/www.polymex.com.tr\/en\/wp-json\/wp\/v2\/media?parent=8009"}],"wp:term":[{"taxonomy":"product_brand","embeddable":true,"href":"https:\/\/www.polymex.com.tr\/en\/wp-json\/wp\/v2\/product_brand?post=8009"},{"taxonomy":"product_cat","embeddable":true,"href":"https:\/\/www.polymex.com.tr\/en\/wp-json\/wp\/v2\/product_cat?post=8009"},{"taxonomy":"product_tag","embeddable":true,"href":"https:\/\/www.polymex.com.tr\/en\/wp-json\/wp\/v2\/product_tag?post=8009"}],"curies":[{"name":"wp","href":"https:\/\/api.w.org\/{rel}","templated":true}]}}