{"id":7969,"date":"2025-10-15T11:27:35","date_gmt":"2025-10-15T08:27:35","guid":{"rendered":"https:\/\/www.polymex.com.tr\/?post_type=product&#038;p=7969"},"modified":"2025-10-15T11:31:36","modified_gmt":"2025-10-15T08:31:36","slug":"polymex-p-1028-tek-bilesenli-enjeksiyon-izolasyon-malzemesi","status":"publish","type":"product","link":"https:\/\/www.polymex.com.tr\/en\/product-2\/polymex-p-1028-tek-bilesenli-enjeksiyon-izolasyon-malzemesi\/","title":{"rendered":"Polymex P-1028 Tek Bile\u015fenli Enjeksiyon \u0130zolasyon Malzemesi"},"content":{"rendered":"Polymex \u00e7atlaklar\u0131n, bo\u015fluklar\u0131n ve yar\u0131klar\u0131n s\u0131zd\u0131rmazl\u0131\u011f\u0131nda kal\u0131c\u0131 su yal\u0131t\u0131m\u0131 i\u00e7in kullan\u0131ma haz\u0131r, tek bile\u015fenli, poli\u00fcretan esasl\u0131 k\u0131smen esnek, \u00e7atlak k\u00f6pr\u00fcs\u00fc kurabilen enjeksiyon k\u00f6p\u00fck re\u00e7inesi enjeksiyon yal\u0131t\u0131m malzemesidir. Tek Bile\u015fenli Enjeksiyon \u0130zolasyon Malzemesi.\u00c7atlaklar\u0131n s\u0131zd\u0131rmazl\u0131\u011f\u0131nda kal\u0131c\u0131 su yal\u0131t\u0131m\u0131 i\u00e7in tek bile\u015fenli, poli\u00fcretan esasl\u0131, k\u0131smen esnek, enjeksiyon k\u00f6p\u00fck re\u00e7inesidir.\r\n\r\n&nbsp;","protected":false},"excerpt":{"rendered":"<p>\u00c7atlaklar\u0131n, bo\u015fluklar\u0131n ve yar\u0131klar\u0131n s\u0131zd\u0131rmazl\u0131\u011f\u0131nda kal\u0131c\u0131 su yal\u0131t\u0131m\u0131 i\u00e7in kullan\u0131ma haz\u0131r, tek bile\u015fenli, poli\u00fcretan esasl\u0131 k\u0131smen esnek, enjeksiyon k\u00f6p\u00fck re\u00e7inesi enjeksiyon yal\u0131t\u0131mmalzemesidir.<\/p>","protected":false},"featured_media":7970,"comment_status":"closed","ping_status":"closed","template":"","meta":{"_acf_changed":false},"product_brand":[],"product_cat":[387],"product_tag":[],"class_list":{"0":"post-7969","1":"product","2":"type-product","3":"status-publish","4":"has-post-thumbnail","6":"product_cat-enjeksiyon-guclendirme-sistemleri","8":"first","9":"instock","10":"taxable","11":"shipping-taxable","12":"product-type-simple"},"acf":[],"_links":{"self":[{"href":"https:\/\/www.polymex.com.tr\/en\/wp-json\/wp\/v2\/product\/7969","targetHints":{"allow":["GET"]}}],"collection":[{"href":"https:\/\/www.polymex.com.tr\/en\/wp-json\/wp\/v2\/product"}],"about":[{"href":"https:\/\/www.polymex.com.tr\/en\/wp-json\/wp\/v2\/types\/product"}],"replies":[{"embeddable":true,"href":"https:\/\/www.polymex.com.tr\/en\/wp-json\/wp\/v2\/comments?post=7969"}],"version-history":[{"count":0,"href":"https:\/\/www.polymex.com.tr\/en\/wp-json\/wp\/v2\/product\/7969\/revisions"}],"wp:featuredmedia":[{"embeddable":true,"href":"https:\/\/www.polymex.com.tr\/en\/wp-json\/wp\/v2\/media\/7970"}],"wp:attachment":[{"href":"https:\/\/www.polymex.com.tr\/en\/wp-json\/wp\/v2\/media?parent=7969"}],"wp:term":[{"taxonomy":"product_brand","embeddable":true,"href":"https:\/\/www.polymex.com.tr\/en\/wp-json\/wp\/v2\/product_brand?post=7969"},{"taxonomy":"product_cat","embeddable":true,"href":"https:\/\/www.polymex.com.tr\/en\/wp-json\/wp\/v2\/product_cat?post=7969"},{"taxonomy":"product_tag","embeddable":true,"href":"https:\/\/www.polymex.com.tr\/en\/wp-json\/wp\/v2\/product_tag?post=7969"}],"curies":[{"name":"wp","href":"https:\/\/api.w.org\/{rel}","templated":true}]}}