{"id":7938,"date":"2025-09-10T13:02:18","date_gmt":"2025-09-10T10:02:18","guid":{"rendered":"https:\/\/www.polymex.com.tr\/?post_type=product&#038;p=7938"},"modified":"2025-09-10T13:02:19","modified_gmt":"2025-09-10T10:02:19","slug":"p-5006-asit-ve-kimyasallara-dayanikli-novalak-vinilester-epoksi","status":"publish","type":"product","link":"https:\/\/www.polymex.com.tr\/en\/product-2\/p-5006-asit-ve-kimyasallara-dayanikli-novalak-vinilester-epoksi\/","title":{"rendered":"P-5006 Asit ve Kimyasallara Dayan\u0131kl\u0131 Novalak Vinilester Epoksi"},"content":{"rendered":"","protected":false},"excerpt":{"rendered":"<p>P-5006-Asitlere dayan\u0131kl\u0131 Novalak Vinil ester epoksi re\u00e7ine esasl\u0131 solventsiz zemin kaplama\u00a0 ve beton kaplama\u00a0 dolgu malzemesidir. Beton zeminler i\u00e7in 1,5 \u2013 2,0 \u2013 3,0 \u2013 4,0 mm kal\u0131nl\u0131\u011f\u0131nda renkli ve y\u00fczeyi hafif desenli ya da p\u00fcr\u00fczl\u00fc end\u00fcstriyel kullan\u0131m ama\u00e7l\u0131 Solventsiz Epoxy zemin kaplama malzemesidir.\u00a0Fiziksel ve kimyasal t\u00fcm etkilere kar\u015f\u0131 dayan\u0131kl\u0131, kolay temizlenen, hijyenik, toz tutmayan a\u011f\u0131r y\u00fcklerin ve yo\u011fun trafi\u011fin bulundu\u011fu zeminlerde kullan\u0131l\u0131r.<\/p>","protected":false},"featured_media":7939,"comment_status":"closed","ping_status":"closed","template":"","meta":{"_acf_changed":false},"product_brand":[],"product_cat":[490],"product_tag":[],"class_list":{"0":"post-7938","1":"product","2":"type-product","3":"status-publish","4":"has-post-thumbnail","6":"product_cat-kimyasallara-dayanikli-epoksi-kaplamalar","8":"first","9":"instock","10":"taxable","11":"shipping-taxable","12":"product-type-simple"},"acf":[],"_links":{"self":[{"href":"https:\/\/www.polymex.com.tr\/en\/wp-json\/wp\/v2\/product\/7938","targetHints":{"allow":["GET"]}}],"collection":[{"href":"https:\/\/www.polymex.com.tr\/en\/wp-json\/wp\/v2\/product"}],"about":[{"href":"https:\/\/www.polymex.com.tr\/en\/wp-json\/wp\/v2\/types\/product"}],"replies":[{"embeddable":true,"href":"https:\/\/www.polymex.com.tr\/en\/wp-json\/wp\/v2\/comments?post=7938"}],"version-history":[{"count":0,"href":"https:\/\/www.polymex.com.tr\/en\/wp-json\/wp\/v2\/product\/7938\/revisions"}],"wp:featuredmedia":[{"embeddable":true,"href":"https:\/\/www.polymex.com.tr\/en\/wp-json\/wp\/v2\/media\/7939"}],"wp:attachment":[{"href":"https:\/\/www.polymex.com.tr\/en\/wp-json\/wp\/v2\/media?parent=7938"}],"wp:term":[{"taxonomy":"product_brand","embeddable":true,"href":"https:\/\/www.polymex.com.tr\/en\/wp-json\/wp\/v2\/product_brand?post=7938"},{"taxonomy":"product_cat","embeddable":true,"href":"https:\/\/www.polymex.com.tr\/en\/wp-json\/wp\/v2\/product_cat?post=7938"},{"taxonomy":"product_tag","embeddable":true,"href":"https:\/\/www.polymex.com.tr\/en\/wp-json\/wp\/v2\/product_tag?post=7938"}],"curies":[{"name":"wp","href":"https:\/\/api.w.org\/{rel}","templated":true}]}}