{"id":7934,"date":"2025-09-10T12:05:45","date_gmt":"2025-09-10T09:05:45","guid":{"rendered":"https:\/\/www.polymex.com.tr\/?post_type=product&#038;p=7934"},"modified":"2025-09-10T12:05:46","modified_gmt":"2025-09-10T09:05:46","slug":"p-2050-epoksi-celik-metal-boyasi-asit-ve-kimyasallara-dayanikli-novalak-vinilester-epoksi-boyasi","status":"publish","type":"product","link":"https:\/\/www.polymex.com.tr\/en\/product-2\/p-2050-epoksi-celik-metal-boyasi-asit-ve-kimyasallara-dayanikli-novalak-vinilester-epoksi-boyasi\/","title":{"rendered":"P-2050 Epoksi \u00c7elik Metal Boyas\u0131 Asit ve Kimyasallara Dayan\u0131kl\u0131 Novalak Vinilester Epoksi Boyas\u0131"},"content":{"rendered":"","protected":false},"excerpt":{"rendered":"<p>Demir metal sa\u00e7 Zemin duvar tavan \u00a0boyas\u0131d\u0131r. Renkli ve y\u00fczeyi hafif desenli ya da p\u00fcr\u00fczl\u00fc end\u00fcstriyel kullan\u0131m ama\u00e7l\u0131 Solventli Epoxy boya kaplama malzemesidir.\u00a0Fiziksel ve kimyasal t\u00fcm etkilere kar\u015f\u0131 dayan\u0131kl\u0131, kolay temizlenen, hijyenik, toz tutmayan a\u011f\u0131r y\u00fcklerin ve yo\u011fun trafi\u011fin bulundu\u011fu zeminlerde y\u00fczeylerde \u00a0kullan\u0131l\u0131r.<\/p>","protected":false},"featured_media":7935,"comment_status":"closed","ping_status":"closed","template":"","meta":{"_acf_changed":false},"product_brand":[],"product_cat":[490],"product_tag":[],"class_list":{"0":"post-7934","1":"product","2":"type-product","3":"status-publish","4":"has-post-thumbnail","6":"product_cat-kimyasallara-dayanikli-epoksi-kaplamalar","8":"first","9":"instock","10":"taxable","11":"shipping-taxable","12":"product-type-simple"},"acf":[],"_links":{"self":[{"href":"https:\/\/www.polymex.com.tr\/en\/wp-json\/wp\/v2\/product\/7934","targetHints":{"allow":["GET"]}}],"collection":[{"href":"https:\/\/www.polymex.com.tr\/en\/wp-json\/wp\/v2\/product"}],"about":[{"href":"https:\/\/www.polymex.com.tr\/en\/wp-json\/wp\/v2\/types\/product"}],"replies":[{"embeddable":true,"href":"https:\/\/www.polymex.com.tr\/en\/wp-json\/wp\/v2\/comments?post=7934"}],"version-history":[{"count":0,"href":"https:\/\/www.polymex.com.tr\/en\/wp-json\/wp\/v2\/product\/7934\/revisions"}],"wp:featuredmedia":[{"embeddable":true,"href":"https:\/\/www.polymex.com.tr\/en\/wp-json\/wp\/v2\/media\/7935"}],"wp:attachment":[{"href":"https:\/\/www.polymex.com.tr\/en\/wp-json\/wp\/v2\/media?parent=7934"}],"wp:term":[{"taxonomy":"product_brand","embeddable":true,"href":"https:\/\/www.polymex.com.tr\/en\/wp-json\/wp\/v2\/product_brand?post=7934"},{"taxonomy":"product_cat","embeddable":true,"href":"https:\/\/www.polymex.com.tr\/en\/wp-json\/wp\/v2\/product_cat?post=7934"},{"taxonomy":"product_tag","embeddable":true,"href":"https:\/\/www.polymex.com.tr\/en\/wp-json\/wp\/v2\/product_tag?post=7934"}],"curies":[{"name":"wp","href":"https:\/\/api.w.org\/{rel}","templated":true}]}}