{"id":7921,"date":"2025-09-10T10:55:15","date_gmt":"2025-09-10T07:55:15","guid":{"rendered":"https:\/\/www.polymex.com.tr\/?post_type=product&#038;p=7921"},"modified":"2025-09-10T10:55:16","modified_gmt":"2025-09-10T07:55:16","slug":"p-5079-su-bazli-akrilik-seffaf-tas-cakil-kabuk-baglayici","status":"publish","type":"product","link":"https:\/\/www.polymex.com.tr\/en\/product-2\/p-5079-su-bazli-akrilik-seffaf-tas-cakil-kabuk-baglayici\/","title":{"rendered":"P-5079 Su Bazl\u0131 Akrilik \u015eeffaf Ta\u015f \u00c7ak\u0131l Kabuk Ba\u011flay\u0131c\u0131"},"content":{"rendered":"Akrilik Re\u00e7ine Esasl\u0131 \u015eeffaf Ba\u011flay\u0131c\u0131; su bazl\u0131, tek bile\u015fenli, \u015feffaf yap\u0131da bir ba\u011flay\u0131c\u0131 olup k\u00fc\u00e7\u00fck ta\u015f par\u00e7alar\u0131, \u00e7ak\u0131l, dekoratif mozaikler gibi agregalar\u0131n bir arada tutturulmas\u0131nda kullan\u0131lan \u00f6zel bir \u00fcr\u00fcnd\u00fcr. Y\u00fcksek yap\u0131\u015fma g\u00fcc\u00fc, y\u00fczeyle uyumu ve \u015feffaf yap\u0131s\u0131 sayesinde \u00f6zellikle ta\u015f hal\u0131, do\u011fal ta\u015f dekoratif y\u00fczey\u00a0uygulamalar\u0131nda tercih edilir. Kurudu\u011funda renksiz kal\u0131r ve zeminin do\u011fal dokusunu korur.","protected":false},"excerpt":{"rendered":"<p>Dekorasyon amac\u0131yla peyzaj \u00e7al\u0131\u015fmalar\u0131nda zeminlere serilen ta\u015f, \u00e7ak\u0131l, kabuk gibi par\u00e7ac\u0131kl\u0131 \u00fcr\u00fcnlerin zamanla da\u011f\u0131l\u0131p bozulmas\u0131n\u0131 engelleyen, bir arada tutan, su emmesini ve alttan \u00e7\u0131kacak yabani otlar\u0131nda b\u00fcy\u00fcmesini azaltan, daha canl\u0131 ve renkli g\u00f6z\u00fckmesini sa\u011flayan su bazl\u0131, ba\u011flay\u0131c\u0131d\u0131r.<\/p>","protected":false},"featured_media":7922,"comment_status":"closed","ping_status":"closed","template":"","meta":{"_acf_changed":false},"product_brand":[],"product_cat":[384],"product_tag":[489],"class_list":{"0":"post-7921","1":"product","2":"type-product","3":"status-publish","4":"has-post-thumbnail","6":"product_cat-tas-hali-zemin-kaplama-sistemleri","7":"product_tag-su-bazli-akrilik-seffaf-tas-cakil-kabuk-baglayici","9":"first","10":"instock","11":"taxable","12":"shipping-taxable","13":"product-type-simple"},"acf":[],"_links":{"self":[{"href":"https:\/\/www.polymex.com.tr\/en\/wp-json\/wp\/v2\/product\/7921","targetHints":{"allow":["GET"]}}],"collection":[{"href":"https:\/\/www.polymex.com.tr\/en\/wp-json\/wp\/v2\/product"}],"about":[{"href":"https:\/\/www.polymex.com.tr\/en\/wp-json\/wp\/v2\/types\/product"}],"replies":[{"embeddable":true,"href":"https:\/\/www.polymex.com.tr\/en\/wp-json\/wp\/v2\/comments?post=7921"}],"version-history":[{"count":0,"href":"https:\/\/www.polymex.com.tr\/en\/wp-json\/wp\/v2\/product\/7921\/revisions"}],"wp:featuredmedia":[{"embeddable":true,"href":"https:\/\/www.polymex.com.tr\/en\/wp-json\/wp\/v2\/media\/7922"}],"wp:attachment":[{"href":"https:\/\/www.polymex.com.tr\/en\/wp-json\/wp\/v2\/media?parent=7921"}],"wp:term":[{"taxonomy":"product_brand","embeddable":true,"href":"https:\/\/www.polymex.com.tr\/en\/wp-json\/wp\/v2\/product_brand?post=7921"},{"taxonomy":"product_cat","embeddable":true,"href":"https:\/\/www.polymex.com.tr\/en\/wp-json\/wp\/v2\/product_cat?post=7921"},{"taxonomy":"product_tag","embeddable":true,"href":"https:\/\/www.polymex.com.tr\/en\/wp-json\/wp\/v2\/product_tag?post=7921"}],"curies":[{"name":"wp","href":"https:\/\/api.w.org\/{rel}","templated":true}]}}