{"id":7901,"date":"2025-08-11T16:23:42","date_gmt":"2025-08-11T13:23:42","guid":{"rendered":"https:\/\/www.polymex.com.tr\/?post_type=product&#038;p=7901"},"modified":"2025-08-11T16:23:43","modified_gmt":"2025-08-11T13:23:43","slug":"clk-55-epoksi-kalip-dokum-recinesi","status":"publish","type":"product","link":"https:\/\/www.polymex.com.tr\/en\/product-2\/clk-55-epoksi-kalip-dokum-recinesi\/","title":{"rendered":"CLK-55 Epoksi Kal\u0131p D\u00f6k\u00fcm Re\u00e7inesi"},"content":{"rendered":"<strong>Definition<\/strong>: Solventsiz Epoksi ve Akrilik Re\u00e7ine Esasl\u0131 D\u00fc\u015f\u00fck Vizkoziteli, \u00c7ift bile\u015fenli, epoksi kal\u0131p re\u00e7inesi yap\u0131\u015ft\u0131r\u0131c\u0131s\u0131. D\u00fc\u015f\u00fck ve y\u00fcksek vizkoziteli, \u00e7ift bile\u015fenli, CLK-55- Epoksi Kal\u0131p Re\u00e7inesi. Epoksi hafif, modifiye edilmemi\u015f, s\u0131v\u0131 bir bisfenol A-epiklorohidrin epoksit re\u00e7inesidir. saman renginde ve d\u00fc\u015f\u00fck viskozitededir.\r\n\r\nEpoksi en standart s\u0131v\u0131 re\u00e7inelerden biridir. \u0130stenilen son \u00f6zelliklere ba\u011fl\u0131 olarak amin, anhidrit, poliamid veya di\u011fer \u00d6zel sertle\u015ftiricilerle k\u00fcrlenir.\u00dcr\u00fcnler m\u00fckemmel kimyasal dirence, \u00fcst\u00fcn fiziksel ve elektriksel \u00f6zelliklere, maksimum \u0131s\u0131 direnci ve m\u00fckemmel yap\u0131\u015fma. Epoksi oda s\u0131cakl\u0131\u011f\u0131nda veya y\u00fcksek s\u0131cakl\u0131klarda k\u00fcrlenebilir sertle\u015ftirici se\u00e7imine ba\u011fl\u0131d\u0131r. CLK-55- Epoksi Kal\u0131p D\u00f6k\u00fcm Re\u00e7inesi","protected":false},"excerpt":{"rendered":"<p>Solventsiz Epoksi ve Akrilik Re\u00e7ine Esasl\u0131 D\u00fc\u015f\u00fck Vizkoziteli, \u00c7ift bile\u015fenli, epoksi kal\u0131p re\u00e7inesi yap\u0131\u015ft\u0131r\u0131c\u0131s\u0131. D\u00fc\u015f\u00fck ve y\u00fcksek vizkoziteli, \u00e7ift bile\u015fenli, CLK-55- Epoksi Kal\u0131p Re\u00e7inesi. Epoksi hafif, modifiye edilmemi\u015f, s\u0131v\u0131 bir bisfenol A-epiklorohidrin epoksit re\u00e7inesidir. saman renginde ve d\u00fc\u015f\u00fck viskozitededir.<\/p>","protected":false},"featured_media":7902,"comment_status":"closed","ping_status":"closed","template":"","meta":{"_acf_changed":false},"product_brand":[],"product_cat":[455],"product_tag":[],"class_list":{"0":"post-7901","1":"product","2":"type-product","3":"status-publish","4":"has-post-thumbnail","6":"product_cat-zimpara-yapistiricilar","8":"first","9":"instock","10":"taxable","11":"shipping-taxable","12":"product-type-simple"},"acf":[],"_links":{"self":[{"href":"https:\/\/www.polymex.com.tr\/en\/wp-json\/wp\/v2\/product\/7901","targetHints":{"allow":["GET"]}}],"collection":[{"href":"https:\/\/www.polymex.com.tr\/en\/wp-json\/wp\/v2\/product"}],"about":[{"href":"https:\/\/www.polymex.com.tr\/en\/wp-json\/wp\/v2\/types\/product"}],"replies":[{"embeddable":true,"href":"https:\/\/www.polymex.com.tr\/en\/wp-json\/wp\/v2\/comments?post=7901"}],"version-history":[{"count":0,"href":"https:\/\/www.polymex.com.tr\/en\/wp-json\/wp\/v2\/product\/7901\/revisions"}],"wp:featuredmedia":[{"embeddable":true,"href":"https:\/\/www.polymex.com.tr\/en\/wp-json\/wp\/v2\/media\/7902"}],"wp:attachment":[{"href":"https:\/\/www.polymex.com.tr\/en\/wp-json\/wp\/v2\/media?parent=7901"}],"wp:term":[{"taxonomy":"product_brand","embeddable":true,"href":"https:\/\/www.polymex.com.tr\/en\/wp-json\/wp\/v2\/product_brand?post=7901"},{"taxonomy":"product_cat","embeddable":true,"href":"https:\/\/www.polymex.com.tr\/en\/wp-json\/wp\/v2\/product_cat?post=7901"},{"taxonomy":"product_tag","embeddable":true,"href":"https:\/\/www.polymex.com.tr\/en\/wp-json\/wp\/v2\/product_tag?post=7901"}],"curies":[{"name":"wp","href":"https:\/\/api.w.org\/{rel}","templated":true}]}}