{"id":7770,"date":"2025-03-18T15:16:15","date_gmt":"2025-03-18T12:16:15","guid":{"rendered":"https:\/\/www.polymex.com.tr\/?post_type=product&#038;p=7770"},"modified":"2025-09-10T10:44:35","modified_gmt":"2025-09-10T07:44:35","slug":"polymex-p-1052-antibakteriyel-su-bazli-poliuretan-izolasyon-ve-yalitim-malzemesi","status":"publish","type":"product","link":"https:\/\/www.polymex.com.tr\/en\/product-2\/polymex-p-1052-antibakteriyel-su-bazli-poliuretan-izolasyon-ve-yalitim-malzemesi\/","title":{"rendered":"Polymex P-1052 Antibakteriyel Su Bazl\u0131 Poli\u00fcretan \u0130zolasyon ve Yal\u0131t\u0131m Malzemesi"},"content":{"rendered":"","protected":false},"excerpt":{"rendered":"<p>POLYMEX -1052- Su Bazl\u0131, Tek bile\u015fenli, Poli\u00fcretan Re\u00e7ine Esasl\u0131 Antibakteriyel ajanlar ve dispersiyon i\u00e7eren, su yal\u0131t\u0131m\u0131, y\u00fczey koruma ve ba\u011flay\u0131c\u0131 re\u00e7ine malzemesidir. P-1052-Antibakteriyel Su bazl\u0131 Poli\u00fcretan \u0130zolasyon ve Yal\u0131t\u0131m Malzemesidir<\/p>","protected":false},"featured_media":7917,"comment_status":"closed","ping_status":"closed","template":"","meta":{"_acf_changed":false},"product_brand":[],"product_cat":[64],"product_tag":[],"class_list":{"0":"post-7770","1":"product","2":"type-product","3":"status-publish","4":"has-post-thumbnail","6":"product_cat-su-izolasyon-ve-yalitim-malzemeleri","8":"first","9":"instock","10":"taxable","11":"shipping-taxable","12":"product-type-simple"},"acf":[],"_links":{"self":[{"href":"https:\/\/www.polymex.com.tr\/en\/wp-json\/wp\/v2\/product\/7770","targetHints":{"allow":["GET"]}}],"collection":[{"href":"https:\/\/www.polymex.com.tr\/en\/wp-json\/wp\/v2\/product"}],"about":[{"href":"https:\/\/www.polymex.com.tr\/en\/wp-json\/wp\/v2\/types\/product"}],"replies":[{"embeddable":true,"href":"https:\/\/www.polymex.com.tr\/en\/wp-json\/wp\/v2\/comments?post=7770"}],"version-history":[{"count":0,"href":"https:\/\/www.polymex.com.tr\/en\/wp-json\/wp\/v2\/product\/7770\/revisions"}],"wp:featuredmedia":[{"embeddable":true,"href":"https:\/\/www.polymex.com.tr\/en\/wp-json\/wp\/v2\/media\/7917"}],"wp:attachment":[{"href":"https:\/\/www.polymex.com.tr\/en\/wp-json\/wp\/v2\/media?parent=7770"}],"wp:term":[{"taxonomy":"product_brand","embeddable":true,"href":"https:\/\/www.polymex.com.tr\/en\/wp-json\/wp\/v2\/product_brand?post=7770"},{"taxonomy":"product_cat","embeddable":true,"href":"https:\/\/www.polymex.com.tr\/en\/wp-json\/wp\/v2\/product_cat?post=7770"},{"taxonomy":"product_tag","embeddable":true,"href":"https:\/\/www.polymex.com.tr\/en\/wp-json\/wp\/v2\/product_tag?post=7770"}],"curies":[{"name":"wp","href":"https:\/\/api.w.org\/{rel}","templated":true}]}}