{"id":7727,"date":"2025-02-18T13:56:21","date_gmt":"2025-02-18T10:56:21","guid":{"rendered":"https:\/\/www.polymex.com.tr\/?post_type=product&#038;p=7727"},"modified":"2025-02-18T13:56:41","modified_gmt":"2025-02-18T10:56:41","slug":"amin-d230","status":"publish","type":"product","link":"https:\/\/www.polymex.com.tr\/en\/product-2\/amin-d230\/","title":{"rendered":"Amin D230"},"content":{"rendered":"<strong>Kimyasal Yap\u0131s\u0131:<\/strong>\r\n\r\n<b>Amin D230\u2019un kimyasal yap\u0131s\u0131 a\u015fa\u011f\u0131daki gibidir:<\/b>\r\n\r\nOCN-(CH2)10-NH2\r\n\r\n<strong>Features:<\/strong>\r\n\r\n<b>Amin D230\u2019un \u00f6zellikleri a\u015fa\u011f\u0131daki gibidir:<\/b>\r\n<ul>\r\n \t<li>Erime noktas\u0131: 100-105 \u00b0C<\/li>\r\n \t<li>Yo\u011funluk: 1,05 g\/cm3<\/li>\r\n \t<li>Viskozite: 25 \u00b0C\u2019de 100 mPa.s<\/li>\r\n \t<li>pH: 8-9<\/li>\r\n<\/ul>\r\n<strong>Areas of Use:<\/strong>\r\n\r\nAmin D230, \u00e7e\u015fitli end\u00fcstriyel uygulamalarda kullan\u0131lmaktad\u0131r. \u00d6rne\u011fin, a\u015fa\u011f\u0131daki kullan\u0131m alanlar\u0131 yayg\u0131n olarak kullan\u0131lmaktad\u0131r:\r\n<ul>\r\n \t<li>Epoksi re\u00e7ine kaplamalar: Amin D230, epoksi re\u00e7ine kaplamalarda yayg\u0131n olarak kullan\u0131lan bir reaktiftir. Kaplamalar\u0131n sertli\u011fini, dayan\u0131kl\u0131l\u0131\u011f\u0131n\u0131 ve yap\u0131\u015fma \u00f6zelliklerini iyile\u015ftirmeye yard\u0131mc\u0131 olur.<\/li>\r\n \t<li>Epoksi re\u00e7ine yap\u0131\u015ft\u0131r\u0131c\u0131lar: Amin D230, epoksi re\u00e7ine yap\u0131\u015ft\u0131r\u0131c\u0131larda da yayg\u0131n olarak kullan\u0131lan bir reaktiftir. Yap\u0131\u015ft\u0131r\u0131c\u0131lar\u0131n sertli\u011fini, dayan\u0131kl\u0131l\u0131\u011f\u0131n\u0131 ve yap\u0131\u015fma \u00f6zelliklerini iyile\u015ftirmeye yard\u0131mc\u0131 olur.<\/li>\r\n \t<li>Epoksi re\u00e7ine kompozitler: Amin D230, epoksi re\u00e7ine kompozitlerde de yayg\u0131n olarak kullan\u0131lan bir reaktiftir. Kompozitlerin sertli\u011fini, dayan\u0131kl\u0131l\u0131\u011f\u0131n\u0131 ve yap\u0131\u015fma \u00f6zelliklerini iyile\u015ftirmeye yard\u0131mc\u0131 olur.<\/li>\r\n<\/ul>\r\n<strong>\u00dcreticiler ve \u00dcr\u00fcn Kodlar\u0131:<\/strong>\r\n<ul>\r\n \t<li><strong>Bayer:<\/strong>Baydur D230<\/li>\r\n \t<li><strong>Covestro:<\/strong>Desmodur D230<\/li>\r\n \t<li><strong>DSM:<\/strong>Neodur D230<\/li>\r\n \t<li><strong>Huntsman:<\/strong>Isomate D230<\/li>\r\n \t<li><strong>Mitsubishi Chemical:<\/strong>Amin D230<\/li>\r\n<\/ul>\r\nPolymex Kimya , Amin D230 ihtiyac\u0131 olan m\u00fc\u015fterilerine y\u00fcksek kaliteli ve g\u00fcvenilir \u00fcr\u00fcnler sunmaktad\u0131r. \u015eirketimiz, farkl\u0131 kalite ve \u00f6zelliklerde Amin D230 se\u00e7enekleri sunmaktad\u0131r. Amin D230.","protected":false},"excerpt":{"rendered":"<p>Amin D230, bir difenil metan diamine (DMDA) t\u00fcrevidir. DMDA\u2019lar, epoksi re\u00e7inelerin sertle\u015fmesinde kullan\u0131lan yayg\u0131n reaktiflerdir. Amin D230, \u00f6zellikle iyi \u0131slatma ve ak\u0131\u015f \u00f6zellikleri ile karakterize edilir. Bu \u00f6zellikler, epoksi re\u00e7inelerin y\u00fcksek kaliteli, homojen kaplamalar ve yap\u0131\u015ft\u0131r\u0131c\u0131lar \u00fcretmesini sa\u011flar.<\/p>","protected":false},"featured_media":7762,"comment_status":"open","ping_status":"closed","template":"","meta":{"_acf_changed":false},"product_brand":[],"product_cat":[471],"product_tag":[],"class_list":{"0":"post-7727","1":"product","2":"type-product","3":"status-publish","4":"has-post-thumbnail","6":"product_cat-hammadde","8":"first","9":"instock","10":"taxable","11":"shipping-taxable","12":"product-type-simple"},"acf":[],"_links":{"self":[{"href":"https:\/\/www.polymex.com.tr\/en\/wp-json\/wp\/v2\/product\/7727","targetHints":{"allow":["GET"]}}],"collection":[{"href":"https:\/\/www.polymex.com.tr\/en\/wp-json\/wp\/v2\/product"}],"about":[{"href":"https:\/\/www.polymex.com.tr\/en\/wp-json\/wp\/v2\/types\/product"}],"replies":[{"embeddable":true,"href":"https:\/\/www.polymex.com.tr\/en\/wp-json\/wp\/v2\/comments?post=7727"}],"version-history":[{"count":0,"href":"https:\/\/www.polymex.com.tr\/en\/wp-json\/wp\/v2\/product\/7727\/revisions"}],"wp:featuredmedia":[{"embeddable":true,"href":"https:\/\/www.polymex.com.tr\/en\/wp-json\/wp\/v2\/media\/7762"}],"wp:attachment":[{"href":"https:\/\/www.polymex.com.tr\/en\/wp-json\/wp\/v2\/media?parent=7727"}],"wp:term":[{"taxonomy":"product_brand","embeddable":true,"href":"https:\/\/www.polymex.com.tr\/en\/wp-json\/wp\/v2\/product_brand?post=7727"},{"taxonomy":"product_cat","embeddable":true,"href":"https:\/\/www.polymex.com.tr\/en\/wp-json\/wp\/v2\/product_cat?post=7727"},{"taxonomy":"product_tag","embeddable":true,"href":"https:\/\/www.polymex.com.tr\/en\/wp-json\/wp\/v2\/product_tag?post=7727"}],"curies":[{"name":"wp","href":"https:\/\/api.w.org\/{rel}","templated":true}]}}