{"id":7725,"date":"2025-02-18T13:56:20","date_gmt":"2025-02-18T10:56:20","guid":{"rendered":"https:\/\/www.polymex.com.tr\/?post_type=product&#038;p=7725"},"modified":"2025-02-18T13:56:39","modified_gmt":"2025-02-18T10:56:39","slug":"dmdee-katalizor","status":"publish","type":"product","link":"https:\/\/www.polymex.com.tr\/en\/product-2\/dmdee-katalizor\/","title":{"rendered":"DMDEE Kataliz\u00f6r"},"content":{"rendered":"<strong>Kimyasal Yap\u0131s\u0131:<\/strong>\r\n\r\nDMDEE Kataliz\u00f6r\u00fcn kimyasal yap\u0131s\u0131 a\u015fa\u011f\u0131daki gibidir:\r\n\r\nOCN-(CH2)4-N(CH3)2\r\n\r\n<strong>Features:<\/strong>\r\n\r\nDMDEE Kataliz\u00f6r\u00fcn \u00f6zellikleri a\u015fa\u011f\u0131daki gibidir:\r\n<ul>\r\n \t<li>Erime noktas\u0131: 100-105 \u00b0C<\/li>\r\n \t<li>Yo\u011funluk: 1,05 g\/cm3<\/li>\r\n \t<li>Viskozite: 25 \u00b0C\u2019de 100 mPa.s<\/li>\r\n \t<li>pH: 8-9<\/li>\r\n<\/ul>\r\n<strong>Areas of Use:<\/strong>\r\n\r\nDMDEE Kataliz\u00f6r, \u00e7e\u015fitli end\u00fcstriyel uygulamalarda kullan\u0131lmaktad\u0131r. \u00d6rne\u011fin, a\u015fa\u011f\u0131daki kullan\u0131m alanlar\u0131 yayg\u0131n olarak kullan\u0131lmaktad\u0131r: DMDEE Kataliz\u00f6r.\r\n<ul>\r\n \t<li>Epoksi re\u00e7ine kaplamalar: DMDEE Kataliz\u00f6r, epoksi re\u00e7ine kaplamalarda yayg\u0131n olarak kullan\u0131lan bir kataliz\u00f6rd\u00fcr. Kaplamalar\u0131n sertli\u011fini, dayan\u0131kl\u0131l\u0131\u011f\u0131n\u0131 ve yap\u0131\u015fma \u00f6zelliklerini iyile\u015ftirmeye yard\u0131mc\u0131 olur.<\/li>\r\n<\/ul>\r\n<ul>\r\n \t<li>Epoksi re\u00e7ine yap\u0131\u015ft\u0131r\u0131c\u0131lar: DMDEE Kataliz\u00f6r, epoksi re\u00e7ine yap\u0131\u015ft\u0131r\u0131c\u0131larda da yayg\u0131n olarak kullan\u0131lan bir kataliz\u00f6rd\u00fcr. Yap\u0131\u015ft\u0131r\u0131c\u0131lar\u0131n sertli\u011fini, dayan\u0131kl\u0131l\u0131\u011f\u0131n\u0131 ve yap\u0131\u015fma \u00f6zelliklerini iyile\u015ftirmeye yard\u0131mc\u0131 olur. DMDEE Kataliz\u00f6r.<\/li>\r\n<\/ul>\r\n<ul>\r\n \t<li>Epoksi re\u00e7ine kompozitler: DMDEE Kataliz\u00f6r, epoksi re\u00e7ine kompozitlerde de yayg\u0131n olarak kullan\u0131lan bir kataliz\u00f6rd\u00fcr. Kompozitlerin sertli\u011fini, dayan\u0131kl\u0131l\u0131\u011f\u0131n\u0131 ve yap\u0131\u015fma \u00f6zelliklerini iyile\u015ftirmeye yard\u0131mc\u0131 olur.<\/li>\r\n<\/ul>\r\n<strong>\u00dcreticiler ve \u00dcr\u00fcn Kodlar\u0131:<\/strong>\r\n<ul>\r\n \t<li><strong>Bayer:<\/strong>Baydur DMDEE<\/li>\r\n \t<li><strong>Covestro:<\/strong>Desmodur DMDEE<\/li>\r\n \t<li><strong>DSM:<\/strong>Neodur DMDEE<\/li>\r\n \t<li><strong>Mitsubishi Chemical:<\/strong>DMDEE Kataliz\u00f6r<\/li>\r\n<\/ul>\r\nPolymex Kimya , DMDEE Kataliz\u00f6r ihtiyac\u0131 olan m\u00fc\u015fterilerine y\u00fcksek kaliteli ve g\u00fcvenilir \u00fcr\u00fcnler sunmaktad\u0131r. \u015eirketimiz, farkl\u0131 kalite ve \u00f6zelliklerde DMDEE Kataliz\u00f6r se\u00e7enekleri sunmaktad\u0131r.","protected":false},"excerpt":{"rendered":"<p>DMDEE Kataliz\u00f6r, difenil metan diizosiyanat (MDI) ve epoksi re\u00e7inelerin reaksiyonunu katalize eden bir kimyasald\u0131r. DMDEE, MDI\u2019n\u0131n reaksiyonunu h\u0131zland\u0131rarak, re\u00e7inenin daha h\u0131zl\u0131 ve daha homojen bir \u015fekilde sertle\u015fmesini sa\u011flar.<\/p>","protected":false},"featured_media":7758,"comment_status":"open","ping_status":"closed","template":"","meta":{"_acf_changed":false},"product_brand":[],"product_cat":[471],"product_tag":[485],"class_list":{"0":"post-7725","1":"product","2":"type-product","3":"status-publish","4":"has-post-thumbnail","6":"product_cat-hammadde","7":"product_tag-dmdee-katalizor","9":"first","10":"instock","11":"taxable","12":"shipping-taxable","13":"product-type-simple"},"acf":[],"_links":{"self":[{"href":"https:\/\/www.polymex.com.tr\/en\/wp-json\/wp\/v2\/product\/7725","targetHints":{"allow":["GET"]}}],"collection":[{"href":"https:\/\/www.polymex.com.tr\/en\/wp-json\/wp\/v2\/product"}],"about":[{"href":"https:\/\/www.polymex.com.tr\/en\/wp-json\/wp\/v2\/types\/product"}],"replies":[{"embeddable":true,"href":"https:\/\/www.polymex.com.tr\/en\/wp-json\/wp\/v2\/comments?post=7725"}],"version-history":[{"count":0,"href":"https:\/\/www.polymex.com.tr\/en\/wp-json\/wp\/v2\/product\/7725\/revisions"}],"wp:featuredmedia":[{"embeddable":true,"href":"https:\/\/www.polymex.com.tr\/en\/wp-json\/wp\/v2\/media\/7758"}],"wp:attachment":[{"href":"https:\/\/www.polymex.com.tr\/en\/wp-json\/wp\/v2\/media?parent=7725"}],"wp:term":[{"taxonomy":"product_brand","embeddable":true,"href":"https:\/\/www.polymex.com.tr\/en\/wp-json\/wp\/v2\/product_brand?post=7725"},{"taxonomy":"product_cat","embeddable":true,"href":"https:\/\/www.polymex.com.tr\/en\/wp-json\/wp\/v2\/product_cat?post=7725"},{"taxonomy":"product_tag","embeddable":true,"href":"https:\/\/www.polymex.com.tr\/en\/wp-json\/wp\/v2\/product_tag?post=7725"}],"curies":[{"name":"wp","href":"https:\/\/api.w.org\/{rel}","templated":true}]}}