{"id":7724,"date":"2025-02-18T13:56:20","date_gmt":"2025-02-18T10:56:20","guid":{"rendered":"https:\/\/www.polymex.com.tr\/?post_type=product&#038;p=7724"},"modified":"2025-02-18T13:56:37","modified_gmt":"2025-02-18T10:56:37","slug":"dmdls-katalizor","status":"publish","type":"product","link":"https:\/\/www.polymex.com.tr\/en\/product-2\/dmdls-katalizor\/","title":{"rendered":"DMDLS Kataliz\u00f6r"},"content":{"rendered":"<strong>Kimyasal Yap\u0131s\u0131:<\/strong>\r\n\r\nDMDLS Kataliz\u00f6r\u00fcn kimyasal yap\u0131s\u0131 a\u015fa\u011f\u0131daki gibidir:\r\n\r\nOCN-(CH3)2N-C(O)-N(CH3)2-C(O)-O-SO3Na\r\n\r\n<strong>Features:<\/strong>\r\n\r\nDMDLS Kataliz\u00f6r\u00fcn \u00f6zellikleri a\u015fa\u011f\u0131daki gibidir:\r\n<ul>\r\n \t<li>Erime noktas\u0131: 120 \u00b0C<\/li>\r\n \t<li>Yo\u011funluk: 1,25 g\/cm3<\/li>\r\n \t<li>pH: 8-9<\/li>\r\n<\/ul>\r\n<strong>Areas of Use:<\/strong>\r\n\r\nDMDLS Kataliz\u00f6r, \u00e7e\u015fitli end\u00fcstriyel uygulamalarda kullan\u0131lmaktad\u0131r. \u00d6rne\u011fin, a\u015fa\u011f\u0131daki kullan\u0131m alanlar\u0131 yayg\u0131n olarak kullan\u0131lmaktad\u0131r: DMDLS Kataliz\u00f6r.\r\n<ul>\r\n \t<li>Epoksi re\u00e7ine kaplamalar: DMDLS Kataliz\u00f6r, epoksi re\u00e7ine kaplamalarda yayg\u0131n olarak kullan\u0131lan bir kataliz\u00f6rd\u00fcr. Kaplamalar\u0131n y\u00fcksek sertlik ve dayan\u0131kl\u0131l\u0131k \u00f6zelliklerini iyile\u015ftirmeye yard\u0131mc\u0131 olur. DMDLS Kataliz\u00f6r.<\/li>\r\n \t<li>Epoksi re\u00e7ine yap\u0131\u015ft\u0131r\u0131c\u0131lar: DMDLS Kataliz\u00f6r, epoksi re\u00e7ine yap\u0131\u015ft\u0131r\u0131c\u0131larda da yayg\u0131n olarak kullan\u0131lan bir kataliz\u00f6rd\u00fcr. Yap\u0131\u015ft\u0131r\u0131c\u0131lar\u0131n y\u00fcksek sertlik ve dayan\u0131kl\u0131l\u0131k \u00f6zelliklerini iyile\u015ftirmeye yard\u0131mc\u0131 olur.<\/li>\r\n \t<li>Epoksi re\u00e7ine kompozitler: DMDLS Kataliz\u00f6r, epoksi re\u00e7ine kompozitlerde de yayg\u0131n olarak kullan\u0131lan bir kataliz\u00f6rd\u00fcr. Kompozitlerin y\u00fcksek sertlik ve dayan\u0131kl\u0131l\u0131k \u00f6zelliklerini iyile\u015ftirmeye yard\u0131mc\u0131 olur.<\/li>\r\n<\/ul>\r\n<strong>\u00dcreticiler ve \u00dcr\u00fcn Kodlar\u0131:<\/strong>\r\n<ul>\r\n \t<li><strong>Bayer:<\/strong>Baydur DMDLS Kataliz\u00f6r<\/li>\r\n \t<li><strong>Covestro:<\/strong>Desmodur DMDLS Kataliz\u00f6r<\/li>\r\n \t<li><strong>DSM:<\/strong>Neodur DMDLS Kataliz\u00f6r<\/li>\r\n \t<li><strong>Mitsubishi Chemical:<\/strong>DMDLS Kataliz\u00f6r<\/li>\r\n<\/ul>\r\nPolymex Kimya , DMDLS Kataliz\u00f6r ihtiyac\u0131 olan m\u00fc\u015fterilerine y\u00fcksek kaliteli ve g\u00fcvenilir \u00fcr\u00fcnler sunmaktad\u0131r. \u015eirketimiz, farkl\u0131 kalite ve \u00f6zelliklerde DMDLS Kataliz\u00f6r se\u00e7enekleri sunmaktad\u0131r.","protected":false},"excerpt":{"rendered":"<p>DMDLS Kataliz\u00f6r, dimetil difenil lizinolsulfonat (DMDLS) t\u00fcrevi bir kataliz\u00f6rd\u00fcr. DMDLS\u2019ler, epoksi re\u00e7inelerin sertle\u015fmesinde yayg\u0131n olarak kullan\u0131lan kataliz\u00f6rlerdir. DMDLS Kataliz\u00f6r, \u00f6zellikle y\u00fcksek sertlik ve dayan\u0131kl\u0131l\u0131k \u00f6zellikleri ile karakterize edilir. Bu \u00f6zellikler, epoksi re\u00e7inelerin y\u00fcksek performansl\u0131 uygulamalarda kullan\u0131lmas\u0131na olanak tan\u0131r.<\/p>","protected":false},"featured_media":7756,"comment_status":"open","ping_status":"closed","template":"","meta":{"_acf_changed":false},"product_brand":[],"product_cat":[471],"product_tag":[484],"class_list":{"0":"post-7724","1":"product","2":"type-product","3":"status-publish","4":"has-post-thumbnail","6":"product_cat-hammadde","7":"product_tag-dmdls-katalizor","9":"first","10":"instock","11":"taxable","12":"shipping-taxable","13":"product-type-simple"},"acf":[],"_links":{"self":[{"href":"https:\/\/www.polymex.com.tr\/en\/wp-json\/wp\/v2\/product\/7724","targetHints":{"allow":["GET"]}}],"collection":[{"href":"https:\/\/www.polymex.com.tr\/en\/wp-json\/wp\/v2\/product"}],"about":[{"href":"https:\/\/www.polymex.com.tr\/en\/wp-json\/wp\/v2\/types\/product"}],"replies":[{"embeddable":true,"href":"https:\/\/www.polymex.com.tr\/en\/wp-json\/wp\/v2\/comments?post=7724"}],"version-history":[{"count":0,"href":"https:\/\/www.polymex.com.tr\/en\/wp-json\/wp\/v2\/product\/7724\/revisions"}],"wp:featuredmedia":[{"embeddable":true,"href":"https:\/\/www.polymex.com.tr\/en\/wp-json\/wp\/v2\/media\/7756"}],"wp:attachment":[{"href":"https:\/\/www.polymex.com.tr\/en\/wp-json\/wp\/v2\/media?parent=7724"}],"wp:term":[{"taxonomy":"product_brand","embeddable":true,"href":"https:\/\/www.polymex.com.tr\/en\/wp-json\/wp\/v2\/product_brand?post=7724"},{"taxonomy":"product_cat","embeddable":true,"href":"https:\/\/www.polymex.com.tr\/en\/wp-json\/wp\/v2\/product_cat?post=7724"},{"taxonomy":"product_tag","embeddable":true,"href":"https:\/\/www.polymex.com.tr\/en\/wp-json\/wp\/v2\/product_tag?post=7724"}],"curies":[{"name":"wp","href":"https:\/\/api.w.org\/{rel}","templated":true}]}}