{"id":7722,"date":"2025-02-18T13:56:20","date_gmt":"2025-02-18T10:56:20","guid":{"rendered":"https:\/\/www.polymex.com.tr\/?post_type=product&#038;p=7722"},"modified":"2025-02-18T13:56:35","modified_gmt":"2025-02-18T10:56:35","slug":"ptmeg-2000-poliuretan-poliol","status":"publish","type":"product","link":"https:\/\/www.polymex.com.tr\/en\/product-2\/ptmeg-2000-poliuretan-poliol\/","title":{"rendered":"PTMEG 2000 Poli\u00fcretan Poliol"},"content":{"rendered":"<strong>Kimyasal Yap\u0131s\u0131:<\/strong>\r\n\r\nPTMEG 2000 Poli\u00fcretan Poliol, a\u015fa\u011f\u0131daki kimyasal form\u00fcl ile ifade edilebilir:\r\n\r\nHO(CH2CH2O)nCH2CH2OH\r\n\r\nPTMEG\u2019nin molek\u00fcl a\u011f\u0131rl\u0131\u011f\u0131n\u0131 temsil eder. PTMEG 2000 Poli\u00fcretan Poliol, n = 2000 olan bir PTMEG\u2019den \u00fcretilir. PTMEG 2000 Poli\u00fcretan Poliol\r\n\r\n<strong>Features:<\/strong>\r\n<ul>\r\n \t<li>Erime noktas\u0131: -15 \u00b0C<\/li>\r\n \t<li>Yo\u011funluk: 1,07 g\/cm3<\/li>\r\n \t<li>Viskozite: 25 \u00b0C\u2019de 15 mPa.s<\/li>\r\n \t<li>pH: 6-7<\/li>\r\n<\/ul>\r\n<strong>Areas of Use:<\/strong>\r\n<ul>\r\n \t<li>Kozmetik: Sabun, krem, losyon, ruj, \u015fampuan, sa\u00e7 kremi, deodorant gibi \u00fcr\u00fcnlerde kullan\u0131l\u0131r.<\/li>\r\n \t<li>G\u0131da: Margarin, tereya\u011f\u0131, dondurma, \u015fekerleme, \u00e7ikolata gibi \u00fcr\u00fcnlerde kullan\u0131l\u0131r.<\/li>\r\n \t<li>End\u00fcstriyel: Yap\u0131\u015ft\u0131r\u0131c\u0131, boya, plastik, kau\u00e7uk, tekstil gibi \u00fcr\u00fcnlerde kullan\u0131l\u0131r.<\/li>\r\n<\/ul>\r\n<strong>\u00dcreticiler ve \u00dcr\u00fcn Kodlar\u0131:<\/strong>\r\n<ul>\r\n \t<li><strong>BASF:<\/strong>BASF PTMEG 2000<\/li>\r\n \t<li><strong>Dow:<\/strong>Dow PTMEG 2000<\/li>\r\n \t<li><strong>Evonik:<\/strong>Evonik PTMEG 2000<\/li>\r\n \t<li><strong>SABIC:<\/strong>Sabic PTMEG 2000<\/li>\r\n<\/ul>\r\nPolymex Kimya , PTMEG 2000 Poli\u00fcretan Poliol ihtiyac\u0131 olan m\u00fc\u015fterilerine y\u00fcksek kaliteli ve g\u00fcvenilir \u00fcr\u00fcnler sunmaktad\u0131r. PTMEG 2000 Poli\u00fcretan Poliol\r\n\r\n<strong>Sipari\u015f ve Bilgi \u0130\u00e7in:<\/strong>\r\n\r\nPolymex Kimya ile ileti\u015fime ge\u00e7erek PTMEG 2000 Poli\u00fcretan Poliol hakk\u0131nda bilgi alabilir ve sipari\u015f verebilirsiniz.","protected":false},"excerpt":{"rendered":"<p>PTMEG 2000 Poli\u00fcretan Poliol, politetrametilen eter glikolden (PTMEG) \u00fcretilen bir poli\u00fcretan poliold\u00fcr. PTMEG 1000 Poli\u00fcretan Poliol\u2019e g\u00f6re daha uzun zincirli bir molek\u00fcl olan PTMEG 2000 Poli\u00fcretan Poliol, kozmetik, g\u0131da ve end\u00fcstriyel uygulamalarda kullan\u0131lmaktad\u0131r.<\/p>","protected":false},"featured_media":7752,"comment_status":"open","ping_status":"closed","template":"","meta":{"_acf_changed":false},"product_brand":[],"product_cat":[471],"product_tag":[482],"class_list":{"0":"post-7722","1":"product","2":"type-product","3":"status-publish","4":"has-post-thumbnail","6":"product_cat-hammadde","7":"product_tag-ptmeg-2000-poliuretan-poliol","9":"first","10":"instock","11":"taxable","12":"shipping-taxable","13":"product-type-simple"},"acf":[],"_links":{"self":[{"href":"https:\/\/www.polymex.com.tr\/en\/wp-json\/wp\/v2\/product\/7722","targetHints":{"allow":["GET"]}}],"collection":[{"href":"https:\/\/www.polymex.com.tr\/en\/wp-json\/wp\/v2\/product"}],"about":[{"href":"https:\/\/www.polymex.com.tr\/en\/wp-json\/wp\/v2\/types\/product"}],"replies":[{"embeddable":true,"href":"https:\/\/www.polymex.com.tr\/en\/wp-json\/wp\/v2\/comments?post=7722"}],"version-history":[{"count":0,"href":"https:\/\/www.polymex.com.tr\/en\/wp-json\/wp\/v2\/product\/7722\/revisions"}],"wp:featuredmedia":[{"embeddable":true,"href":"https:\/\/www.polymex.com.tr\/en\/wp-json\/wp\/v2\/media\/7752"}],"wp:attachment":[{"href":"https:\/\/www.polymex.com.tr\/en\/wp-json\/wp\/v2\/media?parent=7722"}],"wp:term":[{"taxonomy":"product_brand","embeddable":true,"href":"https:\/\/www.polymex.com.tr\/en\/wp-json\/wp\/v2\/product_brand?post=7722"},{"taxonomy":"product_cat","embeddable":true,"href":"https:\/\/www.polymex.com.tr\/en\/wp-json\/wp\/v2\/product_cat?post=7722"},{"taxonomy":"product_tag","embeddable":true,"href":"https:\/\/www.polymex.com.tr\/en\/wp-json\/wp\/v2\/product_tag?post=7722"}],"curies":[{"name":"wp","href":"https:\/\/api.w.org\/{rel}","templated":true}]}}