{"id":7711,"date":"2025-02-18T13:56:16","date_gmt":"2025-02-18T10:56:16","guid":{"rendered":"https:\/\/www.polymex.com.tr\/?post_type=product&#038;p=7711"},"modified":"2025-02-18T13:56:22","modified_gmt":"2025-02-18T10:56:22","slug":"polymex-akrilik-asit","status":"publish","type":"product","link":"https:\/\/www.polymex.com.tr\/en\/product-2\/polymex-akrilik-asit\/","title":{"rendered":"Polymex Akrilik Asit"},"content":{"rendered":"<img decoding=\"async\" class=\"size-full wp-image-1511 alignnone lazyautosizes lazyloaded\" src=\"https:\/\/www.polymexkimya.com\/wp-content\/uploads\/2024\/08\/polymex-akrilik-asit2.png\" sizes=\"228px\" srcset=\"https:\/\/www.polymexkimya.com\/wp-content\/uploads\/2024\/08\/polymex-akrilik-asit2-200x144.png 200w, https:\/\/www.polymexkimya.com\/wp-content\/uploads\/2024\/08\/polymex-akrilik-asit2.png 228w\" alt=\"Polymex Akrilik Asit\" width=\"228\" height=\"164\" data-orig-src=\"https:\/\/www.polymexkimya.com\/wp-content\/uploads\/2024\/08\/polymex-akrilik-asit2.png\" data-srcset=\"https:\/\/www.polymexkimya.com\/wp-content\/uploads\/2024\/08\/polymex-akrilik-asit2-200x144.png 200w, https:\/\/www.polymexkimya.com\/wp-content\/uploads\/2024\/08\/polymex-akrilik-asit2.png 228w\" data-sizes=\"auto\" data-orig-sizes=\"(max-width: 228px) 100vw, 228px\" \/>\r\n\r\n<b>IUPAC \u0130SM\u0130:\u00a0<\/b>2-Propenoik asit\r\n\r\n<b>K\u0130MYASAL FORM\u00dcL:\u00a0<\/b>C<sub>3<\/sub>H<sub>4<\/sub>O<sub>2<\/sub>, CH<sub>2<\/sub>=CHCOOH\r\n\r\n<b>CAS NO:\u00a0<\/b>79-10-7\r\n\r\n<b>MOLEK\u00dcLER A\u011eIRLIK:<\/b>\u00a072.8 g\/mol\r\n\r\n<b>PACKAGING:\u00a0<\/b>50.kg 100.kg Varil 220 KG\r\n\r\nPolymex Akrilik asit (CAS 79-10-7), en basit doymam\u0131\u015f asit olarak bilinen bir organik molek\u00fcld\u00fcr. Oda s\u0131cakl\u0131\u011f\u0131nda, akrilik asit s\u0131v\u0131 halde bulunur ve karakteristik bir asidik ve ek\u015fi kokuya sahiptir. Hem s\u0131v\u0131 hem de buhar faz\u0131nda a\u015f\u0131nd\u0131r\u0131c\u0131 etki g\u00f6sterir. Akrilik asit genellikle polimer olu\u015fumunda kullan\u0131l\u0131r. Uygulamalar\u0131 plastikler, kaplamalar, yap\u0131\u015ft\u0131r\u0131c\u0131lar, elastomerler, boyalar ve vernikleri i\u00e7erir. Ayr\u0131ca, akrilik asit hijyenik t\u0131bbi \u00fcr\u00fcnlerin, deterjanlar\u0131n ve at\u0131k su ar\u0131tma kimyasallar\u0131n\u0131n \u00fcretiminde kullan\u0131l\u0131r. Akrilik asidin d\u00fc\u015f\u00fck toksisitesi, a\u015f\u0131nd\u0131r\u0131c\u0131 yap\u0131s\u0131na ba\u011flan\u0131r. Polymex Akrilik asit.\r\n\r\n<b>\u00d6ZELL\u0130KLER:<\/b>\r\n<ul>\r\n \t<li>Hidrofilik<\/li>\r\n \t<li>Su \u00e7\u00f6z\u00fcn\u00fcrl\u00fc\u011f\u00fc<\/li>\r\n \t<li>Yap\u0131\u015fkanl\u0131k<\/li>\r\n \t<li>UYGUAMA ALANLARI:<\/li>\r\n \t<li>Ka\u011f\u0131t ve sel\u00fcloz \u00fcretimi<\/li>\r\n \t<li>Boya ve vernik \u00fcretimi<\/li>\r\n \t<li>Tekstil end\u00fcstrileri<\/li>\r\n \t<li>Deterjan \u00fcretimi<\/li>\r\n \t<li>Seramikler<\/li>\r\n \t<li>Parf\u00fcm ve kozmetik \u00fcr\u00fcnler<\/li>\r\n \t<li>Su ar\u0131tma end\u00fcstrisi<\/li>\r\n \t<li>T\u0131p ve petrol \u00fcretiminde ba\u011flay\u0131c\u0131lar<\/li>\r\n \t<li>Yap\u0131\u015ft\u0131r\u0131c\u0131lar<\/li>\r\n \t<li>Farmas\u00f6tik d\u00fczenleyiciler<\/li>\r\n<\/ul>\r\n<b>\u00dcRET\u0130M\u0130NDE KULLANILDI\u011eI \u00dcR\u00dcNLER:<\/b>\r\n<ul>\r\n \t<li>Akrilik ve su bazl\u0131 da\u011f\u0131l\u0131mlarda kullan\u0131l\u0131r<\/li>\r\n \t<li>Sanayi ve mimari kaplamalar<\/li>\r\n \t<li>Boyalar ve vernikler<\/li>\r\n \t<li>Tekstiller<\/li>\r\n \t<li>Sel\u00fcloz ve ka\u011f\u0131t<\/li>\r\n \t<li>Ka\u011f\u0131t ve deri kaplamalar\u0131<\/li>\r\n \t<li>Ah\u015fap ve metal kaplamalar<\/li>\r\n \t<li>Film olu\u015fturan ajanlar<\/li>\r\n \t<li>Yo\u011funla\u015ft\u0131r\u0131c\u0131lar<\/li>\r\n \t<li>\u00d6l\u00e7ek \u00f6nleyiciler<\/li>\r\n \t<li>Yap\u0131\u015ft\u0131r\u0131c\u0131lar<\/li>\r\n \t<li>Delme \u00e7amuru d\u00fczenleyicileri<\/li>\r\n \t<li>M\u00fcrekkepler, dolgular ve s\u0131zd\u0131rmazl\u0131k malzemeleri.<\/li>\r\n<\/ul>\r\n<table>\r\n<tbody>\r\n<tr>\r\n<td colspan=\"2\" width=\"652\"><b>POLYMEX AKR\u0130L\u0130K AS\u0130T K\u0130MYASAL \u00d6ZELL\u0130KLER<\/b><\/td>\r\n<\/tr>\r\n<tr>\r\n<td width=\"141\">SAFLIK<\/td>\r\n<td width=\"510\">min. 99.9 %<\/td>\r\n<\/tr>\r\n<tr>\r\n<td width=\"141\">SU M\u0130KTARI<\/td>\r\n<td width=\"510\">max 0.1%<\/td>\r\n<\/tr>\r\n<tr>\r\n<td width=\"141\">RENK (APHA)<\/td>\r\n<td width=\"510\">max 20<\/td>\r\n<\/tr>\r\n<tr>\r\n<td width=\"141\">\u0130NH\u0130B\u0130T\u00d6R<\/td>\r\n<td width=\"510\">200\u00b120 ppm MEHQ<\/td>\r\n<\/tr>\r\n<tr>\r\n<td colspan=\"2\" width=\"652\">POLYMEX AKR\u0130L\u0130K AS\u0130T F\u0130Z\u0130KSEL \u00d6ZELL\u0130KLER<\/td>\r\n<\/tr>\r\n<tr>\r\n<td width=\"141\">G\u00d6R\u00dcN\u00dc\u015e<\/td>\r\n<td width=\"510\">Renksiz<\/td>\r\n<\/tr>\r\n<tr>\r\n<td width=\"141\">F\u0130Z\u0130KSEL HAL<\/td>\r\n<td width=\"510\">S\u0131v\u0131<\/td>\r\n<\/tr>\r\n<tr>\r\n<td width=\"141\">KOKU<\/td>\r\n<td width=\"510\">Ac\u0131mt\u0131rak<\/td>\r\n<\/tr>\r\n<tr>\r\n<td width=\"141\">MOLECULAR WEIGHT:<\/td>\r\n<td width=\"510\">72.8 g\/mol<\/td>\r\n<\/tr>\r\n<tr>\r\n<td width=\"141\">DENSITY<\/td>\r\n<td width=\"510\">1.046 g\/cm^3 at 25\u00b0C<\/td>\r\n<\/tr>\r\n<tr>\r\n<td width=\"141\">KAYNAMA NOKTASI<\/td>\r\n<td width=\"510\">141.2\u00b0C<\/td>\r\n<\/tr>\r\n<tr>\r\n<td width=\"141\">DONMA NOKTASI<\/td>\r\n<td width=\"510\">13.5\u00b0C<\/td>\r\n<\/tr>\r\n<tr>\r\n<td width=\"141\">PARLAMA NOKTASI<\/td>\r\n<td width=\"510\">50 \u00b0C<\/td>\r\n<\/tr>\r\n<tr>\r\n<td width=\"141\">V\u0130SKOZ\u0130TE<\/td>\r\n<td width=\"510\">1,15 mPa.s at 25 \u00b0C<\/td>\r\n<\/tr>\r\n<tr>\r\n<td width=\"141\">BUHAR BASINCI<\/td>\r\n<td width=\"510\">20\u00b0C\u2019de 39 mbar<\/td>\r\n<\/tr>\r\n<\/tbody>\r\n<\/table>\r\n<strong>General Characteristics:<\/strong>\r\n\r\nAkrilik asit veya bilinen ad\u0131yla vinilformik asit, do\u011frudan bir karboksilik ucuna ba\u011flanan bir vinil grubundan olu\u015fan en basit doymam\u0131\u015f karboksilik asittir. Karakteristik bir kokusu vard\u0131r ve karboksilik asitlerin tipik b\u00fct\u00fcn reaksiyonlar\u0131n\u0131 g\u00f6sterir. Akrilik asit \u0131s\u0131, \u0131\u015f\u0131k, metal veya oksijen varl\u0131\u011f\u0131nda kolayca polimerle\u015fir ve su, alkol, kloroform ve eterle her oranda kar\u0131\u015f\u0131r. Bu \u00f6zelliklerinden dolay\u0131 plastik yap\u0131m\u0131nda yayg\u0131n olarak kullan\u0131l\u0131r. Akrilik asit.\r\n\r\n<b>\u00dcretimi:<\/b>\r\n\r\nAkrilik asit ilk zamanlarda asetilenin hidrokarboksilasyonu ile \u00fcretilse de ekonomik sebeplerden dolay\u0131 bu y\u00f6ntem de\u011fi\u015fmi\u015f, \u00e7ok b\u00fcy\u00fck bir kullan\u0131m alan\u0131 oldu\u011fundan bir\u00e7ok farkl\u0131 y\u00f6ntem denenmi\u015ftir. Ekonomik ve \u00e7evresel kayg\u0131lardan \u00f6t\u00fcr\u00fc bir\u00e7ok y\u00f6ntem kal\u0131c\u0131 olamam\u0131\u015ft\u0131r. G\u00fcn\u00fcm\u00fczde akrilik asit etilen ve benzin \u00fcretiminin yan \u00fcr\u00fcn\u00fc olarak, propilenin oksidasyonu ile \u00fcretilir. Propan propilenden daha ucuz oldu\u011fu i\u00e7in propanla \u00fcretim i\u00e7in \u00e7al\u0131\u015fmalar yap\u0131lsa da hen\u00fczbu y\u00f6ntemde de ekonomik bir yol bulunmam\u0131\u015ft\u0131r. Akrilik asit.\r\n\r\n<b>Kullan\u0131m alanlar\u0131:<\/b>\r\n\r\nAkrilik asit tipik bir karboksilik asit gibi bir alkol ile reaksiyona girdi\u011finde ilgili eseri olu\u015fturur. Kendisi ve esterleri, sahip olduklar\u0131 \u00e7ifte ba\u011f sayesinde hem kendi aralar\u0131nda hem de di\u011fer monomerlerle kolayca reaksiyona girerek plastik, kaplama, yap\u0131\u015ft\u0131r\u0131c\u0131 gibi bir\u00e7ok farkl\u0131 end\u00fcstride kullan\u0131lan ham maddeleri olu\u015ftururlar. Akrilik asit.\r\n\r\nAkrilik asit bu polimerle\u015fme e\u011filiminden dolay\u0131 ba\u015fl\u0131ca plastiklerin yap\u0131m\u0131nda ba\u015flang\u0131\u00e7 malzemesi olarak kullan\u0131l\u0131r. Bunlar\u0131n yan\u0131nda kal\u0131planm\u0131\u015f yap\u0131 malzemeleri, su ar\u0131tma kimyasallar\u0131, \u00e7ocuk bezleri, tekstil, optik gere\u00e7ler, m\u00fccevherat ve dokuma elyaf\u0131 gibi \u00e7e\u015fitli \u00fcr\u00fcnleri ham maddesidir ve y\u00fczey aktifle\u015ftirici olarak kullan\u0131l\u0131r. Akrilik asit.\r\n<h2 class=\"fusion-responsive-typography-calculated\" data-fontsize=\"20\" data-lineheight=\"24px\"><\/h2>\r\n<strong>G\u00fcvenlik \u00d6nlemleri ve Zehirlilik Durumu<\/strong>\r\n\r\nPolymex Akrilik asit bir\u00e7ok asit gibi g\u00f6zler ile temasta \u00e7ok tahri\u015f edicidir. Bu durumlarda geri d\u00f6n\u00fclmez yaralanmalara sebebiyet verebilir. Bununla beraber d\u00fc\u015f\u00fck miktarlarda solunmas\u0131 \u00e7ok ciddi problemlere yol a\u00e7mazken y\u00fcksek miktarlarda solunmas\u0131 insan sa\u011fl\u0131\u011f\u0131 a\u00e7\u0131s\u0131ndan zararlard\u0131r. Yutulmas\u0131 durumunda ciddi sa\u011fl\u0131k problemlerine sebebiyet verebilir. LD50 de\u011feri hayvanlarda 340 mg\/kg olarak saptanm\u0131\u015ft\u0131r. Ayr\u0131ca akrilik asit t\u00fct\u00fcn duman\u0131n\u0131n bile\u015fenlerinden birisidir. Akrilik asit.\r\n\r\nAkrilik asit ayn\u0131 zamanda yan\u0131c\u0131 bir s\u0131v\u0131d\u0131r. Buhar\u0131 da yan\u0131c\u0131d\u0131r. Dolay\u0131s\u0131yla depolan\u0131rken dikkat edilmeli; alev, k\u0131v\u0131lc\u0131m, y\u00fcksek \u0131s\u0131 gibi yang\u0131na sebep olabilecek kaynaklardan uzak tutulmal\u0131d\u0131r. Depolanan kab\u0131n kapa\u011f\u0131 s\u0131k\u0131ca kapat\u0131lmal\u0131 ve iyi havaland\u0131r\u0131lan serin bir yerde depolanmal\u0131d\u0131r. Akrilik asit.\r\n\r\n<strong>Polymex Akrilik Asit.<\/strong>\r\n<table class=\"table\">\r\n<tbody>\r\n<tr>\r\n<td colspan=\"2\" width=\"661\">G\u00dcVENL\u0130K B\u0130LG\u0130<\/td>\r\n<\/tr>\r\n<tr>\r\n<td width=\"153\">TEHL\u0130KE P\u0130KTOGRAMLARI<\/td>\r\n<td width=\"508\"><img decoding=\"async\" class=\"size-full wp-image-1512 alignnone lazyloaded\" src=\"https:\/\/www.polymexkimya.com\/wp-content\/uploads\/2024\/08\/polymex-akrilik-asit3.png\" alt=\"Polymex Akrilik Asit\" width=\"166\" height=\"83\" data-orig-src=\"https:\/\/www.polymexkimya.com\/wp-content\/uploads\/2024\/08\/polymex-akrilik-asit3.png\" \/><\/td>\r\n<\/tr>\r\n<tr>\r\n<td width=\"153\">R\u0130SK \u0130BARELER\u0130<\/td>\r\n<td width=\"508\">R10 Yan\u0131c\u0131.&nbsp;\r\n\r\nR20\/21\/22 Solunum yoluyla, ciltle temas halinde ve yutulmas\u0131 durumunda zararl\u0131d\u0131r. R35 Ciddi yan\u0131klara neden olur.\r\n\r\nR50 Akuatik ortamlar i\u00e7in \u00e7ok zehirlidir.<\/td>\r\n<\/tr>\r\n<tr>\r\n<td width=\"153\">G\u00dcVENL\u0130K \u0130BARELER\u0130<\/td>\r\n<td width=\"508\">S26 G\u00f6zle temas halinde, hemen bol su ile durulay\u0131n ve t\u0131bbi yard\u0131m aray\u0131n. S36\/37\/39 Uygun koruyucu giysi, eldiven ve g\u00f6z\/y\u00fcz korumas\u0131 kullan\u0131n.&nbsp;\r\n\r\nS45 Kaza durumunda veya kendinizi k\u00f6t\u00fc hissederseniz hemen t\u0131bbi yard\u0131m al\u0131n (m\u00fcmk\u00fcnse etiketi g\u00f6sterin).\r\n\r\nS61 \u00c7evreye sal\u0131n\u0131m\u0131 \u00f6nleyin. \u00d6zel talimatlara\/g\u00fcvenlik veri formlar\u0131na bak\u0131n.<\/td>\r\n<\/tr>\r\n<tr>\r\n<td width=\"153\">SAKLAMA SINIFI<\/td>\r\n<td width=\"508\">3A- Yan\u0131c\u0131 S\u0131v\u0131<\/td>\r\n<\/tr>\r\n<tr>\r\n<td width=\"153\">SAKLAMA KO\u015eULLARI<\/td>\r\n<td width=\"508\">Sadece kapal\u0131, orijinal ambalajlarda saklay\u0131n.&nbsp;\r\n\r\nKaplar ve borular i\u00e7in uygun malzeme: Paslanmaz \u00e7elik.\r\n\r\nAsit dayan\u0131kl\u0131 zemin sa\u011flay\u0131n.\r\n\r\nYan\u0131c\u0131 s\u0131v\u0131lar\u0131n depolanmas\u0131 i\u00e7in ulusal d\u00fczenlemelere uyun.\r\n\r\nKaplar\u0131 s\u0131k\u0131ca kapat\u0131n.\r\n\r\nIs\u0131dan ve do\u011frudan g\u00fcne\u015f \u0131\u015f\u0131\u011f\u0131ndan koruyun.<\/td>\r\n<\/tr>\r\n<tr>\r\n<td width=\"153\">\u0130MHA Y\u00d6NTEM\u0130<\/td>\r\n<td width=\"508\">Evsel \u00e7\u00f6plerle birlikte at\u0131lmamal\u0131d\u0131r. \u00dcr\u00fcnlerin kanalizasyon sistemine ula\u015fmas\u0131na izin vermeyin.&nbsp;\r\n\r\nMevzuata uygun olarak \u00f6zel olarak i\u015flenmelidir.<\/td>\r\n<\/tr>\r\n<tr>\r\n<td width=\"153\">NAKL\u0130YE B\u0130LG\u0130LER\u0130<\/td>\r\n<td width=\"508\">Kara Ta\u015f\u0131mac\u0131l\u0131\u011f\u0131 ADR\/RID (s\u0131n\u0131r \u00f6tesi):&nbsp;\r\n\r\n<img decoding=\"async\" class=\"size-full wp-image-1513 alignnone lazyloaded\" src=\"https:\/\/www.polymexkimya.com\/wp-content\/uploads\/2024\/08\/polymex-akrilik-asit4.png\" alt=\"Polymex Akrilik Asit\" width=\"166\" height=\"83\" data-orig-src=\"https:\/\/www.polymexkimya.com\/wp-content\/uploads\/2024\/08\/polymex-akrilik-asit4.png\" \/><\/td>\r\n<\/tr>\r\n<\/tbody>\r\n<\/table>\r\n<strong>G\u00fcvenlik \u00d6nlemleri ve Zehirlilik Durumu<\/strong>\r\n\r\nAkrilik asit bir\u00e7ok asit gibi g\u00f6zler ile temasta \u00e7ok tahri\u015f edicidir. Bu durumlarda geri d\u00f6n\u00fclmez yaralanmalara sebebiyet verebilir. Bununla beraber d\u00fc\u015f\u00fck miktarlarda solunmas\u0131 \u00e7ok ciddi problemlere yol a\u00e7mazken y\u00fcksek miktarlarda solunmas\u0131 insan sa\u011fl\u0131\u011f\u0131 a\u00e7\u0131s\u0131ndan zararlard\u0131r. Yutulmas\u0131 durumunda ciddi sa\u011fl\u0131k problemlerine sebebiyet verebilir. LD50 de\u011feri hayvanlarda 340 mg\/kg olarak saptanm\u0131\u015ft\u0131r. Ayr\u0131ca akrilik asit t\u00fct\u00fcn duman\u0131n\u0131n bile\u015fenlerinden birisidir. Akrilik asit.\r\n\r\nAkrilik asit ayn\u0131 zamanda yan\u0131c\u0131 bir s\u0131v\u0131d\u0131r. Buhar\u0131 da yan\u0131c\u0131d\u0131r. Dolay\u0131s\u0131yla depolan\u0131rken dikkat edilmeli; alev, k\u0131v\u0131lc\u0131m, y\u00fcksek \u0131s\u0131 gibi yang\u0131na sebep olabilecek kaynaklardan uzak tutulmal\u0131d\u0131r. Depolanan kab\u0131n kapa\u011f\u0131 s\u0131k\u0131ca kapat\u0131lmal\u0131 ve iyi havaland\u0131r\u0131lan serin bir yerde depolanmal\u0131d\u0131r. Akrilik asit.\r\n\r\n<strong>Polymex Akrilik Asit<\/strong>.\r\n\r\nADR\/RID s\u0131n\u0131f\u0131: 8 (CF1) A\u015f\u0131nd\u0131r\u0131c\u0131 maddeler. Tehlike kodu (Kemler): 839\r\n\r\nUN Numaras\u0131: 2218 Ambalaj grubu: II Etiket: 8+3\r\n\r\nMalzeme a\u00e7\u0131klamas\u0131: 2218 STAB\u0130L\u0130ZE ED\u0130LM\u0130\u015e AKR\u0130L\u0130K AS\u0130T\r\n\r\nDeniz Ta\u015f\u0131mac\u0131l\u0131\u011f\u0131 IMDG:\r\n\r\n<img loading=\"lazy\" decoding=\"async\" class=\"size-full wp-image-1513 alignnone ls-is-cached lazyloaded\" src=\"https:\/\/www.polymexkimya.com\/wp-content\/uploads\/2024\/08\/polymex-akrilik-asit4.png\" alt=\"Polymex Akrilik Asit\" width=\"166\" height=\"83\" data-orig-src=\"https:\/\/www.polymexkimya.com\/wp-content\/uploads\/2024\/08\/polymex-akrilik-asit4.png\" \/>\r\n\r\nIMDG S\u0131n\u0131f\u0131: 8\r\n\r\nUN Numaras\u0131: 2218\r\n\r\nEtiket: 8+3 Ambalaj grubu: II\r\n\r\nEMS Numaras\u0131: F-E,S-C Deniz kirletici: Hay\u0131r\r\n\r\nUygun ta\u015f\u0131ma ad\u0131: STAB\u0130L\u0130ZE ED\u0130LM\u0130\u015e AKR\u0130L\u0130K AS\u0130T\r\n\r\nHavayolu Ta\u015f\u0131mac\u0131l\u0131\u011f\u0131 ICAO-TI ve IATA-DGR:\r\n\r\n<img loading=\"lazy\" decoding=\"async\" class=\"size-full wp-image-1513 alignnone ls-is-cached lazyloaded\" src=\"https:\/\/www.polymexkimya.com\/wp-content\/uploads\/2024\/08\/polymex-akrilik-asit4.png\" alt=\"Polymex Akrilik Asit\" width=\"166\" height=\"83\" data-orig-src=\"https:\/\/www.polymexkimya.com\/wp-content\/uploads\/2024\/08\/polymex-akrilik-asit4.png\" \/>\r\n\r\nICAO\/IATA S\u0131n\u0131f\u0131: 8\r\n\r\nUN\/ID Numaras\u0131: 2218\r\n\r\nEtiket: 8+3 Ambalaj grubu: II\r\n\r\nUygun ta\u015f\u0131ma ad\u0131: STAB\u0130L\u0130ZE ED\u0130LM\u0130\u015e AKR\u0130L\u0130K AS\u0130T\r\n\r\nDaha fazla bilgi i\u00e7in G\u00dcVENL\u0130K B\u0130LG\u0130 FORMUNU kontrol ediniz veya bizimle ileti\u015fime ge\u00e7iniz.","protected":false},"excerpt":{"rendered":"<p class=\"fusion-title-heading title-heading-left fusion-responsive-typography-calculated\" data-fontsize=\"20\" data-lineheight=\"40px\"><span class=\"fusion-highlighted-text-prefix\">Polymex Kimya ile ileti\u015fime ge\u00e7erek\u00a0<\/span><a href=\"https:\/\/polymexizolasyon.com\/?post_type=product&amp;p=5004&amp;preview=true\"><span class=\"fusion-highlighted-text-wrapper\"><span class=\"fusion-highlighted-text\">Polymex Akrilik Asit<\/span><\/span><\/a>\u00a0<span class=\"fusion-highlighted-text-postfix\">hakk\u0131nda bilgi alabilir ve sipari\u015f verebilirsiniz.<\/span><\/p>","protected":false},"featured_media":7730,"comment_status":"open","ping_status":"closed","template":"","meta":{"_acf_changed":false},"product_brand":[],"product_cat":[471],"product_tag":[],"class_list":{"0":"post-7711","1":"product","2":"type-product","3":"status-publish","4":"has-post-thumbnail","6":"product_cat-hammadde","8":"first","9":"instock","10":"taxable","11":"shipping-taxable","12":"product-type-simple"},"acf":[],"_links":{"self":[{"href":"https:\/\/www.polymex.com.tr\/en\/wp-json\/wp\/v2\/product\/7711","targetHints":{"allow":["GET"]}}],"collection":[{"href":"https:\/\/www.polymex.com.tr\/en\/wp-json\/wp\/v2\/product"}],"about":[{"href":"https:\/\/www.polymex.com.tr\/en\/wp-json\/wp\/v2\/types\/product"}],"replies":[{"embeddable":true,"href":"https:\/\/www.polymex.com.tr\/en\/wp-json\/wp\/v2\/comments?post=7711"}],"version-history":[{"count":0,"href":"https:\/\/www.polymex.com.tr\/en\/wp-json\/wp\/v2\/product\/7711\/revisions"}],"wp:featuredmedia":[{"embeddable":true,"href":"https:\/\/www.polymex.com.tr\/en\/wp-json\/wp\/v2\/media\/7730"}],"wp:attachment":[{"href":"https:\/\/www.polymex.com.tr\/en\/wp-json\/wp\/v2\/media?parent=7711"}],"wp:term":[{"taxonomy":"product_brand","embeddable":true,"href":"https:\/\/www.polymex.com.tr\/en\/wp-json\/wp\/v2\/product_brand?post=7711"},{"taxonomy":"product_cat","embeddable":true,"href":"https:\/\/www.polymex.com.tr\/en\/wp-json\/wp\/v2\/product_cat?post=7711"},{"taxonomy":"product_tag","embeddable":true,"href":"https:\/\/www.polymex.com.tr\/en\/wp-json\/wp\/v2\/product_tag?post=7711"}],"curies":[{"name":"wp","href":"https:\/\/api.w.org\/{rel}","templated":true}]}}