{"id":7707,"date":"2025-02-18T13:50:55","date_gmt":"2025-02-18T10:50:55","guid":{"rendered":"https:\/\/www.polymex.com.tr\/?post_type=product&#038;p=7707"},"modified":"2025-02-18T13:50:55","modified_gmt":"2025-02-18T10:50:55","slug":"polymex-endustriyel-vakum-pompa-setleri","status":"publish","type":"product","link":"https:\/\/www.polymex.com.tr\/en\/product-2\/polymex-endustriyel-vakum-pompa-setleri\/","title":{"rendered":"Polymex End\u00fcstriyel Vakum Pompa Setleri"},"content":{"rendered":"Vakum setleri silikon, re\u00e7ine (poli\u00fcretan, polyester, epoksi) , al\u00e7\u0131, mum gibi kal\u0131plama \u00fcr\u00fcnlerinin i\u00e7indeki hava kabarc\u0131klar\u0131n\u0131 almak amac\u0131yla kullan\u0131l\u0131r. Polymex End\u00fcstriyel Vakum Pompa Setleri.\r\n\r\n<img fetchpriority=\"high\" decoding=\"async\" class=\"aligncenter size-full wp-image-1289 lazyautosizes lazyloaded\" src=\"https:\/\/www.polymexkimya.com\/wp-content\/uploads\/2024\/05\/polymex-endustriyel-vakum-pompa-setleri2.jpg\" sizes=\"724px\" srcset=\"https:\/\/www.polymexkimya.com\/wp-content\/uploads\/2024\/05\/polymex-endustriyel-vakum-pompa-setleri2-200x48.jpg 200w, https:\/\/www.polymexkimya.com\/wp-content\/uploads\/2024\/05\/polymex-endustriyel-vakum-pompa-setleri2-300x71.jpg 300w, https:\/\/www.polymexkimya.com\/wp-content\/uploads\/2024\/05\/polymex-endustriyel-vakum-pompa-setleri2-400x95.jpg 400w, https:\/\/www.polymexkimya.com\/wp-content\/uploads\/2024\/05\/polymex-endustriyel-vakum-pompa-setleri2-600x143.jpg 600w, https:\/\/www.polymexkimya.com\/wp-content\/uploads\/2024\/05\/polymex-endustriyel-vakum-pompa-setleri2-768x183.jpg 768w, https:\/\/www.polymexkimya.com\/wp-content\/uploads\/2024\/05\/polymex-endustriyel-vakum-pompa-setleri2-800x190.jpg 800w, https:\/\/www.polymexkimya.com\/wp-content\/uploads\/2024\/05\/polymex-endustriyel-vakum-pompa-setleri2.jpg 840w\" alt=\"Polymex End\u00fcstriyel Vakum Pompa Setleri\" width=\"840\" height=\"200\" data-orig-src=\"https:\/\/www.polymexkimya.com\/wp-content\/uploads\/2024\/05\/polymex-endustriyel-vakum-pompa-setleri2.jpg\" data-srcset=\"https:\/\/www.polymexkimya.com\/wp-content\/uploads\/2024\/05\/polymex-endustriyel-vakum-pompa-setleri2-200x48.jpg 200w, https:\/\/www.polymexkimya.com\/wp-content\/uploads\/2024\/05\/polymex-endustriyel-vakum-pompa-setleri2-300x71.jpg 300w, https:\/\/www.polymexkimya.com\/wp-content\/uploads\/2024\/05\/polymex-endustriyel-vakum-pompa-setleri2-400x95.jpg 400w, https:\/\/www.polymexkimya.com\/wp-content\/uploads\/2024\/05\/polymex-endustriyel-vakum-pompa-setleri2-600x143.jpg 600w, https:\/\/www.polymexkimya.com\/wp-content\/uploads\/2024\/05\/polymex-endustriyel-vakum-pompa-setleri2-768x183.jpg 768w, https:\/\/www.polymexkimya.com\/wp-content\/uploads\/2024\/05\/polymex-endustriyel-vakum-pompa-setleri2-800x190.jpg 800w, https:\/\/www.polymexkimya.com\/wp-content\/uploads\/2024\/05\/polymex-endustriyel-vakum-pompa-setleri2.jpg 840w\" data-sizes=\"auto\" data-orig-sizes=\"(max-width: 840px) 100vw, 840px\" \/>\r\n\r\nVakum Pompa Ayn\u0131 zamanda ah\u015fap ve b\u0131\u00e7ak kabzas\u0131 stabilize i\u015fleminde \u00fcr\u00fcnlerin kimyasal direncini artt\u0131rmak ve bu \u00fcr\u00fcnleri alkol, etanol, aseton ve monomerler ile akrilik bazl\u0131 polimerler ile \u00e7al\u0131\u015fmaya uygun hale getirmek amac\u0131yla da kullan\u0131l\u0131r. Polymex End\u00fcstriyel Vakum Pompa Setleri.\r\n\r\nOdan\u0131n g\u00f6vdesi paslanmaz \u00e7elik malzemeden imal edilmi\u015ftir ve kapasitesi 15 litredir. \u0130\u00e7 \u00f6l\u00e7\u00fcleri 273 mm (\u00e7ap) ve 250 mm (y\u00fckseklik) tir.\r\n\r\nKapak \u015feffaf ve \u00f6zel bir m\u00fchendislik plasti\u011finden imal edilmi\u015ftir. S\u0131zd\u0131rmazl\u0131k kapak alt\u0131nda bulunan \u00f6zel yap\u0131m bir silikon conta ile sa\u011flanmaktad\u0131r. Kapa\u011f\u0131n sahip oldu\u011fu \u015feffafl\u0131k kabarc\u0131k alma s\u00fcresini g\u00f6zlemlemenizi sa\u011flar. Vakum Pompas\u0131.\r\n\r\nVakum Pompa Manifold \u00fczerinde bulunan iki valf kabarc\u0131k alma i\u015fleminin gidi\u015fat\u0131n\u0131 kontrol etmenizi sa\u011flar ve yine manifol \u00fczerinde bulunan gliserinli vakum saati odan\u0131n i\u00e7indeki mevcut bas\u0131nc\u0131 g\u00f6sterir. Vakum Pompas\u0131.\r\n\r\nOda; kabarc\u0131ktan ar\u0131nd\u0131r\u0131lm\u0131\u015f \u00fcr\u00fcne herhangi bir kirin girmesini \u00f6nlemek amac\u0131yla bir hava filtresi ile korunmaktad\u0131r.\r\n\r\nVakum odas\u0131 \u00f6zel olarak imal edilmi\u015f vakuma dayan\u0131kl\u0131 bir hortum sayesinde bir vakum pompas\u0131na ba\u011flan\u0131r. Hortumun \u00fczerindeki \u00f6zel contalar ve ba\u011flant\u0131 elemanlar\u0131 sayesinde tam s\u0131zd\u0131rmazd\u0131r. Polymex End\u00fcstriyel Vakum Pompa Setleri\r\n\r\nVakum Pompa Kullan\u0131lan pompa end\u00fcstriyel ya\u011fl\u0131 tip paletli bir vakum pompas\u0131d\u0131r. Kullan\u0131lacak prosese g\u00f6re tek ve \u00e7ift kademeli olarak se\u00e7ilebilir. Vakum pompalar\u0131 y\u00fcksek verimlili\u011fe sahip son derece sessiz ve y\u00fcksek vakum de\u011ferine sahip pompalard\u0131r. Entegre ve y\u00fcksek verimli egzos filtresi ile tahliye edilen hava %99.9 ya\u011fs\u0131zd\u0131r ve sorunsuz \u00e7al\u0131\u015f\u0131r. Vakum pompalar\u0131m\u0131z 1 sene garanti alt\u0131ndad\u0131r.\r\n\r\n<b>Safety Precautions:<\/b>\r\n\r\nVakum Pompa Koruyucu elbise g\u00f6zl\u00fck ve eldiven giyilmelidir. Deri ile temas\u0131ndan sak\u0131n\u0131lmal\u0131d\u0131r. G\u00f6ze ve a\u011fza buruna ka\u00e7mas\u0131 durumunda en az 15 dakika bol suyla y\u0131kanmal\u0131d\u0131r ve gerekirse medikal yard\u0131m istenmelidir.\r\n\r\n<b>Notes<\/b>\r\n\r\nVakum Pompa Bu \u00fcr\u00fcn bilgi f\u00f6y\u00fcnde bulunan t\u00fcm teknik veriler laboratuar deneylerine dayanmaktad\u0131r. Ger\u00e7ek de elde edilen veriler, A\u015eY POLYMEKS K\u0130MYA SAN T\u0130C LTD \u015eT\u0130. \u2018nin kontrol\u00fcn\u00fcn \u00f6tesindeki \u015fartlar sebebiyle de\u011fi\u015fkenlik g\u00f6sterebilir.\r\n\r\n<strong>Polymex End\u00fcstriyel Vakum Pompa Setleri<\/strong>","protected":false},"excerpt":{"rendered":"<p>Vakum setleri silikon, re\u00e7ine (poli\u00fcretan, polyester, epoksi) , al\u00e7\u0131, mum gibi kal\u0131plama \u00fcr\u00fcnlerinin i\u00e7indeki hava kabarc\u0131klar\u0131n\u0131 almak amac\u0131yla kullan\u0131l\u0131r.<\/p>","protected":false},"featured_media":7708,"comment_status":"closed","ping_status":"closed","template":"","meta":{"_acf_changed":false},"product_brand":[],"product_cat":[470],"product_tag":[],"class_list":{"0":"post-7707","1":"product","2":"type-product","3":"status-publish","4":"has-post-thumbnail","6":"product_cat-makina-satis-parki","8":"first","9":"instock","10":"taxable","11":"shipping-taxable","12":"product-type-simple"},"acf":[],"_links":{"self":[{"href":"https:\/\/www.polymex.com.tr\/en\/wp-json\/wp\/v2\/product\/7707","targetHints":{"allow":["GET"]}}],"collection":[{"href":"https:\/\/www.polymex.com.tr\/en\/wp-json\/wp\/v2\/product"}],"about":[{"href":"https:\/\/www.polymex.com.tr\/en\/wp-json\/wp\/v2\/types\/product"}],"replies":[{"embeddable":true,"href":"https:\/\/www.polymex.com.tr\/en\/wp-json\/wp\/v2\/comments?post=7707"}],"version-history":[{"count":0,"href":"https:\/\/www.polymex.com.tr\/en\/wp-json\/wp\/v2\/product\/7707\/revisions"}],"wp:featuredmedia":[{"embeddable":true,"href":"https:\/\/www.polymex.com.tr\/en\/wp-json\/wp\/v2\/media\/7708"}],"wp:attachment":[{"href":"https:\/\/www.polymex.com.tr\/en\/wp-json\/wp\/v2\/media?parent=7707"}],"wp:term":[{"taxonomy":"product_brand","embeddable":true,"href":"https:\/\/www.polymex.com.tr\/en\/wp-json\/wp\/v2\/product_brand?post=7707"},{"taxonomy":"product_cat","embeddable":true,"href":"https:\/\/www.polymex.com.tr\/en\/wp-json\/wp\/v2\/product_cat?post=7707"},{"taxonomy":"product_tag","embeddable":true,"href":"https:\/\/www.polymex.com.tr\/en\/wp-json\/wp\/v2\/product_tag?post=7707"}],"curies":[{"name":"wp","href":"https:\/\/api.w.org\/{rel}","templated":true}]}}