{"id":7704,"date":"2025-02-18T13:47:20","date_gmt":"2025-02-18T10:47:20","guid":{"rendered":"https:\/\/www.polymex.com.tr\/?post_type=product&#038;p=7704"},"modified":"2025-10-08T12:25:06","modified_gmt":"2025-10-08T09:25:06","slug":"clk-01-kaucuk-zemin-sonkat-uv-boyasi","status":"publish","type":"product","link":"https:\/\/www.polymex.com.tr\/en\/product-2\/clk-01-kaucuk-zemin-sonkat-uv-boyasi\/","title":{"rendered":"CLK- 01-Kau\u00e7uk Zemin Sonkat Uv Boyas\u0131"},"content":{"rendered":"Kau\u00e7uk Zemin Sonkat Uv Boyas\u0131 Poli\u00fcretan Alifatik Sonkat Boyas\u0131 Parlakl\u0131\u011f\u0131n\u0131 korur. UV ve her t\u00fcrl\u00fc hava ko\u015fullar\u0131nda renk kararl\u0131l\u0131\u011f\u0131n\u0131 korur. \u00c7izilmeye kar\u015f\u0131 a\u015f\u0131r\u0131 diren\u00e7lidir. \u0130ki bile\u015fenli esnek UV dayan\u0131ml\u0131 y\u00fcksek a\u015f\u0131nmaya ve \u00e7izilmeye dayan\u0131ml\u0131 kimyasallara dayan\u0131kl\u0131 renk solmas\u0131 kesinlikle yapmaz k\u00f6t\u00fc hava ko\u015fullar\u0131na dayan\u0131kl\u0131 polyasparik alifatik kaplama malzeme alifatik izosiyanant \u00f6n polimeri ve amin sonland\u0131r\u0131c\u0131 re\u00e7ineden olu\u015fmaktad\u0131r .UV Alifatik boya sarfiyat\u0131 m2 de 300-350,gram m2 uygulanmaktad\u0131r. Kau\u00e7uk Zemin Sonkat Uv Boyas\u0131.\r\n\r\n<img decoding=\"async\" src=\"https:\/\/www.polymexkimya.com\/wp-content\/uploads\/2025\/02\/clk-01-kaucuk-zemin-sonkat-uv-boyasi2.jpg\" alt=\"CLK- 01-Kau\u00e7uk Zemin Sonkat Uv Boyas\u0131\" \/>","protected":false},"excerpt":{"rendered":"<p>Poli\u00fcretan \/ Akrilik \u2013 Alifatik \u0130zosiyanat Esasl\u0131 iki bile\u015fenli\u00a0 Son kat Poli\u00fcretan Alifatik Uv Sonkat Kau\u00e7uk \u00c7elik Beton Zemin sonkat zemin \u00a0boyas\u0131d\u0131r.<\/p>","protected":false},"featured_media":7705,"comment_status":"closed","ping_status":"closed","template":"","meta":{"_acf_changed":false},"product_brand":[],"product_cat":[469],"product_tag":[],"class_list":{"0":"post-7704","1":"product","2":"type-product","3":"status-publish","4":"has-post-thumbnail","6":"product_cat-ozel-boyalar-ve-seffaf-izolasyonlar","8":"first","9":"instock","10":"taxable","11":"shipping-taxable","12":"product-type-simple"},"acf":[],"_links":{"self":[{"href":"https:\/\/www.polymex.com.tr\/en\/wp-json\/wp\/v2\/product\/7704","targetHints":{"allow":["GET"]}}],"collection":[{"href":"https:\/\/www.polymex.com.tr\/en\/wp-json\/wp\/v2\/product"}],"about":[{"href":"https:\/\/www.polymex.com.tr\/en\/wp-json\/wp\/v2\/types\/product"}],"replies":[{"embeddable":true,"href":"https:\/\/www.polymex.com.tr\/en\/wp-json\/wp\/v2\/comments?post=7704"}],"version-history":[{"count":0,"href":"https:\/\/www.polymex.com.tr\/en\/wp-json\/wp\/v2\/product\/7704\/revisions"}],"wp:featuredmedia":[{"embeddable":true,"href":"https:\/\/www.polymex.com.tr\/en\/wp-json\/wp\/v2\/media\/7705"}],"wp:attachment":[{"href":"https:\/\/www.polymex.com.tr\/en\/wp-json\/wp\/v2\/media?parent=7704"}],"wp:term":[{"taxonomy":"product_brand","embeddable":true,"href":"https:\/\/www.polymex.com.tr\/en\/wp-json\/wp\/v2\/product_brand?post=7704"},{"taxonomy":"product_cat","embeddable":true,"href":"https:\/\/www.polymex.com.tr\/en\/wp-json\/wp\/v2\/product_cat?post=7704"},{"taxonomy":"product_tag","embeddable":true,"href":"https:\/\/www.polymex.com.tr\/en\/wp-json\/wp\/v2\/product_tag?post=7704"}],"curies":[{"name":"wp","href":"https:\/\/api.w.org\/{rel}","templated":true}]}}