{"id":7701,"date":"2025-02-18T13:43:20","date_gmt":"2025-02-18T10:43:20","guid":{"rendered":"https:\/\/www.polymex.com.tr\/?post_type=product&#038;p=7701"},"modified":"2025-02-18T13:43:20","modified_gmt":"2025-02-18T10:43:20","slug":"clk-02-uv-cam-boyasi","status":"publish","type":"product","link":"https:\/\/www.polymex.com.tr\/en\/product-2\/clk-02-uv-cam-boyasi\/","title":{"rendered":"Clk-02-Uv Cam Boyas\u0131"},"content":{"rendered":"\u00dcr\u00fcn\u00fcn tan\u0131m\u0131\r\n\r\nCLK-02-Uv Cam\u00a0 Boyas\u0131-su bazl\u0131 saf akrilik esasl\u0131, su ve solventin buharla\u015fmas\u0131 ile kuruyan cam boyas\u0131d\u0131r. Y\u00fcksek sararma direncinin yan\u0131nda, sert ve elastik yap\u0131s\u0131 ile mekanik dayan\u0131m\u0131 y\u00fcksektir. Su bazl\u0131 yap\u0131s\u0131 ve \u00e7ok d\u00fc\u015f\u00fck VOC (u\u00e7ucu organik bile\u015fen) oran\u0131 ile \u00e7evre ve insan sa\u011fl\u0131\u011f\u0131 i\u00e7in tehdit olu\u015fturmaz. Uv Cam Boyas\u0131.\r\n\r\n<strong>Kullan\u0131m Yeri:<\/strong>\r\n\r\nCam ve seramik y\u00fczeyler i\u00e7in uygundur.\r\n\r\nTeknik Bilgi\r\n\r\nG\u00f6r\u00fcn\u00fcm Renkli S\u0131v\u0131.\r\n\r\nKat\u0131 Madde Oran\u0131 (%) 48% \u00b1 1 ( Beyaz renk i\u00e7in)\r\n\r\nViskoziteDIN 6 kab\u0131nda 20\u00b0C de 35-40 sn.\r\n\r\n<strong>Application<\/strong>\r\n\r\nUygulama Metodu Pistole, pompa\r\n\r\n\u0130nceltici Temiz i\u00e7me suyu\r\n\r\n\u0130nceltme Oran\u0131 Gerek duyuldu\u011funda %5 \u2013 %10 su ile\r\n\r\nSarfiyat (m\u00b2\/kg) \u0130stenilen y\u00fczey kalitesine ba\u011fl\u0131 olmakla birlikte, kay\u0131plar hari\u00e7 tek katta 1 kg ile 10-15 m\u00b2 alan kaplanabilir. Kesin sarfiyat i\u00e7in numune \u00e7al\u0131\u015fmas\u0131 yap\u0131lmal\u0131d\u0131r. Uv Cam Boyas\u0131.\r\n\r\n<strong>Drying Time<\/strong>\r\n\r\nToz tutmama 15 dk.\r\n\r\nDokunma 45 dk.\r\n\r\nTekrar uygulama 1-2 saat\r\n\r\nParlakl\u0131k \u0130pek mat (50 gloss)\r\n\r\nClk-02-Uv Cam Boyas\u0131","protected":false},"excerpt":{"rendered":"<p>CLK-02-Uv Cam\u00a0 Boyas\u0131-su bazl\u0131 saf akrilik esasl\u0131, su ve solventin buharla\u015fmas\u0131 ile kuruyan cam boyas\u0131d\u0131r.<\/p>","protected":false},"featured_media":7702,"comment_status":"closed","ping_status":"closed","template":"","meta":{"_acf_changed":false},"product_brand":[],"product_cat":[469],"product_tag":[],"class_list":{"0":"post-7701","1":"product","2":"type-product","3":"status-publish","4":"has-post-thumbnail","6":"product_cat-ozel-boyalar-ve-seffaf-izolasyonlar","8":"first","9":"instock","10":"taxable","11":"shipping-taxable","12":"product-type-simple"},"acf":[],"_links":{"self":[{"href":"https:\/\/www.polymex.com.tr\/en\/wp-json\/wp\/v2\/product\/7701","targetHints":{"allow":["GET"]}}],"collection":[{"href":"https:\/\/www.polymex.com.tr\/en\/wp-json\/wp\/v2\/product"}],"about":[{"href":"https:\/\/www.polymex.com.tr\/en\/wp-json\/wp\/v2\/types\/product"}],"replies":[{"embeddable":true,"href":"https:\/\/www.polymex.com.tr\/en\/wp-json\/wp\/v2\/comments?post=7701"}],"version-history":[{"count":0,"href":"https:\/\/www.polymex.com.tr\/en\/wp-json\/wp\/v2\/product\/7701\/revisions"}],"wp:featuredmedia":[{"embeddable":true,"href":"https:\/\/www.polymex.com.tr\/en\/wp-json\/wp\/v2\/media\/7702"}],"wp:attachment":[{"href":"https:\/\/www.polymex.com.tr\/en\/wp-json\/wp\/v2\/media?parent=7701"}],"wp:term":[{"taxonomy":"product_brand","embeddable":true,"href":"https:\/\/www.polymex.com.tr\/en\/wp-json\/wp\/v2\/product_brand?post=7701"},{"taxonomy":"product_cat","embeddable":true,"href":"https:\/\/www.polymex.com.tr\/en\/wp-json\/wp\/v2\/product_cat?post=7701"},{"taxonomy":"product_tag","embeddable":true,"href":"https:\/\/www.polymex.com.tr\/en\/wp-json\/wp\/v2\/product_tag?post=7701"}],"curies":[{"name":"wp","href":"https:\/\/api.w.org\/{rel}","templated":true}]}}