{"id":7694,"date":"2025-02-18T13:36:55","date_gmt":"2025-02-18T10:36:55","guid":{"rendered":"https:\/\/www.polymex.com.tr\/?post_type=product&#038;p=7694"},"modified":"2025-06-02T23:17:43","modified_gmt":"2025-06-02T20:17:43","slug":"clk-03-sivi-cam-seffaf-izolasyon-malzemesi","status":"publish","type":"product","link":"https:\/\/www.polymex.com.tr\/en\/product-2\/clk-03-sivi-cam-seffaf-izolasyon-malzemesi\/","title":{"rendered":"CLK-03-S\u0131v\u0131 Cam \u015eeffaf \u0130zolasyon Malzemesi"},"content":{"rendered":"Tan\u0131m\u0131: S\u0131v\u0131 Cam \u015eeffaf \u0130zolasyon S\u0131v\u0131 cam, seramik, mermer, granit, fayans, do\u011fal ta\u015f, beton gibi \u00e7e\u015fitli y\u00fczeylere kolayca uygulanabilen, UV \u0131\u015f\u0131nlar\u0131na dayan\u0131kl\u0131, kimyasal ve fiziksel etkilere kar\u015f\u0131 diren\u00e7li, iki bile\u015fenli, \u015feffaf bir zemin izolasyon kaplamas\u0131d\u0131r. Hem su yal\u0131t\u0131m\u0131 hem de dekoratif ama\u00e7larla kullan\u0131labilir. Kuruduktan sonra \u015feffaf, elastik ve eksiz bir katman olu\u015fturarak y\u00fczeyi korur. S\u0131v\u0131 Cam \u015eeffaf \u0130zolasyon\r\n\r\nS\u0131v\u0131 cam izolasyon, \u015feffaf su yal\u0131t\u0131m\u0131 olarak bilinir. Bu iki bile\u015fenli \u00fcr\u00fcn\u00fcn A bile\u015feni 1,kg, B bile\u015feni ise 1,kg\u2019d\u0131r.\r\n\r\nS\u0131v\u0131 cam izolasyon, \u015feffaf su yal\u0131t\u0131m\u0131 Kar\u0131\u015f\u0131m haz\u0131rlamak i\u00e7in A bile\u015feninden 1 \u00f6l\u00e7\u00fc, B bile\u015feninden 1 \u00f6l\u00e7\u00fc al\u0131narak iyice kar\u0131\u015ft\u0131r\u0131l\u0131r. Daha sonra rulo yard\u0131m\u0131yla y\u00fczeye e\u015fit \u015fekilde uygulan\u0131r. Uygulama sonras\u0131nda y\u00fczeyde \u015feffaf, su ge\u00e7irmeyen ve dayan\u0131kl\u0131 bir tabaka olu\u015fur. Bu tabaka, zemine cam gibi parlak ve su itici bir g\u00f6r\u00fcn\u00fcm kazand\u0131r\u0131r.","protected":false},"excerpt":{"rendered":"<p>S\u0131v\u0131 Cam \u015eeffaf \u0130zolasyon S\u0131v\u0131 cam, seramik, mermer, granit, fayans, do\u011fal ta\u015f, beton gibi \u00e7e\u015fitli y\u00fczeylere kolayca uygulanabilen, UV \u0131\u015f\u0131nlar\u0131na dayan\u0131kl\u0131, kimyasal ve fiziksel etkilere kar\u015f\u0131 diren\u00e7li, iki bile\u015fenli, \u015feffaf bir zemin izolasyon kaplamas\u0131d\u0131r.<\/p>","protected":false},"featured_media":7695,"comment_status":"closed","ping_status":"closed","template":"","meta":{"_acf_changed":false},"product_brand":[],"product_cat":[469],"product_tag":[],"class_list":{"0":"post-7694","1":"product","2":"type-product","3":"status-publish","4":"has-post-thumbnail","6":"product_cat-ozel-boyalar-ve-seffaf-izolasyonlar","8":"first","9":"instock","10":"taxable","11":"shipping-taxable","12":"product-type-simple"},"acf":[],"_links":{"self":[{"href":"https:\/\/www.polymex.com.tr\/en\/wp-json\/wp\/v2\/product\/7694","targetHints":{"allow":["GET"]}}],"collection":[{"href":"https:\/\/www.polymex.com.tr\/en\/wp-json\/wp\/v2\/product"}],"about":[{"href":"https:\/\/www.polymex.com.tr\/en\/wp-json\/wp\/v2\/types\/product"}],"replies":[{"embeddable":true,"href":"https:\/\/www.polymex.com.tr\/en\/wp-json\/wp\/v2\/comments?post=7694"}],"version-history":[{"count":0,"href":"https:\/\/www.polymex.com.tr\/en\/wp-json\/wp\/v2\/product\/7694\/revisions"}],"wp:featuredmedia":[{"embeddable":true,"href":"https:\/\/www.polymex.com.tr\/en\/wp-json\/wp\/v2\/media\/7695"}],"wp:attachment":[{"href":"https:\/\/www.polymex.com.tr\/en\/wp-json\/wp\/v2\/media?parent=7694"}],"wp:term":[{"taxonomy":"product_brand","embeddable":true,"href":"https:\/\/www.polymex.com.tr\/en\/wp-json\/wp\/v2\/product_brand?post=7694"},{"taxonomy":"product_cat","embeddable":true,"href":"https:\/\/www.polymex.com.tr\/en\/wp-json\/wp\/v2\/product_cat?post=7694"},{"taxonomy":"product_tag","embeddable":true,"href":"https:\/\/www.polymex.com.tr\/en\/wp-json\/wp\/v2\/product_tag?post=7694"}],"curies":[{"name":"wp","href":"https:\/\/api.w.org\/{rel}","templated":true}]}}