{"id":7649,"date":"2024-12-29T10:19:21","date_gmt":"2024-12-29T07:19:21","guid":{"rendered":"https:\/\/www.polymex.com.tr\/?post_type=product&#038;p=7649"},"modified":"2025-06-02T23:17:44","modified_gmt":"2025-06-02T20:17:44","slug":"p-5077-uv-dayanimli-seffaf-tek-bilesenli-su-bazli-tashali-baglayicisi","status":"publish","type":"product","link":"https:\/\/www.polymex.com.tr\/en\/product-2\/p-5077-uv-dayanimli-seffaf-tek-bilesenli-su-bazli-tashali-baglayicisi\/","title":{"rendered":"P-5077 UV Dayan\u0131ml\u0131 \u015eeffaf Tek Bile\u015fenli Su Bazl\u0131 Ta\u015fhal\u0131 Ba\u011flay\u0131c\u0131s\u0131"},"content":{"rendered":"","protected":false},"excerpt":{"rendered":"<p>Akrilik Lateks Poli\u00fcretan Ba\u011flay\u0131c\u0131 Su Bazl\u0131 Re\u00e7ine Esasl\u0131 Ta\u015fhal\u0131 Ba\u011flay\u0131c\u0131s\u0131d\u0131r. Tek bile\u015fenli solvent i\u00e7ermeyen,Su bazl\u0131 \u00a0UV dayan\u0131ml\u0131, \u015feffaf ta\u015fhal\u0131 ba\u011flay\u0131c\u0131s\u0131.<\/p>","protected":false},"featured_media":7650,"comment_status":"closed","ping_status":"closed","template":"","meta":{"_acf_changed":false},"product_brand":[],"product_cat":[384],"product_tag":[],"class_list":{"0":"post-7649","1":"product","2":"type-product","3":"status-publish","4":"has-post-thumbnail","6":"product_cat-tas-hali-zemin-kaplama-sistemleri","8":"first","9":"instock","10":"taxable","11":"shipping-taxable","12":"product-type-simple"},"acf":[],"_links":{"self":[{"href":"https:\/\/www.polymex.com.tr\/en\/wp-json\/wp\/v2\/product\/7649","targetHints":{"allow":["GET"]}}],"collection":[{"href":"https:\/\/www.polymex.com.tr\/en\/wp-json\/wp\/v2\/product"}],"about":[{"href":"https:\/\/www.polymex.com.tr\/en\/wp-json\/wp\/v2\/types\/product"}],"replies":[{"embeddable":true,"href":"https:\/\/www.polymex.com.tr\/en\/wp-json\/wp\/v2\/comments?post=7649"}],"version-history":[{"count":0,"href":"https:\/\/www.polymex.com.tr\/en\/wp-json\/wp\/v2\/product\/7649\/revisions"}],"wp:featuredmedia":[{"embeddable":true,"href":"https:\/\/www.polymex.com.tr\/en\/wp-json\/wp\/v2\/media\/7650"}],"wp:attachment":[{"href":"https:\/\/www.polymex.com.tr\/en\/wp-json\/wp\/v2\/media?parent=7649"}],"wp:term":[{"taxonomy":"product_brand","embeddable":true,"href":"https:\/\/www.polymex.com.tr\/en\/wp-json\/wp\/v2\/product_brand?post=7649"},{"taxonomy":"product_cat","embeddable":true,"href":"https:\/\/www.polymex.com.tr\/en\/wp-json\/wp\/v2\/product_cat?post=7649"},{"taxonomy":"product_tag","embeddable":true,"href":"https:\/\/www.polymex.com.tr\/en\/wp-json\/wp\/v2\/product_tag?post=7649"}],"curies":[{"name":"wp","href":"https:\/\/api.w.org\/{rel}","templated":true}]}}