{"id":7609,"date":"2024-11-12T11:26:44","date_gmt":"2024-11-12T08:26:44","guid":{"rendered":"https:\/\/www.polymex.com.tr\/?post_type=product&#038;p=7609"},"modified":"2025-06-02T23:17:44","modified_gmt":"2025-06-02T20:17:44","slug":"p-5091-epoksi-seramik-yapistirici","status":"publish","type":"product","link":"https:\/\/www.polymex.com.tr\/en\/product-2\/p-5091-epoksi-seramik-yapistirici\/","title":{"rendered":"P-5091 Epoksi Seramik Yap\u0131\u015ft\u0131r\u0131c\u0131"},"content":{"rendered":"RG2 s\u0131n\u0131f\u0131 y\u00fcksek yap\u0131\u015fma mukavemetine sahip solvent i\u00e7ermeyen, makineli sistem ile uygulanabilen ve su ile silinebilen A+B+ iki bile\u015fenli likit Epoksi Seramik Yap\u0131\u015ft\u0131r\u0131c\u0131\r\n\r\n<strong>Areas of use<\/strong> : Seramik ve Fayans Zemin ve duvar d\u00f6\u015femelerinde \u00f6zel olarak kullan\u0131l\u0131r. G\u0131da Sanayi (Et, Bal\u0131k, S\u00fct, S\u00fct \u00dcr\u00fcnleri, Unlu Mamuller, Ya\u011f, Yemek, \u0130\u00e7ecek, vs. Sa\u011fl\u0131k Sekt\u00f6r\u00fc (Hastane, Laboratuvar, \u0130la\u00e7 \u00dcretim-Depolama), Kimya, Petro Kimya, Otomotiv, Kozmetik, Lojistik ve Ula\u015f\u0131m, Turizm Sekt\u00f6rleri, AVM ve S\u00fcpermarketler, vs. Epoksi Seramik Yap\u0131\u015ft\u0131r\u0131c\u0131.","protected":false},"excerpt":{"rendered":"<p>: Solventsiz Epoksi Re\u00e7ine esasl\u0131 \u00d6zel olarak dolguland\u0131r\u0131lm\u0131\u015f Epoksi seramik yap\u0131\u015ft\u0131r\u0131c\u0131s\u0131d\u0131r.<\/p>\n<p>End\u00fcstriyel tesislerdeki vibrasyonlu sistem karo uygulamalar\u0131 i\u00e7in geli\u015ftirilmi\u015f jel macun tipi epoksi esasl\u0131 R2 s\u0131n\u0131f\u0131 y\u00fcksek yap\u0131\u015fma mukavemetine sahip, solvent i\u00e7ermeyen, su ile silinebilen yap\u0131\u015ft\u0131r\u0131c\u0131 ve \u00e7ok ama\u00e7l\u0131 tamir harc\u0131d\u0131r.<\/p>","protected":false},"featured_media":7596,"comment_status":"closed","ping_status":"closed","template":"","meta":{"_acf_changed":false},"product_brand":[],"product_cat":[460],"product_tag":[465,464],"class_list":{"0":"post-7609","1":"product","2":"type-product","3":"status-publish","4":"has-post-thumbnail","6":"product_cat-mermer-seramik-kaplama-ve-yapistiricilar","7":"product_tag-epoksi-seramik-yapistirici","8":"product_tag-p-5091","10":"first","11":"instock","12":"taxable","13":"shipping-taxable","14":"product-type-simple"},"acf":[],"_links":{"self":[{"href":"https:\/\/www.polymex.com.tr\/en\/wp-json\/wp\/v2\/product\/7609","targetHints":{"allow":["GET"]}}],"collection":[{"href":"https:\/\/www.polymex.com.tr\/en\/wp-json\/wp\/v2\/product"}],"about":[{"href":"https:\/\/www.polymex.com.tr\/en\/wp-json\/wp\/v2\/types\/product"}],"replies":[{"embeddable":true,"href":"https:\/\/www.polymex.com.tr\/en\/wp-json\/wp\/v2\/comments?post=7609"}],"version-history":[{"count":0,"href":"https:\/\/www.polymex.com.tr\/en\/wp-json\/wp\/v2\/product\/7609\/revisions"}],"wp:featuredmedia":[{"embeddable":true,"href":"https:\/\/www.polymex.com.tr\/en\/wp-json\/wp\/v2\/media\/7596"}],"wp:attachment":[{"href":"https:\/\/www.polymex.com.tr\/en\/wp-json\/wp\/v2\/media?parent=7609"}],"wp:term":[{"taxonomy":"product_brand","embeddable":true,"href":"https:\/\/www.polymex.com.tr\/en\/wp-json\/wp\/v2\/product_brand?post=7609"},{"taxonomy":"product_cat","embeddable":true,"href":"https:\/\/www.polymex.com.tr\/en\/wp-json\/wp\/v2\/product_cat?post=7609"},{"taxonomy":"product_tag","embeddable":true,"href":"https:\/\/www.polymex.com.tr\/en\/wp-json\/wp\/v2\/product_tag?post=7609"}],"curies":[{"name":"wp","href":"https:\/\/api.w.org\/{rel}","templated":true}]}}