{"id":7604,"date":"2024-11-12T11:18:10","date_gmt":"2024-11-12T08:18:10","guid":{"rendered":"https:\/\/www.polymex.com.tr\/?post_type=product&#038;p=7604"},"modified":"2025-06-02T23:17:44","modified_gmt":"2025-06-02T20:17:44","slug":"p-3050-mermer-tas-yapistiricisi","status":"publish","type":"product","link":"https:\/\/www.polymex.com.tr\/en\/product-2\/p-3050-mermer-tas-yapistiricisi\/","title":{"rendered":"P-3050-MERMER TA\u015e YAPI\u015eTIRICISI"},"content":{"rendered":"Mermer Ta\u015f Poli\u00fcretan Yap\u0131\u015ft\u0131r\u0131c\u0131d\u0131r. Mermer, granit, traverten, do\u011fal ta\u015f, suni mermer, seramik, tu\u011fla gibi malzemelerin yap\u0131\u015ft\u0131rma, tamir ve dolgu i\u015flemlerinde kullan\u0131l\u0131r. D\u00fc\u015fey ve Yatay uygulamalar i\u00e7in uygundur. Mermer Ta\u015f Yap\u0131\u015ft\u0131r\u0131c\u0131d\u0131r.\r\n\r\n<strong>Areas of Use<\/strong>\r\n\r\nPolymex -3050<strong>&#8211;<\/strong>Mermer sanayi \u00a0Ta\u015f sanayi \u00a0Sa\u00e7 \u00c7elik Demir Metal otomotiv, a\u011f\u0131r i\u015f makinalar\u0131, \u00a0ta\u015f- ve sa\u00e7 \u00e7elik ve di\u011fer sekt\u00f6rlerde end\u00fcstriyel mermer ta\u015f imalat\u0131nda kullan\u0131l\u0131r. Granit Mermer Traverten Kire\u00e7 ta\u015f\u0131 Pi\u015fmi\u015f Toprak (Terracotta) Beton, Seramik, Kum Ta\u015f\u0131, Karo Mozaik (Terrazzo),\u00c7imento Karo, Tu\u011fla, Porselen, Fayans, Gaz, Beton, Kayrak, Andezit, Ankraj, Ah\u015fap \u2013 Parke, MDF\u00e7ini fayans seramik ta\u015f birbiri ile yap\u0131\u015ft\u0131r\u0131lmas\u0131nda \u00a0Mermer Ta\u015f Yap\u0131\u015ft\u0131r\u0131c\u0131d\u0131r.","protected":false},"excerpt":{"rendered":"<p>Polymex -3050<strong>&#8211;<\/strong>Akrilik Polimer do\u011fal ve sentetik poliollerin kar\u0131\u015f\u0131m\u0131ndan olu\u015fan, \u00f6zel dolguland\u0131r\u0131lm\u0131\u015f, h\u0131zl\u0131 k\u00fcrlenen, kimyasallara dayan\u0131kl\u0131\u00a0 iki komponentli poli\u00fcretan mermer ta\u015f yap\u0131\u015ft\u0131r\u0131c\u0131d\u0131r.<\/p>","protected":false},"featured_media":7597,"comment_status":"closed","ping_status":"closed","template":"","meta":{"_acf_changed":false},"product_brand":[],"product_cat":[460],"product_tag":[463,462],"class_list":{"0":"post-7604","1":"product","2":"type-product","3":"status-publish","4":"has-post-thumbnail","6":"product_cat-mermer-seramik-kaplama-ve-yapistiricilar","7":"product_tag-mermer-tas-yapistiricisi","8":"product_tag-p-3050","10":"first","11":"instock","12":"taxable","13":"shipping-taxable","14":"product-type-simple"},"acf":[],"_links":{"self":[{"href":"https:\/\/www.polymex.com.tr\/en\/wp-json\/wp\/v2\/product\/7604","targetHints":{"allow":["GET"]}}],"collection":[{"href":"https:\/\/www.polymex.com.tr\/en\/wp-json\/wp\/v2\/product"}],"about":[{"href":"https:\/\/www.polymex.com.tr\/en\/wp-json\/wp\/v2\/types\/product"}],"replies":[{"embeddable":true,"href":"https:\/\/www.polymex.com.tr\/en\/wp-json\/wp\/v2\/comments?post=7604"}],"version-history":[{"count":0,"href":"https:\/\/www.polymex.com.tr\/en\/wp-json\/wp\/v2\/product\/7604\/revisions"}],"wp:featuredmedia":[{"embeddable":true,"href":"https:\/\/www.polymex.com.tr\/en\/wp-json\/wp\/v2\/media\/7597"}],"wp:attachment":[{"href":"https:\/\/www.polymex.com.tr\/en\/wp-json\/wp\/v2\/media?parent=7604"}],"wp:term":[{"taxonomy":"product_brand","embeddable":true,"href":"https:\/\/www.polymex.com.tr\/en\/wp-json\/wp\/v2\/product_brand?post=7604"},{"taxonomy":"product_cat","embeddable":true,"href":"https:\/\/www.polymex.com.tr\/en\/wp-json\/wp\/v2\/product_cat?post=7604"},{"taxonomy":"product_tag","embeddable":true,"href":"https:\/\/www.polymex.com.tr\/en\/wp-json\/wp\/v2\/product_tag?post=7604"}],"curies":[{"name":"wp","href":"https:\/\/api.w.org\/{rel}","templated":true}]}}