{"id":7586,"date":"2024-10-11T11:14:14","date_gmt":"2024-10-11T08:14:14","guid":{"rendered":"https:\/\/www.polymex.com.tr\/?post_type=product&#038;p=7586"},"modified":"2025-06-02T23:17:44","modified_gmt":"2025-06-02T20:17:44","slug":"p-4035-tashali-boyasi-polyaspartik-sonkat-boyasi","status":"publish","type":"product","link":"https:\/\/www.polymex.com.tr\/en\/product-2\/p-4035-tashali-boyasi-polyaspartik-sonkat-boyasi\/","title":{"rendered":"P-4035 Ta\u015fhal\u0131 Boyas\u0131 Polyaspartik Sonkat Boyas\u0131"},"content":{"rendered":"","protected":false},"excerpt":{"rendered":"<p>Polyaspartic Poli\u00fcretan \/ Akrilik \u2013 Alifatik \u0130zosiyanat Esasl\u0131 iki bile\u015fenli\u00a0 Son kat Polyaspartic Poli\u00fcretan Alifatik Uv Sonkat Ta\u015fhal\u0131 Boyas\u0131 Polyaspartik Sonkat Boyas\u0131<\/p>","protected":false},"featured_media":7588,"comment_status":"open","ping_status":"closed","template":"","meta":{"_acf_changed":false},"product_brand":[],"product_cat":[384,65],"product_tag":[459,458],"class_list":{"0":"post-7586","1":"product","2":"type-product","3":"status-publish","4":"has-post-thumbnail","6":"product_cat-tas-hali-zemin-kaplama-sistemleri","7":"product_cat-uv-dayanikli-boyalar","8":"product_tag-polyaspartik-sonkat-boyasi","9":"product_tag-tas-hali-boyasi","11":"first","12":"instock","13":"taxable","14":"shipping-taxable","15":"product-type-simple"},"acf":[],"_links":{"self":[{"href":"https:\/\/www.polymex.com.tr\/en\/wp-json\/wp\/v2\/product\/7586","targetHints":{"allow":["GET"]}}],"collection":[{"href":"https:\/\/www.polymex.com.tr\/en\/wp-json\/wp\/v2\/product"}],"about":[{"href":"https:\/\/www.polymex.com.tr\/en\/wp-json\/wp\/v2\/types\/product"}],"replies":[{"embeddable":true,"href":"https:\/\/www.polymex.com.tr\/en\/wp-json\/wp\/v2\/comments?post=7586"}],"version-history":[{"count":0,"href":"https:\/\/www.polymex.com.tr\/en\/wp-json\/wp\/v2\/product\/7586\/revisions"}],"wp:featuredmedia":[{"embeddable":true,"href":"https:\/\/www.polymex.com.tr\/en\/wp-json\/wp\/v2\/media\/7588"}],"wp:attachment":[{"href":"https:\/\/www.polymex.com.tr\/en\/wp-json\/wp\/v2\/media?parent=7586"}],"wp:term":[{"taxonomy":"product_brand","embeddable":true,"href":"https:\/\/www.polymex.com.tr\/en\/wp-json\/wp\/v2\/product_brand?post=7586"},{"taxonomy":"product_cat","embeddable":true,"href":"https:\/\/www.polymex.com.tr\/en\/wp-json\/wp\/v2\/product_cat?post=7586"},{"taxonomy":"product_tag","embeddable":true,"href":"https:\/\/www.polymex.com.tr\/en\/wp-json\/wp\/v2\/product_tag?post=7586"}],"curies":[{"name":"wp","href":"https:\/\/api.w.org\/{rel}","templated":true}]}}