{"id":7543,"date":"2024-07-18T10:04:05","date_gmt":"2024-07-18T07:04:05","guid":{"rendered":"https:\/\/www.polymex.com.tr\/?post_type=product&#038;p=7543"},"modified":"2025-06-02T23:17:44","modified_gmt":"2025-06-02T20:17:44","slug":"p-877-mma-esasli-astar-kimyasala-dayanikli-zemin-kaplama-astari","status":"publish","type":"product","link":"https:\/\/www.polymex.com.tr\/en\/product-2\/p-877-mma-esasli-astar-kimyasala-dayanikli-zemin-kaplama-astari\/","title":{"rendered":"P-877 MMA Based Primer Chemical Resistant Floor Coating Primer"},"content":{"rendered":"MMA Re\u00e7ine Esasl\u0131 \u0130ki Bile\u015fenli solventsiz kimyasala dayan\u0131kl\u0131 Solventsiz MMA Zemin Astar\u0131, , %100 kat\u0131 madde ihtiva eden, Kimyasala dayan\u0131kl\u0131 MMA Re\u00e7ine Esasl\u0131, solventsiz, \u015feffaf iki bile\u015fenli astard\u0131r. POZ ( TS EN 1504-2 ) Zemin Astar\u0131, , %100 kat\u0131 madde ihtiva eden, \u015eeffaf iki bile\u015fenli MMA astard\u0131r. Beton y\u00fczeyin g\u00f6zeneklerini doldurur ve malzeme ile y\u00fczeyin M\u00fckemmel bir \u015fekilde yap\u0131\u015fmas\u0131na imk\u00e2n sa\u011flar.","protected":false},"excerpt":{"rendered":"<p>%100 kat\u0131 madde ihtiva eden, Kimyasala dayan\u0131kl\u0131 MMA Re\u00e7ine Esasl\u0131, solventsiz, \u015feffaf iki bile\u015fenli astard\u0131r.<\/p>","protected":false},"featured_media":7546,"comment_status":"open","ping_status":"closed","template":"","meta":{"_acf_changed":false},"product_brand":[],"product_cat":[55],"product_tag":[457,456],"class_list":{"0":"post-7543","1":"product","2":"type-product","3":"status-publish","4":"has-post-thumbnail","6":"product_cat-astarlar","7":"product_tag-kimyasala-dayanikli-zemin-astar","8":"product_tag-zemin-kaplama-astari","10":"first","11":"instock","12":"taxable","13":"shipping-taxable","14":"product-type-simple"},"acf":[],"_links":{"self":[{"href":"https:\/\/www.polymex.com.tr\/en\/wp-json\/wp\/v2\/product\/7543","targetHints":{"allow":["GET"]}}],"collection":[{"href":"https:\/\/www.polymex.com.tr\/en\/wp-json\/wp\/v2\/product"}],"about":[{"href":"https:\/\/www.polymex.com.tr\/en\/wp-json\/wp\/v2\/types\/product"}],"replies":[{"embeddable":true,"href":"https:\/\/www.polymex.com.tr\/en\/wp-json\/wp\/v2\/comments?post=7543"}],"version-history":[{"count":0,"href":"https:\/\/www.polymex.com.tr\/en\/wp-json\/wp\/v2\/product\/7543\/revisions"}],"wp:featuredmedia":[{"embeddable":true,"href":"https:\/\/www.polymex.com.tr\/en\/wp-json\/wp\/v2\/media\/7546"}],"wp:attachment":[{"href":"https:\/\/www.polymex.com.tr\/en\/wp-json\/wp\/v2\/media?parent=7543"}],"wp:term":[{"taxonomy":"product_brand","embeddable":true,"href":"https:\/\/www.polymex.com.tr\/en\/wp-json\/wp\/v2\/product_brand?post=7543"},{"taxonomy":"product_cat","embeddable":true,"href":"https:\/\/www.polymex.com.tr\/en\/wp-json\/wp\/v2\/product_cat?post=7543"},{"taxonomy":"product_tag","embeddable":true,"href":"https:\/\/www.polymex.com.tr\/en\/wp-json\/wp\/v2\/product_tag?post=7543"}],"curies":[{"name":"wp","href":"https:\/\/api.w.org\/{rel}","templated":true}]}}