{"id":7513,"date":"2024-05-08T09:23:32","date_gmt":"2024-05-08T06:23:32","guid":{"rendered":"https:\/\/www.polymex.com.tr\/?post_type=product&#038;p=7513"},"modified":"2025-06-02T23:17:44","modified_gmt":"2025-06-02T20:17:44","slug":"p-5095-iki-bilesenli-seffaf-beton-cilasi","status":"publish","type":"product","link":"https:\/\/www.polymex.com.tr\/en\/product-2\/p-5095-iki-bilesenli-seffaf-beton-cilasi\/","title":{"rendered":"P-5095 Two Component Clear Concrete Polish"},"content":{"rendered":"Poli\u00fcretan \u00a0Silan Siloksan k\u00f6kenli Polymex 5095 \u0130ki Bile\u015fenli \u015eeffaf Beton zemin kaplamas\u0131. Her t\u00fcrl\u00fc beton, yapay ve do\u011fal ta\u015f y\u00fczeyin korunmas\u0131nda ve parlat\u0131lmas\u0131nda kullan\u0131lan \u00f6zel katk\u0131larla form\u00fcle edilmi\u015f, akrilik re\u00e7ine esasl\u0131 bir malzemedir. Do\u011fal g\u00f6r\u00fcn\u00fcml\u00fc, renkli asit (stain), prekast koruma veya y\u00fczey sertle\u015ftirici i\u015flemi uygulanm\u0131\u015f her t\u00fcrl\u00fc y\u00fczeyin b\u00fcnyesine n\u00fcfuz ederek k\u00fcr vazifesi g\u00f6ren, uzun s\u00fcreli koruma, tozumazl\u0131k, y\u00fczey direnci ve estetik bir g\u00f6r\u00fcn\u00fcm sa\u011flayan son kat kaplamad\u0131r.","protected":false},"excerpt":{"rendered":"<p>Polymex 5095 Polyurethane Acrylic Silane Siloxane based concrete curing and polishing material that does not disappear from the surface, transparent, shiny, used for the impermeability and curing of concrete.<\/p>","protected":false},"featured_media":7503,"comment_status":"open","ping_status":"closed","template":"","meta":{"_acf_changed":false},"product_brand":[],"product_cat":[58],"product_tag":[],"class_list":{"0":"post-7513","1":"product","2":"type-product","3":"status-publish","4":"has-post-thumbnail","6":"product_cat-epoksi-zemin-kaplamalari","8":"first","9":"instock","10":"taxable","11":"shipping-taxable","12":"product-type-simple"},"acf":[],"_links":{"self":[{"href":"https:\/\/www.polymex.com.tr\/en\/wp-json\/wp\/v2\/product\/7513","targetHints":{"allow":["GET"]}}],"collection":[{"href":"https:\/\/www.polymex.com.tr\/en\/wp-json\/wp\/v2\/product"}],"about":[{"href":"https:\/\/www.polymex.com.tr\/en\/wp-json\/wp\/v2\/types\/product"}],"replies":[{"embeddable":true,"href":"https:\/\/www.polymex.com.tr\/en\/wp-json\/wp\/v2\/comments?post=7513"}],"version-history":[{"count":0,"href":"https:\/\/www.polymex.com.tr\/en\/wp-json\/wp\/v2\/product\/7513\/revisions"}],"wp:featuredmedia":[{"embeddable":true,"href":"https:\/\/www.polymex.com.tr\/en\/wp-json\/wp\/v2\/media\/7503"}],"wp:attachment":[{"href":"https:\/\/www.polymex.com.tr\/en\/wp-json\/wp\/v2\/media?parent=7513"}],"wp:term":[{"taxonomy":"product_brand","embeddable":true,"href":"https:\/\/www.polymex.com.tr\/en\/wp-json\/wp\/v2\/product_brand?post=7513"},{"taxonomy":"product_cat","embeddable":true,"href":"https:\/\/www.polymex.com.tr\/en\/wp-json\/wp\/v2\/product_cat?post=7513"},{"taxonomy":"product_tag","embeddable":true,"href":"https:\/\/www.polymex.com.tr\/en\/wp-json\/wp\/v2\/product_tag?post=7513"}],"curies":[{"name":"wp","href":"https:\/\/api.w.org\/{rel}","templated":true}]}}