{"id":7498,"date":"2024-05-08T09:01:40","date_gmt":"2024-05-08T06:01:40","guid":{"rendered":"https:\/\/www.polymex.com.tr\/?post_type=product&#038;p=7498"},"modified":"2025-06-02T23:17:44","modified_gmt":"2025-06-02T20:17:44","slug":"p-3060-polyurea-dokum-recinesi","status":"publish","type":"product","link":"https:\/\/www.polymex.com.tr\/en\/product-2\/p-3060-polyurea-dokum-recinesi\/","title":{"rendered":"P-3060 Polyurea Casting Resin"},"content":{"rendered":"","protected":false},"excerpt":{"rendered":"<p>Polymex-3060 &#8211; Polyurea D\u00f6k\u00fcm Re\u00e7inesi \u00c7ok h\u0131zl\u0131 k\u00fcrle\u015fen, 2 komponentli 100% saf polyurea sistemdir. \u0130zosiyanat prepolimer ve amin sonlu re\u00e7ine tepkimesiyle olu\u015fan esnek, %100 kat\u0131 madde malzemesidir.<\/p>\n<p>Polymex-3060- Polyurea D\u00f6k\u00fcm Re\u00e7inesi -Yap\u0131s\u0131nda solvent ve u\u00e7ucu bile\u015fen i\u00e7ermeyen 2 kompenantl\u0131 3:1 oran\u0131nda kullan\u0131lan derz, dilatasyon noktalar\u0131 ve beton \u00e7atlaklar\u0131 i\u00e7in tasarlanm\u0131\u015f 10 dakikada kuruyan, elastikiyete sahip poli\u00fcrea bazl\u0131 dolgu Re\u00e7inesidir.<\/p>","protected":false},"featured_media":7500,"comment_status":"open","ping_status":"closed","template":"","meta":{"_acf_changed":false},"product_brand":[],"product_cat":[57],"product_tag":[],"class_list":{"0":"post-7498","1":"product","2":"type-product","3":"status-publish","4":"has-post-thumbnail","6":"product_cat-elektrik-izolasyon-ve-dokum-recineleri","8":"first","9":"instock","10":"taxable","11":"shipping-taxable","12":"product-type-simple"},"acf":[],"_links":{"self":[{"href":"https:\/\/www.polymex.com.tr\/en\/wp-json\/wp\/v2\/product\/7498","targetHints":{"allow":["GET"]}}],"collection":[{"href":"https:\/\/www.polymex.com.tr\/en\/wp-json\/wp\/v2\/product"}],"about":[{"href":"https:\/\/www.polymex.com.tr\/en\/wp-json\/wp\/v2\/types\/product"}],"replies":[{"embeddable":true,"href":"https:\/\/www.polymex.com.tr\/en\/wp-json\/wp\/v2\/comments?post=7498"}],"version-history":[{"count":0,"href":"https:\/\/www.polymex.com.tr\/en\/wp-json\/wp\/v2\/product\/7498\/revisions"}],"wp:featuredmedia":[{"embeddable":true,"href":"https:\/\/www.polymex.com.tr\/en\/wp-json\/wp\/v2\/media\/7500"}],"wp:attachment":[{"href":"https:\/\/www.polymex.com.tr\/en\/wp-json\/wp\/v2\/media?parent=7498"}],"wp:term":[{"taxonomy":"product_brand","embeddable":true,"href":"https:\/\/www.polymex.com.tr\/en\/wp-json\/wp\/v2\/product_brand?post=7498"},{"taxonomy":"product_cat","embeddable":true,"href":"https:\/\/www.polymex.com.tr\/en\/wp-json\/wp\/v2\/product_cat?post=7498"},{"taxonomy":"product_tag","embeddable":true,"href":"https:\/\/www.polymex.com.tr\/en\/wp-json\/wp\/v2\/product_tag?post=7498"}],"curies":[{"name":"wp","href":"https:\/\/api.w.org\/{rel}","templated":true}]}}