{"id":7474,"date":"2024-04-09T01:05:23","date_gmt":"2024-04-08T22:05:23","guid":{"rendered":"https:\/\/www.polymex.com.tr\/?post_type=product&#038;p=7474"},"modified":"2025-06-02T23:17:44","modified_gmt":"2025-06-02T20:17:44","slug":"polymex-clk-51-epoksi-zimpara-yapistiricisi","status":"publish","type":"product","link":"https:\/\/www.polymex.com.tr\/en\/product-2\/polymex-clk-51-epoksi-zimpara-yapistiricisi\/","title":{"rendered":"Polymex CLK-51 Epoxy Sanding Adhesive"},"content":{"rendered":"Y\u00fcksek vizkoziteli, \u00e7ift bile\u015fenli, CLK-51- Epoksi Z\u0131mpara Yap\u0131\u015ft\u0131r\u0131c\u0131s\u0131. Epoksi hafif, modifiye edilmemi\u015f, s\u0131v\u0131 bir bisfenol A-epiklorohidrin epoksit re\u00e7inesidir. saman renginde ve y\u00fcksek viskozitededir. Epoksi en standart s\u0131v\u0131 re\u00e7inelerden biridir. \u0130stenilen son \u00f6zelliklere ba\u011fl\u0131 olarak amin, anhidrit, poliamid veya di\u011fer \u00d6zel sertle\u015ftiricilerle k\u00fcrlenir.\u00dcr\u00fcnler m\u00fckemmel kimyasal dirence, \u00fcst\u00fcn fiziksel ve elektriksel \u00f6zelliklere, maksimum\u00a0\u0131s\u0131 direnci ve m\u00fckemmel yap\u0131\u015fma. Epoksi oda s\u0131cakl\u0131\u011f\u0131nda veya y\u00fcksek s\u0131cakl\u0131klarda k\u00fcrlenebilir\u00a0sertle\u015ftirici se\u00e7imine ba\u011fl\u0131d\u0131r.","protected":false},"excerpt":{"rendered":"<p><strong>Solventsiz <\/strong>Epoksi Re\u00e7ine Esasl\u0131 Y\u00fcksek Vizkoziteli, \u00c7ift bile\u015fenli,\u00a0 epoksi z\u0131mpara yap\u0131\u015ft\u0131r\u0131c\u0131s\u0131.<\/p>","protected":false},"featured_media":7494,"comment_status":"open","ping_status":"closed","template":"","meta":{"_acf_changed":false},"product_brand":[],"product_cat":[455],"product_tag":[],"class_list":{"0":"post-7474","1":"product","2":"type-product","3":"status-publish","4":"has-post-thumbnail","6":"product_cat-zimpara-yapistiricilar","8":"first","9":"instock","10":"taxable","11":"shipping-taxable","12":"product-type-simple"},"acf":[],"_links":{"self":[{"href":"https:\/\/www.polymex.com.tr\/en\/wp-json\/wp\/v2\/product\/7474","targetHints":{"allow":["GET"]}}],"collection":[{"href":"https:\/\/www.polymex.com.tr\/en\/wp-json\/wp\/v2\/product"}],"about":[{"href":"https:\/\/www.polymex.com.tr\/en\/wp-json\/wp\/v2\/types\/product"}],"replies":[{"embeddable":true,"href":"https:\/\/www.polymex.com.tr\/en\/wp-json\/wp\/v2\/comments?post=7474"}],"version-history":[{"count":0,"href":"https:\/\/www.polymex.com.tr\/en\/wp-json\/wp\/v2\/product\/7474\/revisions"}],"wp:featuredmedia":[{"embeddable":true,"href":"https:\/\/www.polymex.com.tr\/en\/wp-json\/wp\/v2\/media\/7494"}],"wp:attachment":[{"href":"https:\/\/www.polymex.com.tr\/en\/wp-json\/wp\/v2\/media?parent=7474"}],"wp:term":[{"taxonomy":"product_brand","embeddable":true,"href":"https:\/\/www.polymex.com.tr\/en\/wp-json\/wp\/v2\/product_brand?post=7474"},{"taxonomy":"product_cat","embeddable":true,"href":"https:\/\/www.polymex.com.tr\/en\/wp-json\/wp\/v2\/product_cat?post=7474"},{"taxonomy":"product_tag","embeddable":true,"href":"https:\/\/www.polymex.com.tr\/en\/wp-json\/wp\/v2\/product_tag?post=7474"}],"curies":[{"name":"wp","href":"https:\/\/api.w.org\/{rel}","templated":true}]}}