{"id":7461,"date":"2024-04-09T00:51:01","date_gmt":"2024-04-08T21:51:01","guid":{"rendered":"https:\/\/www.polymex.com.tr\/?post_type=product&#038;p=7461"},"modified":"2025-06-02T23:17:45","modified_gmt":"2025-06-02T20:17:45","slug":"polymex-clk-52-epoksi-zimpara-yapistiricisi","status":"publish","type":"product","link":"https:\/\/www.polymex.com.tr\/en\/product-2\/polymex-clk-52-epoksi-zimpara-yapistiricisi\/","title":{"rendered":"Polymex CLK-52 Epoxy Sanding Adhesive"},"content":{"rendered":"Epoksi hafif, modifiye edilmemi\u015f, s\u0131v\u0131 bir bisfenol A-epiklorohidrin epoksit re\u00e7inesidir. saman renginde ve d\u00fc\u015f\u00fck viskozitededir. Epoksi en standart s\u0131v\u0131 re\u00e7inelerden biridir. \u0130stenilen son \u00f6zelliklere ba\u011fl\u0131 olarak amin, anhidrit, poliamid veya di\u011fer \u00f6zel sertle\u015ftiricilerle k\u00fcrlenir.\r\n\r\n\u00dcr\u00fcnler m\u00fckemmel kimyasal dirence, \u00fcst\u00fcn fiziksel ve elektriksel \u00f6zelliklere, maksimum \u0131s\u0131 direnci ve m\u00fckemmel yap\u0131\u015fma. Epoksi oda s\u0131cakl\u0131\u011f\u0131nda veya y\u00fcksek s\u0131cakl\u0131klarda k\u00fcrlenebilir sertle\u015ftirici se\u00e7imine ba\u011fl\u0131d\u0131r.","protected":false},"excerpt":{"rendered":"<p>Solvent-free epoxy resin based low viscosity, two-component epoxy sanding adhesive. Low viscosity, two component, CLK-52- Epoxy Sanding Adhesive<\/p>","protected":false},"featured_media":7493,"comment_status":"open","ping_status":"closed","template":"","meta":{"_acf_changed":false},"product_brand":[],"product_cat":[455],"product_tag":[296],"class_list":{"0":"post-7461","1":"product","2":"type-product","3":"status-publish","4":"has-post-thumbnail","6":"product_cat-zimpara-yapistiricilar","7":"product_tag-zimpara-yapistiricisi","9":"first","10":"instock","11":"taxable","12":"shipping-taxable","13":"product-type-simple"},"acf":[],"_links":{"self":[{"href":"https:\/\/www.polymex.com.tr\/en\/wp-json\/wp\/v2\/product\/7461","targetHints":{"allow":["GET"]}}],"collection":[{"href":"https:\/\/www.polymex.com.tr\/en\/wp-json\/wp\/v2\/product"}],"about":[{"href":"https:\/\/www.polymex.com.tr\/en\/wp-json\/wp\/v2\/types\/product"}],"replies":[{"embeddable":true,"href":"https:\/\/www.polymex.com.tr\/en\/wp-json\/wp\/v2\/comments?post=7461"}],"version-history":[{"count":0,"href":"https:\/\/www.polymex.com.tr\/en\/wp-json\/wp\/v2\/product\/7461\/revisions"}],"wp:featuredmedia":[{"embeddable":true,"href":"https:\/\/www.polymex.com.tr\/en\/wp-json\/wp\/v2\/media\/7493"}],"wp:attachment":[{"href":"https:\/\/www.polymex.com.tr\/en\/wp-json\/wp\/v2\/media?parent=7461"}],"wp:term":[{"taxonomy":"product_brand","embeddable":true,"href":"https:\/\/www.polymex.com.tr\/en\/wp-json\/wp\/v2\/product_brand?post=7461"},{"taxonomy":"product_cat","embeddable":true,"href":"https:\/\/www.polymex.com.tr\/en\/wp-json\/wp\/v2\/product_cat?post=7461"},{"taxonomy":"product_tag","embeddable":true,"href":"https:\/\/www.polymex.com.tr\/en\/wp-json\/wp\/v2\/product_tag?post=7461"}],"curies":[{"name":"wp","href":"https:\/\/api.w.org\/{rel}","templated":true}]}}