{"id":7434,"date":"2024-03-03T15:03:58","date_gmt":"2024-03-03T12:03:58","guid":{"rendered":"https:\/\/www.polymex.com.tr\/?post_type=product&#038;p=7434"},"modified":"2025-06-02T23:17:45","modified_gmt":"2025-06-02T20:17:45","slug":"polymex-p-5090-seffaf-self-leveling-sonkat-epoksi-kaplamasi","status":"publish","type":"product","link":"https:\/\/www.polymex.com.tr\/en\/product-2\/polymex-p-5090-seffaf-self-leveling-sonkat-epoksi-kaplamasi\/","title":{"rendered":"Polymex P-5090 Transparent Self Leveling Topcoat Epoxy Coating"},"content":{"rendered":"<ul>\r\n \t<li>Y\u00fcksek kimyasal ve mekanik dayan\u0131kl\u0131l\u0131\u011fa sahip olup sert bir film olu\u015fturur.<\/li>\r\n \t<li>Solventsiz olu\u015fundan dolay\u0131 \u00a0yang\u0131n tehlikesi yoktur.<\/li>\r\n \t<li>\u015eeffaf olu\u015fundan dolay\u0131 zeminde istenilen \u015feffafl\u0131k g\u00f6sterir<strong>.<\/strong><\/li>\r\n \t<li>Film y\u00fczeyi parlak ve kaymazd\u0131r.<\/li>\r\n \t<li>Kolay temizlenir, bakteri \u00a0bar\u0131nd\u0131rmaz, tozumaz, sa\u011fl\u0131\u011fa zarar\u0131 yoktur.<\/li>\r\n<\/ul>\r\n<strong>Areas of Use:<\/strong>\r\n<ul>\r\n \t<li>Ofislerde \u015eovrumlarda \u00d6zel Diskotek Hotel Otel Tristik tesislerin kaplamas\u0131nda<\/li>\r\n \t<li>Hastane, ila\u00e7 ve \u00a0g\u0131da sanayi,<\/li>\r\n \t<li>Laboratuar, tekstil<\/li>\r\n \t<li>Otomotiv end\u00fcstrisi gibi, zemin tozumas\u0131n\u0131n \u00fcretimi etkiledi\u011fi<\/li>\r\n \t<li>Sanayi tesislerinde zemin kaplamas\u0131 olarak kullan\u0131l\u0131r.<\/li>\r\n<\/ul>","protected":false},"excerpt":{"rendered":"<p>Transparent Epoxy Resin Based Two-component, Epoxy based transparent glossy floor coating material. Transparent Solvent Free Self Leveling Topcoat Epoxy Coating.<\/p>","protected":false},"featured_media":7436,"comment_status":"open","ping_status":"closed","template":"","meta":{"_acf_changed":false},"product_brand":[],"product_cat":[58],"product_tag":[450],"class_list":{"0":"post-7434","1":"product","2":"type-product","3":"status-publish","4":"has-post-thumbnail","6":"product_cat-epoksi-zemin-kaplamalari","7":"product_tag-seffaf-self-levelling-sonkat-epoksi","9":"first","10":"instock","11":"taxable","12":"shipping-taxable","13":"product-type-simple"},"acf":[],"_links":{"self":[{"href":"https:\/\/www.polymex.com.tr\/en\/wp-json\/wp\/v2\/product\/7434","targetHints":{"allow":["GET"]}}],"collection":[{"href":"https:\/\/www.polymex.com.tr\/en\/wp-json\/wp\/v2\/product"}],"about":[{"href":"https:\/\/www.polymex.com.tr\/en\/wp-json\/wp\/v2\/types\/product"}],"replies":[{"embeddable":true,"href":"https:\/\/www.polymex.com.tr\/en\/wp-json\/wp\/v2\/comments?post=7434"}],"version-history":[{"count":0,"href":"https:\/\/www.polymex.com.tr\/en\/wp-json\/wp\/v2\/product\/7434\/revisions"}],"wp:featuredmedia":[{"embeddable":true,"href":"https:\/\/www.polymex.com.tr\/en\/wp-json\/wp\/v2\/media\/7436"}],"wp:attachment":[{"href":"https:\/\/www.polymex.com.tr\/en\/wp-json\/wp\/v2\/media?parent=7434"}],"wp:term":[{"taxonomy":"product_brand","embeddable":true,"href":"https:\/\/www.polymex.com.tr\/en\/wp-json\/wp\/v2\/product_brand?post=7434"},{"taxonomy":"product_cat","embeddable":true,"href":"https:\/\/www.polymex.com.tr\/en\/wp-json\/wp\/v2\/product_cat?post=7434"},{"taxonomy":"product_tag","embeddable":true,"href":"https:\/\/www.polymex.com.tr\/en\/wp-json\/wp\/v2\/product_tag?post=7434"}],"curies":[{"name":"wp","href":"https:\/\/api.w.org\/{rel}","templated":true}]}}