{"id":7227,"date":"2024-01-11T11:11:18","date_gmt":"2024-01-11T08:11:18","guid":{"rendered":"https:\/\/www.polymex.com.tr\/?post_type=product&#038;p=7227"},"modified":"2025-06-02T23:17:45","modified_gmt":"2025-06-02T20:17:45","slug":"polymex-p-3045-isiya-dayanikli-poliuretan-tutkal-yapistirici","status":"publish","type":"product","link":"https:\/\/www.polymex.com.tr\/en\/product-2\/polymex-p-3045-isiya-dayanikli-poliuretan-tutkal-yapistirici\/","title":{"rendered":"Polymex P-3045 Heat Resistant Polyurethane Glue Adhesive"},"content":{"rendered":"Do\u011fal ve sentetik poliollerin ve Antimonler Tcpp kar\u0131\u015f\u0131m\u0131ndan olu\u015fan, dolguland\u0131r\u0131lm\u0131\u015f, h\u0131zl\u0131 k\u00fcrlenen, kimyasallara dayan\u0131kl\u0131\u00a0 iki komponentli poli\u00fcretan tutkal yap\u0131\u015ft\u0131r\u0131c\u0131d\u0131r.\r\n\r\n<strong>Areas of Use<\/strong>\r\n\r\nPolymex -3045<strong>&#8211;<\/strong>otomotiv, a\u011f\u0131r i\u015f makinalar\u0131, elektrik s\u00fcp\u00fcrgeleri, kompres\u00f6r ve sa\u00e7 \u00e7elik ve di\u011fer sekt\u00f6rlerde end\u00fcstriyel filtrelerin imalat\u0131nda kullan\u0131l\u0131r. Is\u0131ya Dayan\u0131kl\u0131 Poli\u00fcretan Tutkal Yap\u0131\u015ft\u0131r\u0131c\u0131.\r\n\r\n<strong>Advantages<\/strong>\r\n<ul>\r\n \t<li>Curing is fast.<\/li>\r\n \t<li>Suitable for use in tape production.<\/li>\r\n \t<li>High resistance to chemicals.<\/li>\r\n \t<li>Perfect compatibility between the two components and homogeneous mixing in a short time.<\/li>\r\n \t<li>Is\u0131ya Dayan\u0131kl\u0131 Poli\u00fcretan Tutkal Yap\u0131\u015ft\u0131r\u0131c\u0131.<\/li>\r\n<\/ul>\r\n&nbsp;","protected":false},"excerpt":{"rendered":"<p>Filled, fast curing, chemical resistant two-component polyurethane glue adhesive consisting of a mixture of natural and synthetic polyols and antimony Tcpp<\/p>","protected":false},"featured_media":7309,"comment_status":"open","ping_status":"closed","template":"","meta":{"_acf_changed":false},"product_brand":[],"product_cat":[57,61],"product_tag":[447,448],"class_list":{"0":"post-7227","1":"product","2":"type-product","3":"status-publish","4":"has-post-thumbnail","6":"product_cat-elektrik-izolasyon-ve-dokum-recineleri","7":"product_cat-poliuretan-ve-epoksi-yapistiricilar","8":"product_tag-poliuretan-epoksi-yapistirici","9":"product_tag-polymex-poliuretan","11":"first","12":"instock","13":"taxable","14":"shipping-taxable","15":"product-type-simple"},"acf":[],"_links":{"self":[{"href":"https:\/\/www.polymex.com.tr\/en\/wp-json\/wp\/v2\/product\/7227","targetHints":{"allow":["GET"]}}],"collection":[{"href":"https:\/\/www.polymex.com.tr\/en\/wp-json\/wp\/v2\/product"}],"about":[{"href":"https:\/\/www.polymex.com.tr\/en\/wp-json\/wp\/v2\/types\/product"}],"replies":[{"embeddable":true,"href":"https:\/\/www.polymex.com.tr\/en\/wp-json\/wp\/v2\/comments?post=7227"}],"version-history":[{"count":0,"href":"https:\/\/www.polymex.com.tr\/en\/wp-json\/wp\/v2\/product\/7227\/revisions"}],"wp:featuredmedia":[{"embeddable":true,"href":"https:\/\/www.polymex.com.tr\/en\/wp-json\/wp\/v2\/media\/7309"}],"wp:attachment":[{"href":"https:\/\/www.polymex.com.tr\/en\/wp-json\/wp\/v2\/media?parent=7227"}],"wp:term":[{"taxonomy":"product_brand","embeddable":true,"href":"https:\/\/www.polymex.com.tr\/en\/wp-json\/wp\/v2\/product_brand?post=7227"},{"taxonomy":"product_cat","embeddable":true,"href":"https:\/\/www.polymex.com.tr\/en\/wp-json\/wp\/v2\/product_cat?post=7227"},{"taxonomy":"product_tag","embeddable":true,"href":"https:\/\/www.polymex.com.tr\/en\/wp-json\/wp\/v2\/product_tag?post=7227"}],"curies":[{"name":"wp","href":"https:\/\/api.w.org\/{rel}","templated":true}]}}