{"id":7069,"date":"2023-11-24T17:01:04","date_gmt":"2023-11-24T14:01:04","guid":{"rendered":"https:\/\/www.polymex.com.tr\/?post_type=product&#038;p=7069"},"modified":"2025-06-02T23:17:45","modified_gmt":"2025-06-02T20:17:45","slug":"polymex-1060-iki-bilesenli-seffaf-izolasyon-malzemesi","status":"publish","type":"product","link":"https:\/\/www.polymex.com.tr\/en\/product-2\/polymex-1060-iki-bilesenli-seffaf-izolasyon-malzemesi\/","title":{"rendered":"Polymex 1060 Two Component Transparent Insulation Material"},"content":{"rendered":"\u00c7ift bile\u015fenli, modifiye Akrilik re\u00e7ine bazl\u0131,\u00a0 seramik, karo, cam mozaik kapl\u0131 izolasyon problemli y\u00fczeylerin su ge\u00e7irimsiz hale gelmesi i\u00e7in tasarlanm\u0131\u015f \u015feffaf yang\u0131n geciktirici \u015feffaf vernik\u00a0 .\r\n\r\nMevcut havuzlar\u0131n izolasyon problemlerinin \u00e7\u00f6z\u00fcm\u00fcnde seramik, karo, cam mozaik,\u00a0 fayans vb. kaplamalar\u0131n s\u00f6k\u00fclmesine gerek kalmadan son derece kolay ve ekonomik bir \u015fekilde su yal\u0131t\u0131m\u0131n\u0131 sa\u011flayan \u00fcr\u00fcn, s\u00fcr\u00fcld\u00fc\u011f\u00fc y\u00fczeyde m\u00fckemmel yal\u0131t\u0131m\u0131n yan\u0131 s\u0131ra y\u00fczeye parlak bir g\u00f6r\u00fcnt\u00fc verir.\r\n\r\nSert\u2013elastiktir, \u00e7atlamaz, kabarma yapmaz, kalkmaz. UV \u0131\u015f\u0131nlar\u0131ndan ve havuz kimyasallar\u0131ndan etkilenmez. Alkali ve klora kar\u015f\u0131 son derece dayan\u0131kl\u0131d\u0131r. \u0130ki Bile\u015fenli \u015eeffaf \u0130zolasyon Malzemesidir\r\n\r\nSararmaz, su alt\u0131nda bozulmaz, a\u015f\u0131nmaz. \u0130\u015f\u00e7ili\u011fi son derece kolay ve ekonomiktir. \u0130ki Bile\u015fenli \u015eeffaf \u0130zolasyon Malzemesidir.","protected":false},"excerpt":{"rendered":"<p>Breathable Water Based Acrylic Resin Based Two Component Transparent Insulation Material with Class 1 Certificate (in accordance with British Standard BS 476).<\/p>","protected":false},"featured_media":7353,"comment_status":"open","ping_status":"closed","template":"","meta":{"_acf_changed":false},"product_brand":[],"product_cat":[64],"product_tag":[],"class_list":{"0":"post-7069","1":"product","2":"type-product","3":"status-publish","4":"has-post-thumbnail","6":"product_cat-su-izolasyon-ve-yalitim-malzemeleri","8":"first","9":"instock","10":"taxable","11":"shipping-taxable","12":"product-type-simple"},"acf":[],"_links":{"self":[{"href":"https:\/\/www.polymex.com.tr\/en\/wp-json\/wp\/v2\/product\/7069","targetHints":{"allow":["GET"]}}],"collection":[{"href":"https:\/\/www.polymex.com.tr\/en\/wp-json\/wp\/v2\/product"}],"about":[{"href":"https:\/\/www.polymex.com.tr\/en\/wp-json\/wp\/v2\/types\/product"}],"replies":[{"embeddable":true,"href":"https:\/\/www.polymex.com.tr\/en\/wp-json\/wp\/v2\/comments?post=7069"}],"version-history":[{"count":0,"href":"https:\/\/www.polymex.com.tr\/en\/wp-json\/wp\/v2\/product\/7069\/revisions"}],"wp:featuredmedia":[{"embeddable":true,"href":"https:\/\/www.polymex.com.tr\/en\/wp-json\/wp\/v2\/media\/7353"}],"wp:attachment":[{"href":"https:\/\/www.polymex.com.tr\/en\/wp-json\/wp\/v2\/media?parent=7069"}],"wp:term":[{"taxonomy":"product_brand","embeddable":true,"href":"https:\/\/www.polymex.com.tr\/en\/wp-json\/wp\/v2\/product_brand?post=7069"},{"taxonomy":"product_cat","embeddable":true,"href":"https:\/\/www.polymex.com.tr\/en\/wp-json\/wp\/v2\/product_cat?post=7069"},{"taxonomy":"product_tag","embeddable":true,"href":"https:\/\/www.polymex.com.tr\/en\/wp-json\/wp\/v2\/product_tag?post=7069"}],"curies":[{"name":"wp","href":"https:\/\/api.w.org\/{rel}","templated":true}]}}