{"id":6958,"date":"2023-11-06T09:18:05","date_gmt":"2023-11-06T06:18:05","guid":{"rendered":"https:\/\/www.polymex.com.tr\/?post_type=product&#038;p=6958"},"modified":"2025-06-02T23:17:45","modified_gmt":"2025-06-02T20:17:45","slug":"polymex-4025-poliuretan-seffaf-uv-sonkat-cilasi","status":"publish","type":"product","link":"https:\/\/www.polymex.com.tr\/en\/product-2\/polymex-4025-poliuretan-seffaf-uv-sonkat-cilasi\/","title":{"rendered":"Polymex 4025 Polyurethane Clear UV Topcoat Polish"},"content":{"rendered":"<ul>\r\n \t<li>Protection of concrete and other cementitious surfaces in buildings and infrastructures<\/li>\r\n \t<li>In order to increase the service life of concrete<\/li>\r\n \t<li>Suitable for use on concrete surfaces with visible aggregates, glossy, colorless and to give vitality to the surface<\/li>\r\n \t<li>Surfaces treated with surface hardener<\/li>\r\n \t<li>In screed concrete<\/li>\r\n \t<li>Concrete pours in hot climates<\/li>\r\n<\/ul>\r\n<strong>\u00a0\u00a0\u00a0\u00a0\u00a0\u00a0 P-4025-Poli\u00fcretan \u015eeffaf UV Sonkat Cilas\u0131 \u00a0\u00d6zellikleri \/Avantajlar\u0131<\/strong>\r\n<ul>\r\n \t<li>Prevents dusting as it increases the abrasion resistance of the surface<\/li>\r\n \t<li>Easy to apply due to its single component<\/li>\r\n \t<li>Fast drying as the solvent in it evaporates very fast<\/li>\r\n \t<li>As it increases water impermeability, it prevents cracks that may occur as a result of freezing in plasters<\/li>\r\n \t<li>Can be used as a polish thanks to the glossy film layer it forms<\/li>\r\n \t<li>Betona tuz veya gazlar halinde penetre olabilen atmosferik etkilere kar\u015f\u0131 betonu korur<\/li>\r\n \t<li>Reduces dirt retention and the color of the concrete is not changed by rain<\/li>\r\n<\/ul>","protected":false},"excerpt":{"rendered":"<p>Polymex 4025 Poli\u00fcretan Akrilik Re\u00e7ine esasl\u0131 \u0130ki bile\u015fenli y\u00fczeyden kaybolmayan ,\u015feffaf ,parlak\u00a0 betonun ge\u00e7irimsizli\u011fini ve k\u00fcr almas\u0131 i\u00e7in kullan\u0131lan beton k\u00fcr ve Poli\u00fcretan uv sonkat cila malzemesidir . Akrilik k\u00f6kenli P-4025-Poli\u00fcretan \u015eeffaf UV Sonkat Cilas\u0131 Nefes Alabilen Akrilik Re\u00e7ine Esasl\u0131 \u00c7ift Komponentli S\u0131n\u0131f 1 Sertifikal\u0131 (British Standard BS 476 ya uygun) Poli\u00fcretan \u015eeffaf UV Sonkat Cilas\u0131.<\/p>","protected":false},"featured_media":6960,"comment_status":"open","ping_status":"closed","template":"","meta":{"_acf_changed":false},"product_brand":[],"product_cat":[431],"product_tag":[],"class_list":{"0":"post-6958","1":"product","2":"type-product","3":"status-publish","4":"has-post-thumbnail","6":"product_cat-uv-seffaf-vernikler-ve-recineler","8":"first","9":"instock","10":"taxable","11":"shipping-taxable","12":"product-type-simple"},"acf":[],"_links":{"self":[{"href":"https:\/\/www.polymex.com.tr\/en\/wp-json\/wp\/v2\/product\/6958","targetHints":{"allow":["GET"]}}],"collection":[{"href":"https:\/\/www.polymex.com.tr\/en\/wp-json\/wp\/v2\/product"}],"about":[{"href":"https:\/\/www.polymex.com.tr\/en\/wp-json\/wp\/v2\/types\/product"}],"replies":[{"embeddable":true,"href":"https:\/\/www.polymex.com.tr\/en\/wp-json\/wp\/v2\/comments?post=6958"}],"version-history":[{"count":0,"href":"https:\/\/www.polymex.com.tr\/en\/wp-json\/wp\/v2\/product\/6958\/revisions"}],"wp:featuredmedia":[{"embeddable":true,"href":"https:\/\/www.polymex.com.tr\/en\/wp-json\/wp\/v2\/media\/6960"}],"wp:attachment":[{"href":"https:\/\/www.polymex.com.tr\/en\/wp-json\/wp\/v2\/media?parent=6958"}],"wp:term":[{"taxonomy":"product_brand","embeddable":true,"href":"https:\/\/www.polymex.com.tr\/en\/wp-json\/wp\/v2\/product_brand?post=6958"},{"taxonomy":"product_cat","embeddable":true,"href":"https:\/\/www.polymex.com.tr\/en\/wp-json\/wp\/v2\/product_cat?post=6958"},{"taxonomy":"product_tag","embeddable":true,"href":"https:\/\/www.polymex.com.tr\/en\/wp-json\/wp\/v2\/product_tag?post=6958"}],"curies":[{"name":"wp","href":"https:\/\/api.w.org\/{rel}","templated":true}]}}