{"id":6338,"date":"2023-01-14T15:25:49","date_gmt":"2023-01-14T12:25:49","guid":{"rendered":"https:\/\/www.polymex.com.tr\/?post_type=product&#038;p=6338"},"modified":"2025-06-02T23:17:45","modified_gmt":"2025-06-02T20:17:45","slug":"polymex-p-7014-gemi-guverte-sonkat-boyasi","status":"publish","type":"product","link":"https:\/\/www.polymex.com.tr\/en\/product-2\/polymex-p-7014-gemi-guverte-sonkat-boyasi\/","title":{"rendered":"Polymex P-7014 Ship Deck Topcoat Paint"},"content":{"rendered":"","protected":false},"excerpt":{"rendered":"<p>Akrilik &#8211; alifatik izosiyanat esasl\u0131 iki bile\u015fenli, g\u00fc\u00e7 tutu\u015fur \u00f6zelli\u011fine sahip bir sonkatt\u0131r. Yar\u0131 mat, renk ve parlakl\u0131k kal\u0131c\u0131l\u0131\u011f\u0131, esnek yap\u0131s\u0131, m\u00fckemmel yap\u0131\u015fmas\u0131, y\u00fcksek solvent ve \u00e7izilme direnci belirgin \u00f6zellikleridir<\/p>","protected":false},"featured_media":7374,"comment_status":"open","ping_status":"closed","template":"","meta":{"_acf_changed":false},"product_brand":[],"product_cat":[424],"product_tag":[],"class_list":{"0":"post-6338","1":"product","2":"type-product","3":"status-publish","4":"has-post-thumbnail","6":"product_cat-savunma-sanayi-kaplama-sistemleri","8":"first","9":"instock","10":"taxable","11":"shipping-taxable","12":"product-type-simple"},"acf":[],"_links":{"self":[{"href":"https:\/\/www.polymex.com.tr\/en\/wp-json\/wp\/v2\/product\/6338","targetHints":{"allow":["GET"]}}],"collection":[{"href":"https:\/\/www.polymex.com.tr\/en\/wp-json\/wp\/v2\/product"}],"about":[{"href":"https:\/\/www.polymex.com.tr\/en\/wp-json\/wp\/v2\/types\/product"}],"replies":[{"embeddable":true,"href":"https:\/\/www.polymex.com.tr\/en\/wp-json\/wp\/v2\/comments?post=6338"}],"version-history":[{"count":0,"href":"https:\/\/www.polymex.com.tr\/en\/wp-json\/wp\/v2\/product\/6338\/revisions"}],"wp:featuredmedia":[{"embeddable":true,"href":"https:\/\/www.polymex.com.tr\/en\/wp-json\/wp\/v2\/media\/7374"}],"wp:attachment":[{"href":"https:\/\/www.polymex.com.tr\/en\/wp-json\/wp\/v2\/media?parent=6338"}],"wp:term":[{"taxonomy":"product_brand","embeddable":true,"href":"https:\/\/www.polymex.com.tr\/en\/wp-json\/wp\/v2\/product_brand?post=6338"},{"taxonomy":"product_cat","embeddable":true,"href":"https:\/\/www.polymex.com.tr\/en\/wp-json\/wp\/v2\/product_cat?post=6338"},{"taxonomy":"product_tag","embeddable":true,"href":"https:\/\/www.polymex.com.tr\/en\/wp-json\/wp\/v2\/product_tag?post=6338"}],"curies":[{"name":"wp","href":"https:\/\/api.w.org\/{rel}","templated":true}]}}