{"id":6332,"date":"2023-01-14T15:18:14","date_gmt":"2023-01-14T12:18:14","guid":{"rendered":"https:\/\/www.polymex.com.tr\/?post_type=product&#038;p=6332"},"modified":"2025-06-02T23:17:46","modified_gmt":"2025-06-02T20:17:46","slug":"polymex-p-7011-helikopter-pisti-zemin-astari","status":"publish","type":"product","link":"https:\/\/www.polymex.com.tr\/en\/product-2\/polymex-p-7011-helikopter-pisti-zemin-astari\/","title":{"rendered":"Polymex P-7011 Helipad Floor Liner"},"content":{"rendered":"","protected":false},"excerpt":{"rendered":"<p>\u0130ki bile\u015fenli, kat\u0131 madde oran\u0131 %100 y\u00fcksek, m\u00fckemmel korozyon direncine sahip, epoksi re\u00e7ine esasl\u0131 astard\u0131r.<\/p>\n<p>P-7011-Helipad Floor Primer<\/p>","protected":false},"featured_media":7371,"comment_status":"open","ping_status":"closed","template":"","meta":{"_acf_changed":false},"product_brand":[],"product_cat":[424],"product_tag":[124],"class_list":{"0":"post-6332","1":"product","2":"type-product","3":"status-publish","4":"has-post-thumbnail","6":"product_cat-savunma-sanayi-kaplama-sistemleri","7":"product_tag-zemin-astari","9":"first","10":"instock","11":"taxable","12":"shipping-taxable","13":"product-type-simple"},"acf":[],"_links":{"self":[{"href":"https:\/\/www.polymex.com.tr\/en\/wp-json\/wp\/v2\/product\/6332","targetHints":{"allow":["GET"]}}],"collection":[{"href":"https:\/\/www.polymex.com.tr\/en\/wp-json\/wp\/v2\/product"}],"about":[{"href":"https:\/\/www.polymex.com.tr\/en\/wp-json\/wp\/v2\/types\/product"}],"replies":[{"embeddable":true,"href":"https:\/\/www.polymex.com.tr\/en\/wp-json\/wp\/v2\/comments?post=6332"}],"version-history":[{"count":0,"href":"https:\/\/www.polymex.com.tr\/en\/wp-json\/wp\/v2\/product\/6332\/revisions"}],"wp:featuredmedia":[{"embeddable":true,"href":"https:\/\/www.polymex.com.tr\/en\/wp-json\/wp\/v2\/media\/7371"}],"wp:attachment":[{"href":"https:\/\/www.polymex.com.tr\/en\/wp-json\/wp\/v2\/media?parent=6332"}],"wp:term":[{"taxonomy":"product_brand","embeddable":true,"href":"https:\/\/www.polymex.com.tr\/en\/wp-json\/wp\/v2\/product_brand?post=6332"},{"taxonomy":"product_cat","embeddable":true,"href":"https:\/\/www.polymex.com.tr\/en\/wp-json\/wp\/v2\/product_cat?post=6332"},{"taxonomy":"product_tag","embeddable":true,"href":"https:\/\/www.polymex.com.tr\/en\/wp-json\/wp\/v2\/product_tag?post=6332"}],"curies":[{"name":"wp","href":"https:\/\/api.w.org\/{rel}","templated":true}]}}