{"id":6090,"date":"2022-08-25T18:40:27","date_gmt":"2022-08-25T15:40:27","guid":{"rendered":"https:\/\/www.polymex.com.tr\/?post_type=product&#038;p=6090"},"modified":"2025-06-02T23:17:46","modified_gmt":"2025-06-02T20:17:46","slug":"polymex-p-3035-poliuretan-bazli-solventsiz-iki-bilesenli-tahta-taklidi-ahsap-muadili-dokum-recinesi","status":"publish","type":"product","link":"https:\/\/www.polymex.com.tr\/en\/product-2\/polymex-p-3035-poliuretan-bazli-solventsiz-iki-bilesenli-tahta-taklidi-ahsap-muadili-dokum-recinesi\/","title":{"rendered":"Polymex P-3035 Poli\u00fcretan Bazl\u0131 Solventsiz \u0130ki Bile\u015fenli Tahta Taklidi Ah\u015fap Muadili D\u00f6k\u00fcm Re\u00e7inesi"},"content":{"rendered":"","protected":false},"excerpt":{"rendered":"<p>\u0130ki bile\u015fenli, poli\u00fcretan esasl\u0131, tahta taklidi d\u00f6k\u00fcm sistemi uygulama alanlar\u0131 i\u00e7in<br \/>\n\u015fi\u015fmeyen a\u011fa\u00e7 yo\u011funlu\u011funda d\u00fc\u015f\u00fck viskositeli (k\u0131vaml\u0131) poli\u00fcretan sistemdir<\/p>","protected":false},"featured_media":7262,"comment_status":"open","ping_status":"closed","template":"","meta":{"_acf_changed":false},"product_brand":[],"product_cat":[57,358],"product_tag":[420,421,419],"class_list":{"0":"post-6090","1":"product","2":"type-product","3":"status-publish","4":"has-post-thumbnail","6":"product_cat-elektrik-izolasyon-ve-dokum-recineleri","7":"product_cat-ozel-poliuretan-sistemleri","8":"product_tag-iki-bilesenli-dokum-recinesi","9":"product_tag-solventsiz-recine","10":"product_tag-tahta-taklidi-ahsap-muadili-dokum-recinesi","12":"first","13":"instock","14":"taxable","15":"shipping-taxable","16":"product-type-simple"},"acf":[],"_links":{"self":[{"href":"https:\/\/www.polymex.com.tr\/en\/wp-json\/wp\/v2\/product\/6090","targetHints":{"allow":["GET"]}}],"collection":[{"href":"https:\/\/www.polymex.com.tr\/en\/wp-json\/wp\/v2\/product"}],"about":[{"href":"https:\/\/www.polymex.com.tr\/en\/wp-json\/wp\/v2\/types\/product"}],"replies":[{"embeddable":true,"href":"https:\/\/www.polymex.com.tr\/en\/wp-json\/wp\/v2\/comments?post=6090"}],"version-history":[{"count":0,"href":"https:\/\/www.polymex.com.tr\/en\/wp-json\/wp\/v2\/product\/6090\/revisions"}],"wp:featuredmedia":[{"embeddable":true,"href":"https:\/\/www.polymex.com.tr\/en\/wp-json\/wp\/v2\/media\/7262"}],"wp:attachment":[{"href":"https:\/\/www.polymex.com.tr\/en\/wp-json\/wp\/v2\/media?parent=6090"}],"wp:term":[{"taxonomy":"product_brand","embeddable":true,"href":"https:\/\/www.polymex.com.tr\/en\/wp-json\/wp\/v2\/product_brand?post=6090"},{"taxonomy":"product_cat","embeddable":true,"href":"https:\/\/www.polymex.com.tr\/en\/wp-json\/wp\/v2\/product_cat?post=6090"},{"taxonomy":"product_tag","embeddable":true,"href":"https:\/\/www.polymex.com.tr\/en\/wp-json\/wp\/v2\/product_tag?post=6090"}],"curies":[{"name":"wp","href":"https:\/\/api.w.org\/{rel}","templated":true}]}}