{"id":6008,"date":"2022-07-07T15:19:19","date_gmt":"2022-07-07T12:19:19","guid":{"rendered":"https:\/\/www.polymex.com.tr\/?post_type=product&#038;p=6008"},"modified":"2025-06-02T23:17:46","modified_gmt":"2025-06-02T20:17:46","slug":"polymex-p-5085-stone-carpet-filler-toprak-hali-baglayici","status":"publish","type":"product","link":"https:\/\/www.polymex.com.tr\/en\/product-2\/polymex-p-5085-stone-carpet-filler-toprak-hali-baglayici\/","title":{"rendered":"Polymex P-5085 Stone Carpet Filler Soil Carpet Binder"},"content":{"rendered":"","protected":false},"excerpt":{"rendered":"<p>Tek bile\u015fenli solvent i\u00e7ermeyen, Akrilik bazl\u0131 UV dayan\u0131ml\u0131, \u015feffaf Stone Carpet Filler Toprak Hal\u0131 Ba\u011flay\u0131c\u0131.<\/p>\n<p>Her t\u00fcrl\u00fc toprak ve agregan\u0131n kararl\u0131 hale getirilmesi kat\u0131la\u015ft\u0131r\u0131lmas\u0131, sertle\u015ftirilmesi veya tozuma \u00f6nleyici sol\u00fcsyon olarak kullan\u0131lan ekolojik bir sol\u00fcsyondur.<\/p>","protected":false},"featured_media":6862,"comment_status":"open","ping_status":"closed","template":"","meta":{"_acf_changed":false},"product_brand":[],"product_cat":[384],"product_tag":[405,404,403],"class_list":{"0":"post-6008","1":"product","2":"type-product","3":"status-publish","4":"has-post-thumbnail","6":"product_cat-tas-hali-zemin-kaplama-sistemleri","7":"product_tag-polymex-5085","8":"product_tag-stone-carpet-filler","9":"product_tag-toprak-hali-baglayici","11":"first","12":"instock","13":"taxable","14":"shipping-taxable","15":"product-type-simple"},"acf":[],"_links":{"self":[{"href":"https:\/\/www.polymex.com.tr\/en\/wp-json\/wp\/v2\/product\/6008","targetHints":{"allow":["GET"]}}],"collection":[{"href":"https:\/\/www.polymex.com.tr\/en\/wp-json\/wp\/v2\/product"}],"about":[{"href":"https:\/\/www.polymex.com.tr\/en\/wp-json\/wp\/v2\/types\/product"}],"replies":[{"embeddable":true,"href":"https:\/\/www.polymex.com.tr\/en\/wp-json\/wp\/v2\/comments?post=6008"}],"version-history":[{"count":0,"href":"https:\/\/www.polymex.com.tr\/en\/wp-json\/wp\/v2\/product\/6008\/revisions"}],"wp:featuredmedia":[{"embeddable":true,"href":"https:\/\/www.polymex.com.tr\/en\/wp-json\/wp\/v2\/media\/6862"}],"wp:attachment":[{"href":"https:\/\/www.polymex.com.tr\/en\/wp-json\/wp\/v2\/media?parent=6008"}],"wp:term":[{"taxonomy":"product_brand","embeddable":true,"href":"https:\/\/www.polymex.com.tr\/en\/wp-json\/wp\/v2\/product_brand?post=6008"},{"taxonomy":"product_cat","embeddable":true,"href":"https:\/\/www.polymex.com.tr\/en\/wp-json\/wp\/v2\/product_cat?post=6008"},{"taxonomy":"product_tag","embeddable":true,"href":"https:\/\/www.polymex.com.tr\/en\/wp-json\/wp\/v2\/product_tag?post=6008"}],"curies":[{"name":"wp","href":"https:\/\/api.w.org\/{rel}","templated":true}]}}