{"id":5923,"date":"2022-05-15T18:41:38","date_gmt":"2022-05-15T15:41:38","guid":{"rendered":"https:\/\/polymex.com.tr\/?post_type=product&#038;p=5923"},"modified":"2025-06-02T23:17:47","modified_gmt":"2025-06-02T20:17:47","slug":"polymex-p-4024-poliuretan-antistatik-condaktive-zemin-kaplamasi","status":"publish","type":"product","link":"https:\/\/www.polymex.com.tr\/en\/product-2\/polymex-p-4024-poliuretan-antistatik-condaktive-zemin-kaplamasi\/","title":{"rendered":"Polymex P-4024 Polyurethane Antistatic Condaktive Floor Coating"},"content":{"rendered":"Polymex-4024- Poli\u00fcretan Antistatik Condaktive Zemin Kaplamas\u0131 Beton zeminler i\u00e7in 1,5 \u2013 2,0 \u2013 3,0 \u2013 4,0 mm kal\u0131nl\u0131\u011f\u0131nda renkli ve y\u00fczeyi hafif desenli ya da p\u00fcr\u00fczl\u00fc end\u00fcstriyel kullan\u0131m ama\u00e7l\u0131 Antistatik Solventsiz Poli\u00fcretan zemin kaplama malzemesidir. Fiziksel ve kimyasal t\u00fcm etkilere kar\u015f\u0131 dayan\u0131kl\u0131, kolay temizlenen, hijyenik, toz tutmayan a\u011f\u0131r y\u00fcklerin ve yo\u011fun trafi\u011fin bulundu\u011fu zeminlerde kullan\u0131l\u0131r. Kaymaz bir zemin kaplamas\u0131d\u0131r. Poli\u00fcretan Antistatik Condaktive Zemin Kaplamas\u0131","protected":false},"excerpt":{"rendered":"<p>Polymex-4024-Antistatic is an electrostatically conductive 2-component Polyurethane based self-leveling Polyurethane antistatic Floor coating system.<\/p>","protected":false},"featured_media":7323,"comment_status":"open","ping_status":"closed","template":"","meta":{"_acf_changed":false},"product_brand":[],"product_cat":[62],"product_tag":[107,73],"class_list":{"0":"post-5923","1":"product","2":"type-product","3":"status-publish","4":"has-post-thumbnail","6":"product_cat-poliuretan-zemin-kaplamalari","7":"product_tag-poliuretan","8":"product_tag-zemin-kaplama","10":"first","11":"instock","12":"taxable","13":"shipping-taxable","14":"product-type-simple"},"acf":[],"_links":{"self":[{"href":"https:\/\/www.polymex.com.tr\/en\/wp-json\/wp\/v2\/product\/5923","targetHints":{"allow":["GET"]}}],"collection":[{"href":"https:\/\/www.polymex.com.tr\/en\/wp-json\/wp\/v2\/product"}],"about":[{"href":"https:\/\/www.polymex.com.tr\/en\/wp-json\/wp\/v2\/types\/product"}],"replies":[{"embeddable":true,"href":"https:\/\/www.polymex.com.tr\/en\/wp-json\/wp\/v2\/comments?post=5923"}],"version-history":[{"count":0,"href":"https:\/\/www.polymex.com.tr\/en\/wp-json\/wp\/v2\/product\/5923\/revisions"}],"wp:featuredmedia":[{"embeddable":true,"href":"https:\/\/www.polymex.com.tr\/en\/wp-json\/wp\/v2\/media\/7323"}],"wp:attachment":[{"href":"https:\/\/www.polymex.com.tr\/en\/wp-json\/wp\/v2\/media?parent=5923"}],"wp:term":[{"taxonomy":"product_brand","embeddable":true,"href":"https:\/\/www.polymex.com.tr\/en\/wp-json\/wp\/v2\/product_brand?post=5923"},{"taxonomy":"product_cat","embeddable":true,"href":"https:\/\/www.polymex.com.tr\/en\/wp-json\/wp\/v2\/product_cat?post=5923"},{"taxonomy":"product_tag","embeddable":true,"href":"https:\/\/www.polymex.com.tr\/en\/wp-json\/wp\/v2\/product_tag?post=5923"}],"curies":[{"name":"wp","href":"https:\/\/api.w.org\/{rel}","templated":true}]}}