{"id":5914,"date":"2022-05-15T18:27:23","date_gmt":"2022-05-15T15:27:23","guid":{"rendered":"https:\/\/polymex.com.tr\/?post_type=product&#038;p=5914"},"modified":"2025-06-02T23:17:29","modified_gmt":"2025-06-02T20:17:29","slug":"polymex-p-878-plastisol-astar","status":"publish","type":"product","link":"https:\/\/www.polymex.com.tr\/en\/product-2\/polymex-p-878-plastisol-astar\/","title":{"rendered":"Polymex P-878 Plastisol Primer"},"content":{"rendered":"","protected":false},"excerpt":{"rendered":"<p><strong>PP\/EPDM y\u00fczeylere yap\u0131\u015fma sa\u011flayan CPO re\u00e7ine esasl\u0131 tek bile\u015fenli astar<\/strong><\/p>\n<p><strong>Thermoplastik &#8211; Polimer kar\u0131\u015f\u0131m\u0131, otolar \u00fczerinde bulunan boyanabilen plastik k\u0131s\u0131mlar \u00fczerine yap\u0131\u015fmay\u0131 sa\u011flayan bir astard\u0131r<\/strong><\/p>","protected":false},"featured_media":6551,"comment_status":"open","ping_status":"closed","template":"","meta":{"_acf_changed":false},"product_brand":[],"product_cat":[55],"product_tag":[392,393],"class_list":{"0":"post-5914","1":"product","2":"type-product","3":"status-publish","4":"has-post-thumbnail","6":"product_cat-astarlar","7":"product_tag-astarlar","8":"product_tag-p-878","10":"first","11":"instock","12":"taxable","13":"shipping-taxable","14":"product-type-simple"},"acf":[],"_links":{"self":[{"href":"https:\/\/www.polymex.com.tr\/en\/wp-json\/wp\/v2\/product\/5914","targetHints":{"allow":["GET"]}}],"collection":[{"href":"https:\/\/www.polymex.com.tr\/en\/wp-json\/wp\/v2\/product"}],"about":[{"href":"https:\/\/www.polymex.com.tr\/en\/wp-json\/wp\/v2\/types\/product"}],"replies":[{"embeddable":true,"href":"https:\/\/www.polymex.com.tr\/en\/wp-json\/wp\/v2\/comments?post=5914"}],"version-history":[{"count":0,"href":"https:\/\/www.polymex.com.tr\/en\/wp-json\/wp\/v2\/product\/5914\/revisions"}],"wp:featuredmedia":[{"embeddable":true,"href":"https:\/\/www.polymex.com.tr\/en\/wp-json\/wp\/v2\/media\/6551"}],"wp:attachment":[{"href":"https:\/\/www.polymex.com.tr\/en\/wp-json\/wp\/v2\/media?parent=5914"}],"wp:term":[{"taxonomy":"product_brand","embeddable":true,"href":"https:\/\/www.polymex.com.tr\/en\/wp-json\/wp\/v2\/product_brand?post=5914"},{"taxonomy":"product_cat","embeddable":true,"href":"https:\/\/www.polymex.com.tr\/en\/wp-json\/wp\/v2\/product_cat?post=5914"},{"taxonomy":"product_tag","embeddable":true,"href":"https:\/\/www.polymex.com.tr\/en\/wp-json\/wp\/v2\/product_tag?post=5914"}],"curies":[{"name":"wp","href":"https:\/\/api.w.org\/{rel}","templated":true}]}}