{"id":5882,"date":"2022-05-15T17:22:31","date_gmt":"2022-05-15T14:22:31","guid":{"rendered":"https:\/\/polymex.com.tr\/?post_type=product&#038;p=5882"},"modified":"2025-06-02T23:17:47","modified_gmt":"2025-06-02T20:17:47","slug":"polymex-p-2030-firetek-intumescent-paint-su-bazli-yanmaz-boyasi","status":"publish","type":"product","link":"https:\/\/www.polymex.com.tr\/en\/product-2\/polymex-p-2030-firetek-intumescent-paint-su-bazli-yanmaz-boyasi\/","title":{"rendered":"POLYMEX P-2030 Firetek Intumescent Paint Water Based Fireproof Paint"},"content":{"rendered":"Yang\u0131n s\u0131ras\u0131nda \u015fi\u015ferek \u00e7eli\u011fin \u0131s\u0131nmas\u0131n\u0131 geciktiren bir katman olu\u015fturur. Son kat boyas\u0131 ile \u00e7ok geni\u015f bir renk se\u00e7ene\u011fi sunmaktad\u0131r. 9.3 mm uygulamaya kadar izin verebilen form\u00fcl.","protected":false},"excerpt":{"rendered":"<p>FP-12 is a decorative and thin-looking fire retardant coating designed to be applied on steel carriers on the interior facade of buildings.<\/p>","protected":false},"featured_media":6927,"comment_status":"open","ping_status":"closed","template":"","meta":{"_acf_changed":false},"product_brand":[],"product_cat":[66],"product_tag":[122,183],"class_list":{"0":"post-5882","1":"product","2":"type-product","3":"status-publish","4":"has-post-thumbnail","6":"product_cat-yanmaz-boyalar","7":"product_tag-su-bazli","8":"product_tag-yanmaz-boya","10":"first","11":"instock","12":"taxable","13":"shipping-taxable","14":"product-type-simple"},"acf":[],"_links":{"self":[{"href":"https:\/\/www.polymex.com.tr\/en\/wp-json\/wp\/v2\/product\/5882","targetHints":{"allow":["GET"]}}],"collection":[{"href":"https:\/\/www.polymex.com.tr\/en\/wp-json\/wp\/v2\/product"}],"about":[{"href":"https:\/\/www.polymex.com.tr\/en\/wp-json\/wp\/v2\/types\/product"}],"replies":[{"embeddable":true,"href":"https:\/\/www.polymex.com.tr\/en\/wp-json\/wp\/v2\/comments?post=5882"}],"version-history":[{"count":0,"href":"https:\/\/www.polymex.com.tr\/en\/wp-json\/wp\/v2\/product\/5882\/revisions"}],"wp:featuredmedia":[{"embeddable":true,"href":"https:\/\/www.polymex.com.tr\/en\/wp-json\/wp\/v2\/media\/6927"}],"wp:attachment":[{"href":"https:\/\/www.polymex.com.tr\/en\/wp-json\/wp\/v2\/media?parent=5882"}],"wp:term":[{"taxonomy":"product_brand","embeddable":true,"href":"https:\/\/www.polymex.com.tr\/en\/wp-json\/wp\/v2\/product_brand?post=5882"},{"taxonomy":"product_cat","embeddable":true,"href":"https:\/\/www.polymex.com.tr\/en\/wp-json\/wp\/v2\/product_cat?post=5882"},{"taxonomy":"product_tag","embeddable":true,"href":"https:\/\/www.polymex.com.tr\/en\/wp-json\/wp\/v2\/product_tag?post=5882"}],"curies":[{"name":"wp","href":"https:\/\/api.w.org\/{rel}","templated":true}]}}