{"id":5870,"date":"2022-05-15T16:59:02","date_gmt":"2022-05-15T13:59:02","guid":{"rendered":"https:\/\/polymex.com.tr\/?post_type=product&#038;p=5870"},"modified":"2025-06-02T23:17:47","modified_gmt":"2025-06-02T20:17:47","slug":"polymex-p-1034-tek-bilesenli-bitum-poliuretan-esasli-likit-su-yalitim-malzemesi","status":"publish","type":"product","link":"https:\/\/www.polymex.com.tr\/en\/product-2\/polymex-p-1034-tek-bilesenli-bitum-poliuretan-esasli-likit-su-yalitim-malzemesi\/","title":{"rendered":"Polymex P-1034 One Component Bitumen Polyurethane Based Liquid Waterproofing Material"},"content":{"rendered":"","protected":false},"excerpt":{"rendered":"<p><strong>POLYMEX-1034<\/strong>-, Tek bile\u015fenli, bit\u00fcm poli\u00fcretan esasl\u0131, h\u0131zl\u0131 k\u00fcrlenen, y\u00fcksek elastikiyete sahip likit su yal\u0131t\u0131m malzemesidir. Farkl\u0131 y\u00fczeylere sa\u011flad\u0131\u011f\u0131 m\u00fckemmel aderansla birlikte dayan\u0131kl\u0131 bir film olu\u015fturmas\u0131 sayesinde y\u00fcksek mekanik ve kimyasal dayan\u0131m sa\u011flar. So\u011fuk uygulan\u0131r ve havadaki nem ile reaksiyona girerek k\u00fcrlenir.Gerilme, y\u0131rt\u0131lma ve a\u015f\u0131nma direnci y\u00fcksektir.S\u00fcrekli elastik yap\u0131s\u0131 ile \u00fcst d\u00fczey \u00e7atlak k\u00f6pr\u00fcleme kabiliyetine sahiptir.<\/p>","protected":false},"featured_media":6658,"comment_status":"open","ping_status":"closed","template":"","meta":{"_acf_changed":false},"product_brand":[],"product_cat":[60,64],"product_tag":[107,242,228],"class_list":{"0":"post-5870","1":"product","2":"type-product","3":"status-publish","4":"has-post-thumbnail","6":"product_cat-poliuretan-sistemleri","7":"product_cat-su-izolasyon-ve-yalitim-malzemeleri","8":"product_tag-poliuretan","9":"product_tag-su-yalitim","10":"product_tag-yalitim-malzemesi","12":"first","13":"instock","14":"taxable","15":"shipping-taxable","16":"product-type-simple"},"acf":[],"_links":{"self":[{"href":"https:\/\/www.polymex.com.tr\/en\/wp-json\/wp\/v2\/product\/5870","targetHints":{"allow":["GET"]}}],"collection":[{"href":"https:\/\/www.polymex.com.tr\/en\/wp-json\/wp\/v2\/product"}],"about":[{"href":"https:\/\/www.polymex.com.tr\/en\/wp-json\/wp\/v2\/types\/product"}],"replies":[{"embeddable":true,"href":"https:\/\/www.polymex.com.tr\/en\/wp-json\/wp\/v2\/comments?post=5870"}],"version-history":[{"count":0,"href":"https:\/\/www.polymex.com.tr\/en\/wp-json\/wp\/v2\/product\/5870\/revisions"}],"wp:featuredmedia":[{"embeddable":true,"href":"https:\/\/www.polymex.com.tr\/en\/wp-json\/wp\/v2\/media\/6658"}],"wp:attachment":[{"href":"https:\/\/www.polymex.com.tr\/en\/wp-json\/wp\/v2\/media?parent=5870"}],"wp:term":[{"taxonomy":"product_brand","embeddable":true,"href":"https:\/\/www.polymex.com.tr\/en\/wp-json\/wp\/v2\/product_brand?post=5870"},{"taxonomy":"product_cat","embeddable":true,"href":"https:\/\/www.polymex.com.tr\/en\/wp-json\/wp\/v2\/product_cat?post=5870"},{"taxonomy":"product_tag","embeddable":true,"href":"https:\/\/www.polymex.com.tr\/en\/wp-json\/wp\/v2\/product_tag?post=5870"}],"curies":[{"name":"wp","href":"https:\/\/api.w.org\/{rel}","templated":true}]}}