{"id":5204,"date":"2022-02-04T10:25:20","date_gmt":"2022-02-04T07:25:20","guid":{"rendered":"https:\/\/polymex.com.tr\/?post_type=product&#038;p=5204"},"modified":"2025-06-02T23:17:48","modified_gmt":"2025-06-02T20:17:48","slug":"polymex-p-7006-pu-tek-bilesenli-marin-yapistirici","status":"publish","type":"product","link":"https:\/\/www.polymex.com.tr\/en\/product-2\/polymex-p-7006-pu-tek-bilesenli-marin-yapistirici\/","title":{"rendered":"Polymex P-7006 PU One Component Marine Adhesive"},"content":{"rendered":"","protected":false},"excerpt":{"rendered":"<p>Polymex 7006-Tek komponentli, solventsiz, poli\u00fcretan \u00e7ok ama\u00e7l\u0131 bir marin yap\u0131\u015ft\u0131r\u0131c\u0131d\u0131r.<\/p>","protected":false},"featured_media":7370,"comment_status":"open","ping_status":"closed","template":"","meta":{"_acf_changed":false},"product_brand":[],"product_cat":[59],"product_tag":[369,169],"class_list":{"0":"post-5204","1":"product","2":"type-product","3":"status-publish","4":"has-post-thumbnail","6":"product_cat-marin-urunleri","7":"product_tag-p-7006","8":"product_tag-yapistirici","10":"first","11":"instock","12":"taxable","13":"shipping-taxable","14":"product-type-simple"},"acf":[],"_links":{"self":[{"href":"https:\/\/www.polymex.com.tr\/en\/wp-json\/wp\/v2\/product\/5204","targetHints":{"allow":["GET"]}}],"collection":[{"href":"https:\/\/www.polymex.com.tr\/en\/wp-json\/wp\/v2\/product"}],"about":[{"href":"https:\/\/www.polymex.com.tr\/en\/wp-json\/wp\/v2\/types\/product"}],"replies":[{"embeddable":true,"href":"https:\/\/www.polymex.com.tr\/en\/wp-json\/wp\/v2\/comments?post=5204"}],"version-history":[{"count":0,"href":"https:\/\/www.polymex.com.tr\/en\/wp-json\/wp\/v2\/product\/5204\/revisions"}],"wp:featuredmedia":[{"embeddable":true,"href":"https:\/\/www.polymex.com.tr\/en\/wp-json\/wp\/v2\/media\/7370"}],"wp:attachment":[{"href":"https:\/\/www.polymex.com.tr\/en\/wp-json\/wp\/v2\/media?parent=5204"}],"wp:term":[{"taxonomy":"product_brand","embeddable":true,"href":"https:\/\/www.polymex.com.tr\/en\/wp-json\/wp\/v2\/product_brand?post=5204"},{"taxonomy":"product_cat","embeddable":true,"href":"https:\/\/www.polymex.com.tr\/en\/wp-json\/wp\/v2\/product_cat?post=5204"},{"taxonomy":"product_tag","embeddable":true,"href":"https:\/\/www.polymex.com.tr\/en\/wp-json\/wp\/v2\/product_tag?post=5204"}],"curies":[{"name":"wp","href":"https:\/\/api.w.org\/{rel}","templated":true}]}}