{"id":5192,"date":"2022-02-04T09:51:24","date_gmt":"2022-02-04T06:51:24","guid":{"rendered":"https:\/\/polymex.com.tr\/?post_type=product&#038;p=5192"},"modified":"2025-06-02T23:17:48","modified_gmt":"2025-06-02T20:17:48","slug":"polymex-p-4021-sandvic-sistem-poliuretan-kaplamalari","status":"publish","type":"product","link":"https:\/\/www.polymex.com.tr\/en\/product-2\/polymex-p-4021-sandvic-sistem-poliuretan-kaplamalari\/","title":{"rendered":"Polymex P-4021 Sandvi\u00e7 Sistem Poli\u00fcretan Kaplamalar\u0131"},"content":{"rendered":"","protected":false},"excerpt":{"rendered":"<p>Sandvi\u00e7 sistem kaplamalar sporcular\u0131n antrenman sahalar\u0131nda kullanmas\u0131\u00a0i\u00e7in tasarlanm\u0131\u015f poli\u00fcretan zemin kaplamas\u0131d\u0131r.<\/p>","protected":false},"featured_media":6803,"comment_status":"open","ping_status":"closed","template":"","meta":{"_acf_changed":false},"product_brand":[],"product_cat":[358],"product_tag":[360,108,361],"class_list":{"0":"post-5192","1":"product","2":"type-product","3":"status-publish","4":"has-post-thumbnail","6":"product_cat-ozel-poliuretan-sistemleri","7":"product_tag-p-4021","8":"product_tag-poliuretan-kaplama","9":"product_tag-sandvic-sistem","11":"first","12":"instock","13":"taxable","14":"shipping-taxable","15":"product-type-simple"},"acf":[],"_links":{"self":[{"href":"https:\/\/www.polymex.com.tr\/en\/wp-json\/wp\/v2\/product\/5192","targetHints":{"allow":["GET"]}}],"collection":[{"href":"https:\/\/www.polymex.com.tr\/en\/wp-json\/wp\/v2\/product"}],"about":[{"href":"https:\/\/www.polymex.com.tr\/en\/wp-json\/wp\/v2\/types\/product"}],"replies":[{"embeddable":true,"href":"https:\/\/www.polymex.com.tr\/en\/wp-json\/wp\/v2\/comments?post=5192"}],"version-history":[{"count":0,"href":"https:\/\/www.polymex.com.tr\/en\/wp-json\/wp\/v2\/product\/5192\/revisions"}],"wp:featuredmedia":[{"embeddable":true,"href":"https:\/\/www.polymex.com.tr\/en\/wp-json\/wp\/v2\/media\/6803"}],"wp:attachment":[{"href":"https:\/\/www.polymex.com.tr\/en\/wp-json\/wp\/v2\/media?parent=5192"}],"wp:term":[{"taxonomy":"product_brand","embeddable":true,"href":"https:\/\/www.polymex.com.tr\/en\/wp-json\/wp\/v2\/product_brand?post=5192"},{"taxonomy":"product_cat","embeddable":true,"href":"https:\/\/www.polymex.com.tr\/en\/wp-json\/wp\/v2\/product_cat?post=5192"},{"taxonomy":"product_tag","embeddable":true,"href":"https:\/\/www.polymex.com.tr\/en\/wp-json\/wp\/v2\/product_tag?post=5192"}],"curies":[{"name":"wp","href":"https:\/\/api.w.org\/{rel}","templated":true}]}}