{"id":5189,"date":"2022-02-04T09:46:34","date_gmt":"2022-02-04T06:46:34","guid":{"rendered":"https:\/\/polymex.com.tr\/?post_type=product&#038;p=5189"},"modified":"2025-06-02T23:17:48","modified_gmt":"2025-06-02T20:17:48","slug":"polymex-p-4020-ful-poliuretan-sistem","status":"publish","type":"product","link":"https:\/\/www.polymex.com.tr\/en\/product-2\/polymex-p-4020-ful-poliuretan-sistem\/","title":{"rendered":"Polymex P-4020 FUL POLYURETHANE SYSTEM"},"content":{"rendered":"Ful poli\u00fcretan sistemleri Kir, toz, ya\u011f ve nemden ar\u0131nd\u0131r\u0131lm\u0131\u015f zemine primer uygulamas\u0131 yap\u0131l\u0131r; primer\u00a0uygulamas\u0131ndan sonra zemine self levelling poli\u00fcretan uygulamas\u0131 yap\u0131l\u0131p \u00fczerine\u00a0siyah SBR veya EPDM gran\u00fcller serpme \u015feklinde at\u0131l\u0131r.","protected":false},"excerpt":{"rendered":"<p>Full polyurethane systems Primer is applied to the floor cleaned from dirt, dust, oil and moisture.<\/p>","protected":false},"featured_media":6799,"comment_status":"open","ping_status":"closed","template":"","meta":{"_acf_changed":false},"product_brand":[],"product_cat":[358],"product_tag":[359,107],"class_list":{"0":"post-5189","1":"product","2":"type-product","3":"status-publish","4":"has-post-thumbnail","6":"product_cat-ozel-poliuretan-sistemleri","7":"product_tag-p-4020","8":"product_tag-poliuretan","10":"first","11":"instock","12":"taxable","13":"shipping-taxable","14":"product-type-simple"},"acf":[],"_links":{"self":[{"href":"https:\/\/www.polymex.com.tr\/en\/wp-json\/wp\/v2\/product\/5189","targetHints":{"allow":["GET"]}}],"collection":[{"href":"https:\/\/www.polymex.com.tr\/en\/wp-json\/wp\/v2\/product"}],"about":[{"href":"https:\/\/www.polymex.com.tr\/en\/wp-json\/wp\/v2\/types\/product"}],"replies":[{"embeddable":true,"href":"https:\/\/www.polymex.com.tr\/en\/wp-json\/wp\/v2\/comments?post=5189"}],"version-history":[{"count":0,"href":"https:\/\/www.polymex.com.tr\/en\/wp-json\/wp\/v2\/product\/5189\/revisions"}],"wp:featuredmedia":[{"embeddable":true,"href":"https:\/\/www.polymex.com.tr\/en\/wp-json\/wp\/v2\/media\/6799"}],"wp:attachment":[{"href":"https:\/\/www.polymex.com.tr\/en\/wp-json\/wp\/v2\/media?parent=5189"}],"wp:term":[{"taxonomy":"product_brand","embeddable":true,"href":"https:\/\/www.polymex.com.tr\/en\/wp-json\/wp\/v2\/product_brand?post=5189"},{"taxonomy":"product_cat","embeddable":true,"href":"https:\/\/www.polymex.com.tr\/en\/wp-json\/wp\/v2\/product_cat?post=5189"},{"taxonomy":"product_tag","embeddable":true,"href":"https:\/\/www.polymex.com.tr\/en\/wp-json\/wp\/v2\/product_tag?post=5189"}],"curies":[{"name":"wp","href":"https:\/\/api.w.org\/{rel}","templated":true}]}}