{"id":5171,"date":"2022-02-03T20:01:21","date_gmt":"2022-02-03T17:01:21","guid":{"rendered":"https:\/\/polymex.com.tr\/?post_type=product&#038;p=5171"},"modified":"2025-09-10T13:23:20","modified_gmt":"2025-09-10T10:23:20","slug":"polymex-p-5026-yanmaz-epoksi-zemin-kaplamasi","status":"publish","type":"product","link":"https:\/\/www.polymex.com.tr\/en\/product-2\/polymex-p-5026-yanmaz-epoksi-zemin-kaplamasi\/","title":{"rendered":"Polymex P-5026 Fireproof Epoxy Floor Coating"},"content":{"rendered":"Fiziksel ve kimyasal t\u00fcm etkilere kar\u015f\u0131 dayan\u0131kl\u0131, kolay temizlenen, hijyenik, toz tutmayan a\u011f\u0131r y\u00fcklerin ve yo\u011fun trafi\u011fin bulundu\u011fu zeminlerde kullan\u0131l\u0131r. Kaymaz bir zemin kaplamas\u0131d\u0131r.","protected":false},"excerpt":{"rendered":"<p>Vinyl Ester Based Fireproof Solvent Free Epoxy floor coating material for industrial use with 1.5 - 2.0 - 3.0 - 4.0 mm thickness, colored and slightly patterned or rough surface for concrete floors.<\/p>","protected":false},"featured_media":7284,"comment_status":"open","ping_status":"closed","template":"","meta":{"_acf_changed":false},"product_brand":[],"product_cat":[58,490],"product_tag":[347,348,316],"class_list":{"0":"post-5171","1":"product","2":"type-product","3":"status-publish","4":"has-post-thumbnail","6":"product_cat-epoksi-zemin-kaplamalari","7":"product_cat-kimyasallara-dayanikli-epoksi-kaplamalar","8":"product_tag-p-5026","9":"product_tag-yanmaz-epoksi","10":"product_tag-zemin-kaplamasi","12":"first","13":"instock","14":"taxable","15":"shipping-taxable","16":"product-type-simple"},"acf":[],"_links":{"self":[{"href":"https:\/\/www.polymex.com.tr\/en\/wp-json\/wp\/v2\/product\/5171","targetHints":{"allow":["GET"]}}],"collection":[{"href":"https:\/\/www.polymex.com.tr\/en\/wp-json\/wp\/v2\/product"}],"about":[{"href":"https:\/\/www.polymex.com.tr\/en\/wp-json\/wp\/v2\/types\/product"}],"replies":[{"embeddable":true,"href":"https:\/\/www.polymex.com.tr\/en\/wp-json\/wp\/v2\/comments?post=5171"}],"version-history":[{"count":0,"href":"https:\/\/www.polymex.com.tr\/en\/wp-json\/wp\/v2\/product\/5171\/revisions"}],"wp:featuredmedia":[{"embeddable":true,"href":"https:\/\/www.polymex.com.tr\/en\/wp-json\/wp\/v2\/media\/7284"}],"wp:attachment":[{"href":"https:\/\/www.polymex.com.tr\/en\/wp-json\/wp\/v2\/media?parent=5171"}],"wp:term":[{"taxonomy":"product_brand","embeddable":true,"href":"https:\/\/www.polymex.com.tr\/en\/wp-json\/wp\/v2\/product_brand?post=5171"},{"taxonomy":"product_cat","embeddable":true,"href":"https:\/\/www.polymex.com.tr\/en\/wp-json\/wp\/v2\/product_cat?post=5171"},{"taxonomy":"product_tag","embeddable":true,"href":"https:\/\/www.polymex.com.tr\/en\/wp-json\/wp\/v2\/product_tag?post=5171"}],"curies":[{"name":"wp","href":"https:\/\/api.w.org\/{rel}","templated":true}]}}