{"id":5168,"date":"2022-02-03T19:58:21","date_gmt":"2022-02-03T16:58:21","guid":{"rendered":"https:\/\/polymex.com.tr\/?post_type=product&#038;p=5168"},"modified":"2025-06-02T23:17:49","modified_gmt":"2025-06-02T20:17:49","slug":"polymex-p-5024-tek-bilesenli-seffaf-uv-alifatik-agrega-baglayicisi-1k","status":"publish","type":"product","link":"https:\/\/www.polymex.com.tr\/en\/product-2\/polymex-p-5024-tek-bilesenli-seffaf-uv-alifatik-agrega-baglayicisi-1k\/","title":{"rendered":"Polymex P-5024 One Component Transparent UV Aliphatic Aggregate Binder 1K"},"content":{"rendered":"","protected":false},"excerpt":{"rendered":"<p>Tek komponentli, \u00a0\u015feffaf, solvent i\u00e7ermeyen, %100 alifatik (sararmaz), poli\u00fcretan esasl\u0131,\u00a0havadaki nem ile k\u00fcrlenen, kullan\u0131m\u0131 \u00e7ok kolay ta\u015f\u00a0zemin ler\u00a0i\u00e7in \u00f6zel form\u00fcle edilmi\u015f ( Parlak\u00a0 veya Mat ) agrega \u00e7ak\u0131l ta\u015f gran\u00fcl ba\u011flay\u0131c\u0131 re\u00e7inedir.<\/p>","protected":false},"featured_media":7283,"comment_status":"open","ping_status":"closed","template":"","meta":{"_acf_changed":false},"product_brand":[],"product_cat":[58],"product_tag":[346],"class_list":{"0":"post-5168","1":"product","2":"type-product","3":"status-publish","4":"has-post-thumbnail","6":"product_cat-epoksi-zemin-kaplamalari","7":"product_tag-p-5024","9":"first","10":"instock","11":"taxable","12":"shipping-taxable","13":"product-type-simple"},"acf":[],"_links":{"self":[{"href":"https:\/\/www.polymex.com.tr\/en\/wp-json\/wp\/v2\/product\/5168","targetHints":{"allow":["GET"]}}],"collection":[{"href":"https:\/\/www.polymex.com.tr\/en\/wp-json\/wp\/v2\/product"}],"about":[{"href":"https:\/\/www.polymex.com.tr\/en\/wp-json\/wp\/v2\/types\/product"}],"replies":[{"embeddable":true,"href":"https:\/\/www.polymex.com.tr\/en\/wp-json\/wp\/v2\/comments?post=5168"}],"version-history":[{"count":0,"href":"https:\/\/www.polymex.com.tr\/en\/wp-json\/wp\/v2\/product\/5168\/revisions"}],"wp:featuredmedia":[{"embeddable":true,"href":"https:\/\/www.polymex.com.tr\/en\/wp-json\/wp\/v2\/media\/7283"}],"wp:attachment":[{"href":"https:\/\/www.polymex.com.tr\/en\/wp-json\/wp\/v2\/media?parent=5168"}],"wp:term":[{"taxonomy":"product_brand","embeddable":true,"href":"https:\/\/www.polymex.com.tr\/en\/wp-json\/wp\/v2\/product_brand?post=5168"},{"taxonomy":"product_cat","embeddable":true,"href":"https:\/\/www.polymex.com.tr\/en\/wp-json\/wp\/v2\/product_cat?post=5168"},{"taxonomy":"product_tag","embeddable":true,"href":"https:\/\/www.polymex.com.tr\/en\/wp-json\/wp\/v2\/product_tag?post=5168"}],"curies":[{"name":"wp","href":"https:\/\/api.w.org\/{rel}","templated":true}]}}