{"id":5147,"date":"2022-02-03T16:16:18","date_gmt":"2022-02-03T13:16:18","guid":{"rendered":"https:\/\/polymex.com.tr\/?post_type=product&#038;p=5147"},"modified":"2025-06-02T23:17:49","modified_gmt":"2025-06-02T20:17:49","slug":"polymex-p-5008-epoksi-esasli-iki-bilesenli-solventsiz-zemin-ve-duvar-boyasi","status":"publish","type":"product","link":"https:\/\/www.polymex.com.tr\/en\/product-2\/polymex-p-5008-epoksi-esasli-iki-bilesenli-solventsiz-zemin-ve-duvar-boyasi\/","title":{"rendered":"Polymex P-5008 Epoxy Based Two Component Solvent Free Floor and Wall Paint"},"content":{"rendered":"","protected":false},"excerpt":{"rendered":"<p>Polymex-5008-epoksi esasl\u0131 , iki bile\u015fenli, solvent i\u00e7ermeyen, zemin ve duvarlara<br \/>\nuygulanabilen epoksi re\u00e7ine esasl\u0131 boya ve kaplama malzemesidir.<\/p>","protected":false},"featured_media":7275,"comment_status":"open","ping_status":"closed","template":"","meta":{"_acf_changed":false},"product_brand":[],"product_cat":[58],"product_tag":[337,115,338],"class_list":{"0":"post-5147","1":"product","2":"type-product","3":"status-publish","4":"has-post-thumbnail","6":"product_cat-epoksi-zemin-kaplamalari","7":"product_tag-p-5008","8":"product_tag-solventsiz","9":"product_tag-zemin-ve-duvar-boyasi","11":"first","12":"instock","13":"taxable","14":"shipping-taxable","15":"product-type-simple"},"acf":[],"_links":{"self":[{"href":"https:\/\/www.polymex.com.tr\/en\/wp-json\/wp\/v2\/product\/5147","targetHints":{"allow":["GET"]}}],"collection":[{"href":"https:\/\/www.polymex.com.tr\/en\/wp-json\/wp\/v2\/product"}],"about":[{"href":"https:\/\/www.polymex.com.tr\/en\/wp-json\/wp\/v2\/types\/product"}],"replies":[{"embeddable":true,"href":"https:\/\/www.polymex.com.tr\/en\/wp-json\/wp\/v2\/comments?post=5147"}],"version-history":[{"count":0,"href":"https:\/\/www.polymex.com.tr\/en\/wp-json\/wp\/v2\/product\/5147\/revisions"}],"wp:featuredmedia":[{"embeddable":true,"href":"https:\/\/www.polymex.com.tr\/en\/wp-json\/wp\/v2\/media\/7275"}],"wp:attachment":[{"href":"https:\/\/www.polymex.com.tr\/en\/wp-json\/wp\/v2\/media?parent=5147"}],"wp:term":[{"taxonomy":"product_brand","embeddable":true,"href":"https:\/\/www.polymex.com.tr\/en\/wp-json\/wp\/v2\/product_brand?post=5147"},{"taxonomy":"product_cat","embeddable":true,"href":"https:\/\/www.polymex.com.tr\/en\/wp-json\/wp\/v2\/product_cat?post=5147"},{"taxonomy":"product_tag","embeddable":true,"href":"https:\/\/www.polymex.com.tr\/en\/wp-json\/wp\/v2\/product_tag?post=5147"}],"curies":[{"name":"wp","href":"https:\/\/api.w.org\/{rel}","templated":true}]}}