{"id":5114,"date":"2022-02-03T15:43:04","date_gmt":"2022-02-03T12:43:04","guid":{"rendered":"https:\/\/polymex.com.tr\/?post_type=product&#038;p=5114"},"modified":"2025-06-02T23:17:50","modified_gmt":"2025-06-02T20:17:50","slug":"polymex-p-4001-poliuretan-kaydirmaz-zemin-kaplamasi","status":"publish","type":"product","link":"https:\/\/www.polymex.com.tr\/en\/product-2\/polymex-p-4001-poliuretan-kaydirmaz-zemin-kaplamasi\/","title":{"rendered":"Polymex P-4001 Polyurethane Anti-Slip Floor Coating"},"content":{"rendered":"Farkl\u0131 mikronlarda ki silis kumu veya agrega ile kar\u0131\u015ft\u0131r\u0131larak kullan\u0131lan standart zeminlere g\u00f6re mukavemeti daha y\u00fcksek yap\u0131\u015fma g\u00fcc\u00fc y\u00fcksek olan poli\u00fcretan kayd\u0131rmaz zemin malzemesidir.","protected":false},"excerpt":{"rendered":"<p>Kayd\u0131rmaz zemin kaplamas\u0131, \u00e7ift komponentli, solventsiz, renkli, \u015feffaf poli\u00fcretan esasl\u0131, nem d\u00fc\u015f\u00fcr\u00fcc\u00fc \u00f6zelli\u011fi olan poli\u00fcretan kayd\u0131rmaz zemin kaplamas\u0131d\u0131r.<\/p>","protected":false},"featured_media":7311,"comment_status":"open","ping_status":"closed","template":"","meta":{"_acf_changed":false},"product_brand":[],"product_cat":[62],"product_tag":[315,314,107,316],"class_list":{"0":"post-5114","1":"product","2":"type-product","3":"status-publish","4":"has-post-thumbnail","6":"product_cat-poliuretan-zemin-kaplamalari","7":"product_tag-kaydirmaz-zemin","8":"product_tag-p-4001","9":"product_tag-poliuretan","10":"product_tag-zemin-kaplamasi","12":"first","13":"instock","14":"taxable","15":"shipping-taxable","16":"product-type-simple"},"acf":[],"_links":{"self":[{"href":"https:\/\/www.polymex.com.tr\/en\/wp-json\/wp\/v2\/product\/5114","targetHints":{"allow":["GET"]}}],"collection":[{"href":"https:\/\/www.polymex.com.tr\/en\/wp-json\/wp\/v2\/product"}],"about":[{"href":"https:\/\/www.polymex.com.tr\/en\/wp-json\/wp\/v2\/types\/product"}],"replies":[{"embeddable":true,"href":"https:\/\/www.polymex.com.tr\/en\/wp-json\/wp\/v2\/comments?post=5114"}],"version-history":[{"count":0,"href":"https:\/\/www.polymex.com.tr\/en\/wp-json\/wp\/v2\/product\/5114\/revisions"}],"wp:featuredmedia":[{"embeddable":true,"href":"https:\/\/www.polymex.com.tr\/en\/wp-json\/wp\/v2\/media\/7311"}],"wp:attachment":[{"href":"https:\/\/www.polymex.com.tr\/en\/wp-json\/wp\/v2\/media?parent=5114"}],"wp:term":[{"taxonomy":"product_brand","embeddable":true,"href":"https:\/\/www.polymex.com.tr\/en\/wp-json\/wp\/v2\/product_brand?post=5114"},{"taxonomy":"product_cat","embeddable":true,"href":"https:\/\/www.polymex.com.tr\/en\/wp-json\/wp\/v2\/product_cat?post=5114"},{"taxonomy":"product_tag","embeddable":true,"href":"https:\/\/www.polymex.com.tr\/en\/wp-json\/wp\/v2\/product_tag?post=5114"}],"curies":[{"name":"wp","href":"https:\/\/api.w.org\/{rel}","templated":true}]}}