{"id":5061,"date":"2022-02-03T14:57:15","date_gmt":"2022-02-03T11:57:15","guid":{"rendered":"https:\/\/polymex.com.tr\/?post_type=product&#038;p=5061"},"modified":"2026-01-23T17:52:00","modified_gmt":"2026-01-23T14:52:00","slug":"polymex-p-3020-tiksotropik-elektrik-dokum-recinesi","status":"publish","type":"product","link":"https:\/\/www.polymex.com.tr\/en\/product-2\/polymex-p-3020-tiksotropik-elektrik-dokum-recinesi\/","title":{"rendered":"Polymex P-3020 Thixotropic Electric Casting Resin"},"content":{"rendered":"","protected":false},"excerpt":{"rendered":"<p>Tiksotropik,\u00a0 iki komponentli, solvent ihtiva etmeyen, poli\u00fcretan esasl\u0131 tiksotropik elektrik izolasyon ve d\u00f6k\u00fcm re\u00e7inesidir.<\/p>","protected":false},"featured_media":7253,"comment_status":"open","ping_status":"closed","template":"","meta":{"_acf_changed":false},"product_brand":[],"product_cat":[57,518],"product_tag":[282,283,284],"class_list":{"0":"post-5061","1":"product","2":"type-product","3":"status-publish","4":"has-post-thumbnail","6":"product_cat-elektrik-izolasyon-ve-dokum-recineleri","7":"product_cat-epoksi-poliuretan-dokum-recineleri","8":"product_tag-elektrik-dokum-recinesi","9":"product_tag-p-3020","10":"product_tag-tiksotropik","12":"first","13":"instock","14":"taxable","15":"shipping-taxable","16":"product-type-simple"},"acf":[],"_links":{"self":[{"href":"https:\/\/www.polymex.com.tr\/en\/wp-json\/wp\/v2\/product\/5061","targetHints":{"allow":["GET"]}}],"collection":[{"href":"https:\/\/www.polymex.com.tr\/en\/wp-json\/wp\/v2\/product"}],"about":[{"href":"https:\/\/www.polymex.com.tr\/en\/wp-json\/wp\/v2\/types\/product"}],"replies":[{"embeddable":true,"href":"https:\/\/www.polymex.com.tr\/en\/wp-json\/wp\/v2\/comments?post=5061"}],"version-history":[{"count":1,"href":"https:\/\/www.polymex.com.tr\/en\/wp-json\/wp\/v2\/product\/5061\/revisions"}],"predecessor-version":[{"id":8005,"href":"https:\/\/www.polymex.com.tr\/en\/wp-json\/wp\/v2\/product\/5061\/revisions\/8005"}],"wp:featuredmedia":[{"embeddable":true,"href":"https:\/\/www.polymex.com.tr\/en\/wp-json\/wp\/v2\/media\/7253"}],"wp:attachment":[{"href":"https:\/\/www.polymex.com.tr\/en\/wp-json\/wp\/v2\/media?parent=5061"}],"wp:term":[{"taxonomy":"product_brand","embeddable":true,"href":"https:\/\/www.polymex.com.tr\/en\/wp-json\/wp\/v2\/product_brand?post=5061"},{"taxonomy":"product_cat","embeddable":true,"href":"https:\/\/www.polymex.com.tr\/en\/wp-json\/wp\/v2\/product_cat?post=5061"},{"taxonomy":"product_tag","embeddable":true,"href":"https:\/\/www.polymex.com.tr\/en\/wp-json\/wp\/v2\/product_tag?post=5061"}],"curies":[{"name":"wp","href":"https:\/\/api.w.org\/{rel}","templated":true}]}}