{"id":5037,"date":"2022-02-03T14:07:55","date_gmt":"2022-02-03T11:07:55","guid":{"rendered":"https:\/\/polymex.com.tr\/?post_type=product&#038;p=5037"},"modified":"2025-06-02T23:17:51","modified_gmt":"2025-06-02T20:17:51","slug":"polymex-p-2012-cift-bilesenli-yol-cizgi-boyasi","status":"publish","type":"product","link":"https:\/\/www.polymex.com.tr\/en\/product-2\/polymex-p-2012-cift-bilesenli-yol-cizgi-boyasi\/","title":{"rendered":"Polymex P-2012 \u00c7ift Bile\u015fenli Yol \u00c7izgi Boyas\u0131"},"content":{"rendered":"","protected":false},"excerpt":{"rendered":"<p>Polymex-2012; Akrilik esasl\u0131 yol \u00e7izgi boyas\u0131d\u0131r. Termoplastik akrilik re\u00e7ine\u00a0esasl\u0131, iki bile\u015fenli mat- parlak g\u00f6r\u00fcn\u00fcml\u00fc\u00a0 solvent bazl\u0131 yol \u00e7izgi boyas\u0131d\u0131r.<\/p>","protected":false},"featured_media":7358,"comment_status":"open","ping_status":"closed","template":"","meta":{"_acf_changed":false},"product_brand":[],"product_cat":[65,468],"product_tag":[271,256],"class_list":{"0":"post-5037","1":"product","2":"type-product","3":"status-publish","4":"has-post-thumbnail","6":"product_cat-uv-dayanikli-boyalar","7":"product_cat-yol-cizgi-boyalari","8":"product_tag-p-2012","9":"product_tag-yol-cizgi-boyasi","11":"first","12":"instock","13":"taxable","14":"shipping-taxable","15":"product-type-simple"},"acf":[],"_links":{"self":[{"href":"https:\/\/www.polymex.com.tr\/en\/wp-json\/wp\/v2\/product\/5037","targetHints":{"allow":["GET"]}}],"collection":[{"href":"https:\/\/www.polymex.com.tr\/en\/wp-json\/wp\/v2\/product"}],"about":[{"href":"https:\/\/www.polymex.com.tr\/en\/wp-json\/wp\/v2\/types\/product"}],"replies":[{"embeddable":true,"href":"https:\/\/www.polymex.com.tr\/en\/wp-json\/wp\/v2\/comments?post=5037"}],"version-history":[{"count":0,"href":"https:\/\/www.polymex.com.tr\/en\/wp-json\/wp\/v2\/product\/5037\/revisions"}],"wp:featuredmedia":[{"embeddable":true,"href":"https:\/\/www.polymex.com.tr\/en\/wp-json\/wp\/v2\/media\/7358"}],"wp:attachment":[{"href":"https:\/\/www.polymex.com.tr\/en\/wp-json\/wp\/v2\/media?parent=5037"}],"wp:term":[{"taxonomy":"product_brand","embeddable":true,"href":"https:\/\/www.polymex.com.tr\/en\/wp-json\/wp\/v2\/product_brand?post=5037"},{"taxonomy":"product_cat","embeddable":true,"href":"https:\/\/www.polymex.com.tr\/en\/wp-json\/wp\/v2\/product_cat?post=5037"},{"taxonomy":"product_tag","embeddable":true,"href":"https:\/\/www.polymex.com.tr\/en\/wp-json\/wp\/v2\/product_tag?post=5037"}],"curies":[{"name":"wp","href":"https:\/\/api.w.org\/{rel}","templated":true}]}}