{"id":5034,"date":"2022-02-03T14:05:09","date_gmt":"2022-02-03T11:05:09","guid":{"rendered":"https:\/\/polymex.com.tr\/?post_type=product&#038;p=5034"},"modified":"2025-06-02T23:17:51","modified_gmt":"2025-06-02T20:17:51","slug":"polymex-p-2011-klor-kaucuk-esasli-bordur-boyasi","status":"publish","type":"product","link":"https:\/\/www.polymex.com.tr\/en\/product-2\/polymex-p-2011-klor-kaucuk-esasli-bordur-boyasi\/","title":{"rendered":"Polymex P-2011 Chlorinated Rubber Based Border Paint"},"content":{"rendered":"","protected":false},"excerpt":{"rendered":"<p>Polymex-2011; yol bord\u00fcr boyas\u0131d\u0131r. Stiren Alkid esasl\u0131, klor kau\u00e7uk modifiyeli, mat g\u00f6r\u00fcn\u00fcml\u00fc so\u011fuk uygulamal\u0131 yol kenar\u0131\u00a0bord\u00fcr i\u015faretleme boyas\u0131d\u0131r.<\/p>","protected":false},"featured_media":6683,"comment_status":"open","ping_status":"closed","template":"","meta":{"_acf_changed":false},"product_brand":[],"product_cat":[65,468],"product_tag":[268,270,269],"class_list":{"0":"post-5034","1":"product","2":"type-product","3":"status-publish","4":"has-post-thumbnail","6":"product_cat-uv-dayanikli-boyalar","7":"product_cat-yol-cizgi-boyalari","8":"product_tag-bordur-boyasi","9":"product_tag-klor-kaucuk","10":"product_tag-p-2011","12":"first","13":"instock","14":"taxable","15":"shipping-taxable","16":"product-type-simple"},"acf":[],"_links":{"self":[{"href":"https:\/\/www.polymex.com.tr\/en\/wp-json\/wp\/v2\/product\/5034","targetHints":{"allow":["GET"]}}],"collection":[{"href":"https:\/\/www.polymex.com.tr\/en\/wp-json\/wp\/v2\/product"}],"about":[{"href":"https:\/\/www.polymex.com.tr\/en\/wp-json\/wp\/v2\/types\/product"}],"replies":[{"embeddable":true,"href":"https:\/\/www.polymex.com.tr\/en\/wp-json\/wp\/v2\/comments?post=5034"}],"version-history":[{"count":0,"href":"https:\/\/www.polymex.com.tr\/en\/wp-json\/wp\/v2\/product\/5034\/revisions"}],"wp:featuredmedia":[{"embeddable":true,"href":"https:\/\/www.polymex.com.tr\/en\/wp-json\/wp\/v2\/media\/6683"}],"wp:attachment":[{"href":"https:\/\/www.polymex.com.tr\/en\/wp-json\/wp\/v2\/media?parent=5034"}],"wp:term":[{"taxonomy":"product_brand","embeddable":true,"href":"https:\/\/www.polymex.com.tr\/en\/wp-json\/wp\/v2\/product_brand?post=5034"},{"taxonomy":"product_cat","embeddable":true,"href":"https:\/\/www.polymex.com.tr\/en\/wp-json\/wp\/v2\/product_cat?post=5034"},{"taxonomy":"product_tag","embeddable":true,"href":"https:\/\/www.polymex.com.tr\/en\/wp-json\/wp\/v2\/product_tag?post=5034"}],"curies":[{"name":"wp","href":"https:\/\/api.w.org\/{rel}","templated":true}]}}