{"id":4990,"date":"2022-02-03T12:54:03","date_gmt":"2022-02-03T09:54:03","guid":{"rendered":"https:\/\/polymex.com.tr\/?post_type=product&#038;p=4990"},"modified":"2025-06-02T23:17:51","modified_gmt":"2025-06-02T20:17:51","slug":"polymex-p-1027-nem-paint-nem-boyasi","status":"publish","type":"product","link":"https:\/\/www.polymex.com.tr\/en\/product-2\/polymex-p-1027-nem-paint-nem-boyasi\/","title":{"rendered":"Polymex P-1027 Moisture Paint Moisture Paint"},"content":{"rendered":"POLYMEX NEM PAINT NEM BOYASI her t\u00fcrl\u00fc y\u00fczeye sorunsuzca yap\u0131\u015f\u0131r ve kesinlikle kabarma yapmaz. \u0130zolasyon ve Nem Boyas\u0131","protected":false},"excerpt":{"rendered":"<p>Polymex-1027-Insulation and Moisture Paint Paint and coating material formulated with special chemicals that prevents the formation of bacteria on the surface due to moisture, mold and dampness on interior and exterior facades.<\/p>","protected":false},"featured_media":6652,"comment_status":"open","ping_status":"closed","template":"","meta":{"_acf_changed":false},"product_brand":[],"product_cat":[64],"product_tag":[244,243],"class_list":{"0":"post-4990","1":"product","2":"type-product","3":"status-publish","4":"has-post-thumbnail","6":"product_cat-su-izolasyon-ve-yalitim-malzemeleri","7":"product_tag-nem-boyasi","8":"product_tag-p-1027","10":"first","11":"instock","12":"taxable","13":"shipping-taxable","14":"product-type-simple"},"acf":[],"_links":{"self":[{"href":"https:\/\/www.polymex.com.tr\/en\/wp-json\/wp\/v2\/product\/4990","targetHints":{"allow":["GET"]}}],"collection":[{"href":"https:\/\/www.polymex.com.tr\/en\/wp-json\/wp\/v2\/product"}],"about":[{"href":"https:\/\/www.polymex.com.tr\/en\/wp-json\/wp\/v2\/types\/product"}],"replies":[{"embeddable":true,"href":"https:\/\/www.polymex.com.tr\/en\/wp-json\/wp\/v2\/comments?post=4990"}],"version-history":[{"count":0,"href":"https:\/\/www.polymex.com.tr\/en\/wp-json\/wp\/v2\/product\/4990\/revisions"}],"wp:featuredmedia":[{"embeddable":true,"href":"https:\/\/www.polymex.com.tr\/en\/wp-json\/wp\/v2\/media\/6652"}],"wp:attachment":[{"href":"https:\/\/www.polymex.com.tr\/en\/wp-json\/wp\/v2\/media?parent=4990"}],"wp:term":[{"taxonomy":"product_brand","embeddable":true,"href":"https:\/\/www.polymex.com.tr\/en\/wp-json\/wp\/v2\/product_brand?post=4990"},{"taxonomy":"product_cat","embeddable":true,"href":"https:\/\/www.polymex.com.tr\/en\/wp-json\/wp\/v2\/product_cat?post=4990"},{"taxonomy":"product_tag","embeddable":true,"href":"https:\/\/www.polymex.com.tr\/en\/wp-json\/wp\/v2\/product_tag?post=4990"}],"curies":[{"name":"wp","href":"https:\/\/api.w.org\/{rel}","templated":true}]}}