{"id":4974,"date":"2022-02-03T12:37:03","date_gmt":"2022-02-03T09:37:03","guid":{"rendered":"https:\/\/polymex.com.tr\/?post_type=product&#038;p=4974"},"modified":"2025-06-02T23:17:52","modified_gmt":"2025-06-02T20:17:52","slug":"polymex-p-1021-poliuretan-su-izolasyon-mebrani","status":"publish","type":"product","link":"https:\/\/www.polymex.com.tr\/en\/product-2\/polymex-p-1021-poliuretan-su-izolasyon-mebrani\/","title":{"rendered":"Polymex P-1021 Polyurethane Waterproofing Adhesive"},"content":{"rendered":"Zemine temas ve \u00e7ift kar\u0131\u015f\u0131mla birlikte reaksiyon koruyucu\u00a0etkisini g\u00f6stermektedir.","protected":false},"excerpt":{"rendered":"<p>Polyurethane Waterproofing Membrane Liquid applied, highly impermeable, elastic, cold applied and cold used, two component polyurethane waterproofing membrane for long lasting waterproofing.<\/p>","protected":false},"featured_media":7344,"comment_status":"open","ping_status":"closed","template":"","meta":{"_acf_changed":false},"product_brand":[],"product_cat":[64],"product_tag":[237,107,110],"class_list":{"0":"post-4974","1":"product","2":"type-product","3":"status-publish","4":"has-post-thumbnail","6":"product_cat-su-izolasyon-ve-yalitim-malzemeleri","7":"product_tag-p-1021","8":"product_tag-poliuretan","9":"product_tag-su-izolasyon","11":"first","12":"instock","13":"taxable","14":"shipping-taxable","15":"product-type-simple"},"acf":[],"_links":{"self":[{"href":"https:\/\/www.polymex.com.tr\/en\/wp-json\/wp\/v2\/product\/4974","targetHints":{"allow":["GET"]}}],"collection":[{"href":"https:\/\/www.polymex.com.tr\/en\/wp-json\/wp\/v2\/product"}],"about":[{"href":"https:\/\/www.polymex.com.tr\/en\/wp-json\/wp\/v2\/types\/product"}],"replies":[{"embeddable":true,"href":"https:\/\/www.polymex.com.tr\/en\/wp-json\/wp\/v2\/comments?post=4974"}],"version-history":[{"count":0,"href":"https:\/\/www.polymex.com.tr\/en\/wp-json\/wp\/v2\/product\/4974\/revisions"}],"wp:featuredmedia":[{"embeddable":true,"href":"https:\/\/www.polymex.com.tr\/en\/wp-json\/wp\/v2\/media\/7344"}],"wp:attachment":[{"href":"https:\/\/www.polymex.com.tr\/en\/wp-json\/wp\/v2\/media?parent=4974"}],"wp:term":[{"taxonomy":"product_brand","embeddable":true,"href":"https:\/\/www.polymex.com.tr\/en\/wp-json\/wp\/v2\/product_brand?post=4974"},{"taxonomy":"product_cat","embeddable":true,"href":"https:\/\/www.polymex.com.tr\/en\/wp-json\/wp\/v2\/product_cat?post=4974"},{"taxonomy":"product_tag","embeddable":true,"href":"https:\/\/www.polymex.com.tr\/en\/wp-json\/wp\/v2\/product_tag?post=4974"}],"curies":[{"name":"wp","href":"https:\/\/api.w.org\/{rel}","templated":true}]}}