{"id":4956,"date":"2022-02-03T12:15:56","date_gmt":"2022-02-03T09:15:56","guid":{"rendered":"https:\/\/polymex.com.tr\/?post_type=product&#038;p=4956"},"modified":"2025-06-02T23:17:52","modified_gmt":"2025-06-02T20:17:52","slug":"polymex-p-1014-tek-bilesenli-izolasyon-malzemesi","status":"publish","type":"product","link":"https:\/\/www.polymex.com.tr\/en\/product-2\/polymex-p-1014-tek-bilesenli-izolasyon-malzemesi\/","title":{"rendered":"Polymex P-1014 Single Component Insulation Material"},"content":{"rendered":"Polymex-1014; e\u015fsiz bir bak\u0131m sistemi (nemleme\u00a0tetikleyici) kullanmaktad\u0131r ve di\u011fer benzer sistemlerin aksine nemle tepkime\u00a0\u00a0g\u00f6stermez (nem bak\u0131ml\u0131) ve baloncuk kesinlikle olu\u015fturmaz.","protected":false},"excerpt":{"rendered":"<p>It is a transparent, one-component aliphatic polyurethane, high hardness coating material used for long-lasting waterproofing.<\/p>","protected":false},"featured_media":6623,"comment_status":"open","ping_status":"closed","template":"","meta":{"_acf_changed":false},"product_brand":[],"product_cat":[64],"product_tag":[226,225],"class_list":{"0":"post-4956","1":"product","2":"type-product","3":"status-publish","4":"has-post-thumbnail","6":"product_cat-su-izolasyon-ve-yalitim-malzemeleri","7":"product_tag-izolasyon-malzemesi","8":"product_tag-p-1014","10":"first","11":"instock","12":"taxable","13":"shipping-taxable","14":"product-type-simple"},"acf":[],"_links":{"self":[{"href":"https:\/\/www.polymex.com.tr\/en\/wp-json\/wp\/v2\/product\/4956","targetHints":{"allow":["GET"]}}],"collection":[{"href":"https:\/\/www.polymex.com.tr\/en\/wp-json\/wp\/v2\/product"}],"about":[{"href":"https:\/\/www.polymex.com.tr\/en\/wp-json\/wp\/v2\/types\/product"}],"replies":[{"embeddable":true,"href":"https:\/\/www.polymex.com.tr\/en\/wp-json\/wp\/v2\/comments?post=4956"}],"version-history":[{"count":0,"href":"https:\/\/www.polymex.com.tr\/en\/wp-json\/wp\/v2\/product\/4956\/revisions"}],"wp:featuredmedia":[{"embeddable":true,"href":"https:\/\/www.polymex.com.tr\/en\/wp-json\/wp\/v2\/media\/6623"}],"wp:attachment":[{"href":"https:\/\/www.polymex.com.tr\/en\/wp-json\/wp\/v2\/media?parent=4956"}],"wp:term":[{"taxonomy":"product_brand","embeddable":true,"href":"https:\/\/www.polymex.com.tr\/en\/wp-json\/wp\/v2\/product_brand?post=4956"},{"taxonomy":"product_cat","embeddable":true,"href":"https:\/\/www.polymex.com.tr\/en\/wp-json\/wp\/v2\/product_cat?post=4956"},{"taxonomy":"product_tag","embeddable":true,"href":"https:\/\/www.polymex.com.tr\/en\/wp-json\/wp\/v2\/product_tag?post=4956"}],"curies":[{"name":"wp","href":"https:\/\/api.w.org\/{rel}","templated":true}]}}